{"id":161,"date":"2018-04-17T16:18:40","date_gmt":"2018-04-17T16:18:40","guid":{"rendered":"http:\/\/learningforlivingtogether.conform.it\/?page_id=161"},"modified":"2018-04-27T15:35:59","modified_gmt":"2018-04-27T15:35:59","slug":"radosas-iniciativas-centrs","status":"publish","type":"page","link":"https:\/\/learningforlivingtogether.conform.it\/en\/the-partnership\/radosas-iniciativas-centrs\/","title":{"rendered":"RADOSAS INICIATIVAS CENTRS (LV)"},"content":{"rendered":"<section class=\"wpb-content-wrapper\"><p>[vc_row full_width=&#8221;stretch_row&#8221; css=&#8221;.vc_custom_1523978835207{background-position: center !important;background-repeat: no-repeat !important;background-size: cover !important;}&#8221;][vc_column][\/vc_column][\/vc_row][vc_row][vc_column width=&#8221;5\/12&#8243;][vc_single_image image=&#8221;163&#8243; img_size=&#8221;full&#8221; alignment=&#8221;center&#8221; css_animation=&#8221;bounceInDown&#8221;][vc_row_inner][vc_column_inner][vc_separator color=&#8221;custom&#8221; border_width=&#8221;4&#8243; el_width=&#8221;50&#8243; css_animation=&#8221;bounceInLeft&#8221; accent_color=&#8221;#f9b233&#8243;][vc_column_text]<\/p>\n<h2 style=\"text-align: center;\"><span style=\"color: #999999;\"><a class=\"btn_sito\" style=\"color: #999999;\" href=\"http:\/\/www.ric.org.lv\/\" target=\"_blank\" rel=\"noopener\">website<\/a><\/span><\/h2>\n<p>[\/vc_column_text][\/vc_column_inner][\/vc_row_inner][\/vc_column][vc_column width=&#8221;7\/12&#8243;][vc_column_text]<\/p>\n<p style=\"text-align: justify;\"><strong>NGO &#8220;Rado\u0161\u0101s iniciat\u012bvas centrs\u201d<\/strong> (RIC, in English &#8211; Creative Initiative Center) was founded in the year 2007 with the mission of encouraging people to express their creativity and to give them motivation and aims of personal growth by developing their creative initiative. RIC was set with the aim of promoting social integration and personal development. RIC also helps to improve the standards and quality of life within the local community. Presently RIC is an NGO with charity status working in the fields of charity, development of civic society, welfare and education and disadvantaged communities. RIC pro actively works with social risk target groups including the migrant community and for the last several years, their activities has been concentrated on educational activities for low-income families, families at risk including the migrant community.<\/p>\n<p style=\"text-align: justify;\">RIC has been active in the field of adult education (and training of adult educators) since its foundation in 2007. RIC offers multilingual education to the target group, so participants of different ethnical background are being involved in groups. During the educational process the language barrier disappears, as artistic expression is becoming the primary language in joint creative activities. Creativity in our case is a powerful tool for successful integration of individuals.<\/p>\n<p style=\"text-align: justify;\">The organisation has been active in the field of social inclusion and integration. It provides a variety of activities for a diverse range of target groups &#8211; families at risk, youth, people with disabilities &#8211; employing creative methods. The activities aim at strengthening self-awareness and self-reliance of individuals, as well as providing them with practical skills that foster their employability. RIC has also been educating social workers on use of art therapy methods for empowering individuals.<\/p>\n<p>[\/vc_column_text][\/vc_column][\/vc_row][vc_row][vc_column][\/vc_column][\/vc_row]<\/p>\n<\/section>","protected":false},"excerpt":{"rendered":"<p>[vc_row full_width=&#8221;stretch_row&#8221; css=&#8221;.vc_custom_1523978835207{background-position: center !important;background-repeat: no-repeat !important;background-size: cover !important;}&#8221;][vc_column][\/vc_column][\/vc_row][vc_row][vc_column width=&#8221;5\/12&#8243;][vc_single_image image=&#8221;163&#8243; img_size=&#8221;full&#8221; alignment=&#8221;center&#8221; css_animation=&#8221;bounceInDown&#8221;][vc_row_inner][vc_column_inner][vc_separator color=&#8221;custom&#8221; border_width=&#8221;4&#8243; el_width=&#8221;50&#8243; css_animation=&#8221;bounceInLeft&#8221; accent_color=&#8221;#f9b233&#8243;][vc_column_text] website [\/vc_column_text][\/vc_column_inner][\/vc_row_inner][\/vc_column][vc_column width=&#8221;7\/12&#8243;][vc_column_text] NGO &#8220;Rado\u0161\u0101s iniciat\u012bvas centrs\u201d (RIC, in English &#8211; Creative Initiative Center) was founded in the year 2007 with the mission of encouraging people to express their creativity and to give them motivation and [&hellip;]<\/p>\n","protected":false},"author":3,"featured_media":0,"parent":108,"menu_order":0,"comment_status":"closed","ping_status":"closed","template":"","meta":[],"yoast_head":"<!-- This site is optimized with the Yoast SEO plugin v20.1 - https:\/\/yoast.com\/wordpress\/plugins\/seo\/ -->\n<title>RADOSAS INICIATIVAS CENTRS (LV) - LEARNING FOR LIVING TOGETHER<\/title>\n<meta name=\"robots\" content=\"index, follow, max-snippet:-1, max-image-preview:large, max-video-preview:-1\" \/>\n<link rel=\"canonical\" href=\"https:\/\/learningforlivingtogether.conform.it\/en\/the-partnership\/radosas-iniciativas-centrs\/\" \/>\n<meta property=\"og:locale\" content=\"en_US\" \/>\n<meta property=\"og:type\" content=\"article\" \/>\n<meta property=\"og:title\" content=\"RADOSAS INICIATIVAS CENTRS (LV) - LEARNING FOR LIVING TOGETHER\" \/>\n<meta property=\"og:description\" content=\"[vc_row full_width=&#8221;stretch_row&#8221; css=&#8221;.vc_custom_1523978835207{background-position: center !important;background-repeat: no-repeat !important;background-size: cover !important;}&#8221;][vc_column][\/vc_column][\/vc_row][vc_row][vc_column width=&#8221;5\/12&#8243;][vc_single_image image=&#8221;163&#8243; img_size=&#8221;full&#8221; alignment=&#8221;center&#8221; css_animation=&#8221;bounceInDown&#8221;][vc_row_inner][vc_column_inner][vc_separator color=&#8221;custom&#8221; border_width=&#8221;4&#8243; el_width=&#8221;50&#8243; css_animation=&#8221;bounceInLeft&#8221; accent_color=&#8221;#f9b233&#8243;][vc_column_text] website [\/vc_column_text][\/vc_column_inner][\/vc_row_inner][\/vc_column][vc_column width=&#8221;7\/12&#8243;][vc_column_text] NGO &#8220;Rado\u0161\u0101s iniciat\u012bvas centrs\u201d (RIC, in English &#8211; Creative Initiative Center) was founded in the year 2007 with the mission of encouraging people to express their creativity and to give them motivation and [&hellip;]\" \/>\n<meta property=\"og:url\" content=\"https:\/\/learningforlivingtogether.conform.it\/en\/the-partnership\/radosas-iniciativas-centrs\/\" \/>\n<meta property=\"og:site_name\" content=\"LEARNING FOR LIVING TOGETHER\" \/>\n<meta property=\"article:modified_time\" content=\"2018-04-27T15:35:59+00:00\" \/>\n<meta name=\"twitter:card\" content=\"summary_large_image\" \/>\n<meta name=\"twitter:label1\" content=\"Est. reading time\" \/>\n\t<meta name=\"twitter:data1\" content=\"2 minutes\" \/>\n<script type=\"application\/ld+json\" class=\"yoast-schema-graph\">{\"@context\":\"https:\/\/schema.org\",\"@graph\":[{\"@type\":\"WebPage\",\"@id\":\"https:\/\/learningforlivingtogether.conform.it\/en\/the-partnership\/radosas-iniciativas-centrs\/\",\"url\":\"https:\/\/learningforlivingtogether.conform.it\/en\/the-partnership\/radosas-iniciativas-centrs\/\",\"name\":\"RADOSAS INICIATIVAS CENTRS (LV) - LEARNING FOR LIVING TOGETHER\",\"isPartOf\":{\"@id\":\"https:\/\/learningforlivingtogether.conform.it\/#website\"},\"datePublished\":\"2018-04-17T16:18:40+00:00\",\"dateModified\":\"2018-04-27T15:35:59+00:00\",\"breadcrumb\":{\"@id\":\"https:\/\/learningforlivingtogether.conform.it\/en\/the-partnership\/radosas-iniciativas-centrs\/#breadcrumb\"},\"inLanguage\":\"en-US\",\"potentialAction\":[{\"@type\":\"ReadAction\",\"target\":[\"https:\/\/learningforlivingtogether.conform.it\/en\/the-partnership\/radosas-iniciativas-centrs\/\"]}]},{\"@type\":\"BreadcrumbList\",\"@id\":\"https:\/\/learningforlivingtogether.conform.it\/en\/the-partnership\/radosas-iniciativas-centrs\/#breadcrumb\",\"itemListElement\":[{\"@type\":\"ListItem\",\"position\":1,\"name\":\"Home\",\"item\":\"https:\/\/learningforlivingtogether.conform.it\/en\/\"},{\"@type\":\"ListItem\",\"position\":2,\"name\":\"THE PARTNERSHIP\",\"item\":\"https:\/\/learningforlivingtogether.conform.it\/en\/the-partnership\/\"},{\"@type\":\"ListItem\",\"position\":3,\"name\":\"RADOSAS INICIATIVAS CENTRS (LV)\"}]},{\"@type\":\"WebSite\",\"@id\":\"https:\/\/learningforlivingtogether.conform.it\/#website\",\"url\":\"https:\/\/learningforlivingtogether.conform.it\/\",\"name\":\"LEARNING FOR LIVING TOGETHER\",\"description\":\"Erasmus+ Project\",\"potentialAction\":[{\"@type\":\"SearchAction\",\"target\":{\"@type\":\"EntryPoint\",\"urlTemplate\":\"https:\/\/learningforlivingtogether.conform.it\/?s={search_term_string}\"},\"query-input\":\"required name=search_term_string\"}],\"inLanguage\":\"en-US\"}]}<\/script>\n<!-- \/ Yoast SEO plugin. -->","yoast_head_json":{"title":"RADOSAS INICIATIVAS CENTRS (LV) - LEARNING FOR LIVING TOGETHER","robots":{"index":"index","follow":"follow","max-snippet":"max-snippet:-1","max-image-preview":"max-image-preview:large","max-video-preview":"max-video-preview:-1"},"canonical":"https:\/\/learningforlivingtogether.conform.it\/en\/the-partnership\/radosas-iniciativas-centrs\/","og_locale":"en_US","og_type":"article","og_title":"RADOSAS INICIATIVAS CENTRS (LV) - LEARNING FOR LIVING TOGETHER","og_description":"[vc_row full_width=&#8221;stretch_row&#8221; css=&#8221;.vc_custom_1523978835207{background-position: center !important;background-repeat: no-repeat !important;background-size: cover !important;}&#8221;][vc_column][\/vc_column][\/vc_row][vc_row][vc_column width=&#8221;5\/12&#8243;][vc_single_image image=&#8221;163&#8243; img_size=&#8221;full&#8221; alignment=&#8221;center&#8221; css_animation=&#8221;bounceInDown&#8221;][vc_row_inner][vc_column_inner][vc_separator color=&#8221;custom&#8221; border_width=&#8221;4&#8243; el_width=&#8221;50&#8243; css_animation=&#8221;bounceInLeft&#8221; accent_color=&#8221;#f9b233&#8243;][vc_column_text] website [\/vc_column_text][\/vc_column_inner][\/vc_row_inner][\/vc_column][vc_column width=&#8221;7\/12&#8243;][vc_column_text] NGO &#8220;Rado\u0161\u0101s iniciat\u012bvas centrs\u201d (RIC, in English &#8211; Creative Initiative Center) was founded in the year 2007 with the mission of encouraging people to express their creativity and to give them motivation and [&hellip;]","og_url":"https:\/\/learningforlivingtogether.conform.it\/en\/the-partnership\/radosas-iniciativas-centrs\/","og_site_name":"LEARNING FOR LIVING TOGETHER","article_modified_time":"2018-04-27T15:35:59+00:00","twitter_card":"summary_large_image","twitter_misc":{"Est. reading time":"2 minutes"},"schema":{"@context":"https:\/\/schema.org","@graph":[{"@type":"WebPage","@id":"https:\/\/learningforlivingtogether.conform.it\/en\/the-partnership\/radosas-iniciativas-centrs\/","url":"https:\/\/learningforlivingtogether.conform.it\/en\/the-partnership\/radosas-iniciativas-centrs\/","name":"RADOSAS INICIATIVAS CENTRS (LV) - LEARNING FOR LIVING TOGETHER","isPartOf":{"@id":"https:\/\/learningforlivingtogether.conform.it\/#website"},"datePublished":"2018-04-17T16:18:40+00:00","dateModified":"2018-04-27T15:35:59+00:00","breadcrumb":{"@id":"https:\/\/learningforlivingtogether.conform.it\/en\/the-partnership\/radosas-iniciativas-centrs\/#breadcrumb"},"inLanguage":"en-US","potentialAction":[{"@type":"ReadAction","target":["https:\/\/learningforlivingtogether.conform.it\/en\/the-partnership\/radosas-iniciativas-centrs\/"]}]},{"@type":"BreadcrumbList","@id":"https:\/\/learningforlivingtogether.conform.it\/en\/the-partnership\/radosas-iniciativas-centrs\/#breadcrumb","itemListElement":[{"@type":"ListItem","position":1,"name":"Home","item":"https:\/\/learningforlivingtogether.conform.it\/en\/"},{"@type":"ListItem","position":2,"name":"THE PARTNERSHIP","item":"https:\/\/learningforlivingtogether.conform.it\/en\/the-partnership\/"},{"@type":"ListItem","position":3,"name":"RADOSAS INICIATIVAS CENTRS (LV)"}]},{"@type":"WebSite","@id":"https:\/\/learningforlivingtogether.conform.it\/#website","url":"https:\/\/learningforlivingtogether.conform.it\/","name":"LEARNING FOR LIVING TOGETHER","description":"Erasmus+ Project","potentialAction":[{"@type":"SearchAction","target":{"@type":"EntryPoint","urlTemplate":"https:\/\/learningforlivingtogether.conform.it\/?s={search_term_string}"},"query-input":"required name=search_term_string"}],"inLanguage":"en-US"}]}},"_links":{"self":[{"href":"https:\/\/learningforlivingtogether.conform.it\/en\/wp-json\/wp\/v2\/pages\/161"}],"collection":[{"href":"https:\/\/learningforlivingtogether.conform.it\/en\/wp-json\/wp\/v2\/pages"}],"about":[{"href":"https:\/\/learningforlivingtogether.conform.it\/en\/wp-json\/wp\/v2\/types\/page"}],"author":[{"embeddable":true,"href":"https:\/\/learningforlivingtogether.conform.it\/en\/wp-json\/wp\/v2\/users\/3"}],"replies":[{"embeddable":true,"href":"https:\/\/learningforlivingtogether.conform.it\/en\/wp-json\/wp\/v2\/comments?post=161"}],"version-history":[{"count":7,"href":"https:\/\/learningforlivingtogether.conform.it\/en\/wp-json\/wp\/v2\/pages\/161\/revisions"}],"predecessor-version":[{"id":407,"href":"https:\/\/learningforlivingtogether.conform.it\/en\/wp-json\/wp\/v2\/pages\/161\/revisions\/407"}],"up":[{"embeddable":true,"href":"https:\/\/learningforlivingtogether.conform.it\/en\/wp-json\/wp\/v2\/pages\/108"}],"wp:attachment":[{"href":"https:\/\/learningforlivingtogether.conform.it\/en\/wp-json\/wp\/v2\/media?parent=161"}],"curies":[{"name":"wp","href":"https:\/\/api.w.org\/{rel}","templated":true}]}}