{"id":1011,"date":"2019-05-15T11:16:40","date_gmt":"2019-05-15T11:16:40","guid":{"rendered":"https:\/\/learningforlivingtogether.conform.it\/?page_id=1011"},"modified":"2019-05-15T12:29:33","modified_gmt":"2019-05-15T12:29:33","slug":"macibu-vide","status":"publish","type":"page","link":"https:\/\/learningforlivingtogether.conform.it\/lv\/macibu-vide\/","title":{"rendered":"M\u0100C\u012aBU VIDE"},"content":{"rendered":"<section class=\"wpb-content-wrapper\"><p>[vc_row css=&#8221;.vc_custom_1524069925478{padding-top: 50px !important;padding-bottom: 50px !important;}&#8221;][vc_column width=&#8221;1\/2&#8243; css=&#8221;.vc_custom_1524070171728{padding-right: 80px !important;padding-left: 80px !important;}&#8221;][vc_single_image image=&#8221;400&#8243; img_size=&#8221;full&#8221; alignment=&#8221;center&#8221;][vc_separator color=&#8221;custom&#8221; align=&#8221;align_right&#8221; border_width=&#8221;4&#8243; el_width=&#8221;50&#8243; accent_color=&#8221;#402950&#8243;][\/vc_column][vc_column width=&#8221;1\/2&#8243;][vc_custom_heading text=&#8221;M\u0101c\u012bbu vide&#8221; use_theme_fonts=&#8221;yes&#8221;][vc_separator color=&#8221;custom&#8221; align=&#8221;align_left&#8221; border_width=&#8221;6&#8243; el_width=&#8221;50&#8243; accent_color=&#8221;#e61d72&#8243;][vc_column_text]<\/p>\n<p style=\"text-align: justify;\">Ar m\u0101c\u012bbu vides pal\u012bdz\u012bbu lietot\u0101js nok\u013c\u016bst da\u017e\u0101du savstarp\u0113jo attiec\u012bbu centr\u0101, kas \u013cauj vi\u0146am interakt\u012bva veid\u0101 piek\u013c\u016bt un dal\u012bties ar zin\u0101\u0161an\u0101m. \u0160o atv\u0113rtu, elast\u012bgu un neform\u0101lu veido 4 bloki:<\/p>\n<ol>\n<li>\u012asfilmas<\/li>\n<li>Apm\u0101c\u012bbu kursi<\/li>\n<li>P\u0101r\u0113jie materi\u0101li<\/li>\n<li>Soci\u0101l\u0101 vide<\/li>\n<\/ol>\n<p>[\/vc_column_text][\/vc_column][\/vc_row][vc_row][vc_column width=&#8221;1\/3&#8243;][vc_custom_heading text=&#8221;\u012asfilmas&#8221; font_container=&#8221;tag:h3|text_align:left&#8221; use_theme_fonts=&#8221;yes&#8221;][vc_separator color=&#8221;custom&#8221; align=&#8221;align_left&#8221; border_width=&#8221;6&#8243; el_width=&#8221;50&#8243; accent_color=&#8221;#e61d72&#8243;][vc_single_image image=&#8221;719&#8243; img_size=&#8221;full&#8221; alignment=&#8221;center&#8221; onclick=&#8221;custom_link&#8221; link=&#8221;https:\/\/learningforlivingtogether.conform.it\/lv\/macibu-vide\/isfilmas\/&#8221;][\/vc_column][vc_column width=&#8221;1\/3&#8243;][vc_custom_heading text=&#8221;Apm\u0101c\u012bbu kursi&#8221; font_container=&#8221;tag:h3|text_align:left&#8221; use_theme_fonts=&#8221;yes&#8221;][vc_separator color=&#8221;custom&#8221; align=&#8221;align_left&#8221; border_width=&#8221;6&#8243; el_width=&#8221;50&#8243; accent_color=&#8221;#e61d72&#8243;][vc_single_image image=&#8221;715&#8243; img_size=&#8221;full&#8221; alignment=&#8221;center&#8221; onclick=&#8221;custom_link&#8221; link=&#8221;https:\/\/learningforlivingtogether.conform.it\/lv\/macibu-vide\/apmacibu-kursi\/&#8221;][\/vc_column][vc_column width=&#8221;1\/3&#8243;][vc_custom_heading text=&#8221;P\u0101r\u0113jie materi\u0101li&#8221; font_container=&#8221;tag:h3|text_align:left&#8221; use_theme_fonts=&#8221;yes&#8221;][vc_separator color=&#8221;custom&#8221; align=&#8221;align_left&#8221; border_width=&#8221;6&#8243; el_width=&#8221;50&#8243; accent_color=&#8221;#e61d72&#8243;][vc_single_image image=&#8221;711&#8243; img_size=&#8221;full&#8221; alignment=&#8221;center&#8221; onclick=&#8221;custom_link&#8221; link=&#8221;https:\/\/learningforlivingtogether.conform.it\/lv\/macibu-vide\/parejie-materiali\/&#8221;][\/vc_column][\/vc_row][vc_row][vc_column][vc_empty_space height=&#8221;80px&#8221;][\/vc_column][\/vc_row][vc_row full_width=&#8221;stretch_row_content&#8221; equal_height=&#8221;yes&#8221; content_placement=&#8221;middle&#8221; css=&#8221;.vc_custom_1524215969026{background-color: #eaeaea !important;background-position: center !important;background-repeat: no-repeat !important;background-size: cover !important;}&#8221;][vc_column width=&#8221;1\/2&#8243; css=&#8221;.vc_custom_1524216011503{padding-top: 80px !important;padding-bottom: 80px !important;background-image: url(http:\/\/learningforlivingtogether.conform.it\/wp-content\/uploads\/2018\/04\/bg_learning_home.jpg?id=327) !important;background-position: center !important;background-repeat: no-repeat !important;background-size: cover !important;}&#8221;][vc_single_image image=&#8221;707&#8243; img_size=&#8221;200&#215;200&#8243; alignment=&#8221;center&#8221; onclick=&#8221;custom_link&#8221; img_link_target=&#8221;_blank&#8221; link=&#8221;https:\/\/www.edmodo.com&#8221;][\/vc_column][vc_column width=&#8221;1\/2&#8243; css=&#8221;.vc_custom_1524216047481{padding-top: 80px !important;padding-right: 120px !important;padding-bottom: 80px !important;padding-left: 120px !important;}&#8221;][vc_custom_heading text=&#8221;Soci\u0101l\u0101 vide&#8221; use_theme_fonts=&#8221;yes&#8221;][vc_separator color=&#8221;custom&#8221; align=&#8221;align_left&#8221; border_width=&#8221;6&#8243; el_width=&#8221;50&#8243; accent_color=&#8221;#e61d72&#8243;][vc_column_text]<\/p>\n<p style=\"text-align: left; font-size: 20px; font-weight: 300;\">Ien\u0101ciet soci\u0101laj\u0101 vid\u0113, lai dal\u012btos zin\u0101\u0161an\u0101s ar citiem projekta &#8220;Learning For Living Together&#8221; lietot\u0101jiem<\/p>\n<p>[\/vc_column_text][\/vc_column][\/vc_row]<\/p>\n<\/section>","protected":false},"excerpt":{"rendered":"<p>[vc_row css=&#8221;.vc_custom_1524069925478{padding-top: 50px !important;padding-bottom: 50px !important;}&#8221;][vc_column width=&#8221;1\/2&#8243; css=&#8221;.vc_custom_1524070171728{padding-right: 80px !important;padding-left: 80px !important;}&#8221;][vc_single_image image=&#8221;400&#8243; img_size=&#8221;full&#8221; alignment=&#8221;center&#8221;][vc_separator color=&#8221;custom&#8221; align=&#8221;align_right&#8221; border_width=&#8221;4&#8243; el_width=&#8221;50&#8243; accent_color=&#8221;#402950&#8243;][\/vc_column][vc_column width=&#8221;1\/2&#8243;][vc_custom_heading text=&#8221;M\u0101c\u012bbu vide&#8221; use_theme_fonts=&#8221;yes&#8221;][vc_separator color=&#8221;custom&#8221; align=&#8221;align_left&#8221; border_width=&#8221;6&#8243; el_width=&#8221;50&#8243; accent_color=&#8221;#e61d72&#8243;][vc_column_text] Ar m\u0101c\u012bbu vides pal\u012bdz\u012bbu lietot\u0101js nok\u013c\u016bst da\u017e\u0101du savstarp\u0113jo attiec\u012bbu centr\u0101, kas \u013cauj vi\u0146am interakt\u012bva veid\u0101 piek\u013c\u016bt un dal\u012bties ar zin\u0101\u0161an\u0101m. \u0160o atv\u0113rtu, elast\u012bgu un neform\u0101lu veido [&hellip;]<\/p>\n","protected":false},"author":3,"featured_media":0,"parent":0,"menu_order":0,"comment_status":"closed","ping_status":"closed","template":"","meta":[],"yoast_head":"<!-- This site is optimized with the Yoast SEO plugin v20.1 - https:\/\/yoast.com\/wordpress\/plugins\/seo\/ -->\n<title>M\u0100C\u012aBU VIDE - LEARNING FOR LIVING TOGETHER<\/title>\n<meta name=\"robots\" content=\"index, follow, max-snippet:-1, max-image-preview:large, max-video-preview:-1\" \/>\n<link rel=\"canonical\" href=\"https:\/\/learningforlivingtogether.conform.it\/lv\/macibu-vide\/\" \/>\n<meta property=\"og:locale\" content=\"lv_LV\" \/>\n<meta property=\"og:type\" content=\"article\" \/>\n<meta property=\"og:title\" content=\"M\u0100C\u012aBU VIDE - LEARNING FOR LIVING TOGETHER\" \/>\n<meta property=\"og:description\" content=\"[vc_row css=&#8221;.vc_custom_1524069925478{padding-top: 50px !important;padding-bottom: 50px !important;}&#8221;][vc_column width=&#8221;1\/2&#8243; css=&#8221;.vc_custom_1524070171728{padding-right: 80px !important;padding-left: 80px !important;}&#8221;][vc_single_image image=&#8221;400&#8243; img_size=&#8221;full&#8221; alignment=&#8221;center&#8221;][vc_separator color=&#8221;custom&#8221; align=&#8221;align_right&#8221; border_width=&#8221;4&#8243; el_width=&#8221;50&#8243; accent_color=&#8221;#402950&#8243;][\/vc_column][vc_column width=&#8221;1\/2&#8243;][vc_custom_heading text=&#8221;M\u0101c\u012bbu vide&#8221; use_theme_fonts=&#8221;yes&#8221;][vc_separator color=&#8221;custom&#8221; align=&#8221;align_left&#8221; border_width=&#8221;6&#8243; el_width=&#8221;50&#8243; accent_color=&#8221;#e61d72&#8243;][vc_column_text] Ar m\u0101c\u012bbu vides pal\u012bdz\u012bbu lietot\u0101js nok\u013c\u016bst da\u017e\u0101du savstarp\u0113jo attiec\u012bbu centr\u0101, kas \u013cauj vi\u0146am interakt\u012bva veid\u0101 piek\u013c\u016bt un dal\u012bties ar zin\u0101\u0161an\u0101m. \u0160o atv\u0113rtu, elast\u012bgu un neform\u0101lu veido [&hellip;]\" \/>\n<meta property=\"og:url\" content=\"https:\/\/learningforlivingtogether.conform.it\/lv\/macibu-vide\/\" \/>\n<meta property=\"og:site_name\" content=\"LEARNING FOR LIVING TOGETHER\" \/>\n<meta property=\"article:modified_time\" content=\"2019-05-15T12:29:33+00:00\" \/>\n<meta name=\"twitter:card\" content=\"summary_large_image\" \/>\n<meta name=\"twitter:label1\" content=\"Est. reading time\" \/>\n\t<meta name=\"twitter:data1\" content=\"2 minutes\" \/>\n<script type=\"application\/ld+json\" class=\"yoast-schema-graph\">{\"@context\":\"https:\/\/schema.org\",\"@graph\":[{\"@type\":\"WebPage\",\"@id\":\"https:\/\/learningforlivingtogether.conform.it\/lv\/macibu-vide\/\",\"url\":\"https:\/\/learningforlivingtogether.conform.it\/lv\/macibu-vide\/\",\"name\":\"M\u0100C\u012aBU VIDE - LEARNING FOR LIVING TOGETHER\",\"isPartOf\":{\"@id\":\"https:\/\/learningforlivingtogether.conform.it\/#website\"},\"datePublished\":\"2019-05-15T11:16:40+00:00\",\"dateModified\":\"2019-05-15T12:29:33+00:00\",\"breadcrumb\":{\"@id\":\"https:\/\/learningforlivingtogether.conform.it\/lv\/macibu-vide\/#breadcrumb\"},\"inLanguage\":\"lv-LV\",\"potentialAction\":[{\"@type\":\"ReadAction\",\"target\":[\"https:\/\/learningforlivingtogether.conform.it\/lv\/macibu-vide\/\"]}]},{\"@type\":\"BreadcrumbList\",\"@id\":\"https:\/\/learningforlivingtogether.conform.it\/lv\/macibu-vide\/#breadcrumb\",\"itemListElement\":[{\"@type\":\"ListItem\",\"position\":1,\"name\":\"Home\",\"item\":\"https:\/\/learningforlivingtogether.conform.it\/lv\/\"},{\"@type\":\"ListItem\",\"position\":2,\"name\":\"M\u0100C\u012aBU VIDE\"}]},{\"@type\":\"WebSite\",\"@id\":\"https:\/\/learningforlivingtogether.conform.it\/#website\",\"url\":\"https:\/\/learningforlivingtogether.conform.it\/\",\"name\":\"LEARNING FOR LIVING TOGETHER\",\"description\":\"Erasmus+ Project\",\"potentialAction\":[{\"@type\":\"SearchAction\",\"target\":{\"@type\":\"EntryPoint\",\"urlTemplate\":\"https:\/\/learningforlivingtogether.conform.it\/?s={search_term_string}\"},\"query-input\":\"required name=search_term_string\"}],\"inLanguage\":\"lv-LV\"}]}<\/script>\n<!-- \/ Yoast SEO plugin. -->","yoast_head_json":{"title":"M\u0100C\u012aBU VIDE - LEARNING FOR LIVING TOGETHER","robots":{"index":"index","follow":"follow","max-snippet":"max-snippet:-1","max-image-preview":"max-image-preview:large","max-video-preview":"max-video-preview:-1"},"canonical":"https:\/\/learningforlivingtogether.conform.it\/lv\/macibu-vide\/","og_locale":"lv_LV","og_type":"article","og_title":"M\u0100C\u012aBU VIDE - LEARNING FOR LIVING TOGETHER","og_description":"[vc_row css=&#8221;.vc_custom_1524069925478{padding-top: 50px !important;padding-bottom: 50px !important;}&#8221;][vc_column width=&#8221;1\/2&#8243; css=&#8221;.vc_custom_1524070171728{padding-right: 80px !important;padding-left: 80px !important;}&#8221;][vc_single_image image=&#8221;400&#8243; img_size=&#8221;full&#8221; alignment=&#8221;center&#8221;][vc_separator color=&#8221;custom&#8221; align=&#8221;align_right&#8221; border_width=&#8221;4&#8243; el_width=&#8221;50&#8243; accent_color=&#8221;#402950&#8243;][\/vc_column][vc_column width=&#8221;1\/2&#8243;][vc_custom_heading text=&#8221;M\u0101c\u012bbu vide&#8221; use_theme_fonts=&#8221;yes&#8221;][vc_separator color=&#8221;custom&#8221; align=&#8221;align_left&#8221; border_width=&#8221;6&#8243; el_width=&#8221;50&#8243; accent_color=&#8221;#e61d72&#8243;][vc_column_text] Ar m\u0101c\u012bbu vides pal\u012bdz\u012bbu lietot\u0101js nok\u013c\u016bst da\u017e\u0101du savstarp\u0113jo attiec\u012bbu centr\u0101, kas \u013cauj vi\u0146am interakt\u012bva veid\u0101 piek\u013c\u016bt un dal\u012bties ar zin\u0101\u0161an\u0101m. \u0160o atv\u0113rtu, elast\u012bgu un neform\u0101lu veido [&hellip;]","og_url":"https:\/\/learningforlivingtogether.conform.it\/lv\/macibu-vide\/","og_site_name":"LEARNING FOR LIVING TOGETHER","article_modified_time":"2019-05-15T12:29:33+00:00","twitter_card":"summary_large_image","twitter_misc":{"Est. reading time":"2 minutes"},"schema":{"@context":"https:\/\/schema.org","@graph":[{"@type":"WebPage","@id":"https:\/\/learningforlivingtogether.conform.it\/lv\/macibu-vide\/","url":"https:\/\/learningforlivingtogether.conform.it\/lv\/macibu-vide\/","name":"M\u0100C\u012aBU VIDE - LEARNING FOR LIVING TOGETHER","isPartOf":{"@id":"https:\/\/learningforlivingtogether.conform.it\/#website"},"datePublished":"2019-05-15T11:16:40+00:00","dateModified":"2019-05-15T12:29:33+00:00","breadcrumb":{"@id":"https:\/\/learningforlivingtogether.conform.it\/lv\/macibu-vide\/#breadcrumb"},"inLanguage":"lv-LV","potentialAction":[{"@type":"ReadAction","target":["https:\/\/learningforlivingtogether.conform.it\/lv\/macibu-vide\/"]}]},{"@type":"BreadcrumbList","@id":"https:\/\/learningforlivingtogether.conform.it\/lv\/macibu-vide\/#breadcrumb","itemListElement":[{"@type":"ListItem","position":1,"name":"Home","item":"https:\/\/learningforlivingtogether.conform.it\/lv\/"},{"@type":"ListItem","position":2,"name":"M\u0100C\u012aBU VIDE"}]},{"@type":"WebSite","@id":"https:\/\/learningforlivingtogether.conform.it\/#website","url":"https:\/\/learningforlivingtogether.conform.it\/","name":"LEARNING FOR LIVING TOGETHER","description":"Erasmus+ Project","potentialAction":[{"@type":"SearchAction","target":{"@type":"EntryPoint","urlTemplate":"https:\/\/learningforlivingtogether.conform.it\/?s={search_term_string}"},"query-input":"required name=search_term_string"}],"inLanguage":"lv-LV"}]}},"_links":{"self":[{"href":"https:\/\/learningforlivingtogether.conform.it\/lv\/wp-json\/wp\/v2\/pages\/1011"}],"collection":[{"href":"https:\/\/learningforlivingtogether.conform.it\/lv\/wp-json\/wp\/v2\/pages"}],"about":[{"href":"https:\/\/learningforlivingtogether.conform.it\/lv\/wp-json\/wp\/v2\/types\/page"}],"author":[{"embeddable":true,"href":"https:\/\/learningforlivingtogether.conform.it\/lv\/wp-json\/wp\/v2\/users\/3"}],"replies":[{"embeddable":true,"href":"https:\/\/learningforlivingtogether.conform.it\/lv\/wp-json\/wp\/v2\/comments?post=1011"}],"version-history":[{"count":8,"href":"https:\/\/learningforlivingtogether.conform.it\/lv\/wp-json\/wp\/v2\/pages\/1011\/revisions"}],"predecessor-version":[{"id":1047,"href":"https:\/\/learningforlivingtogether.conform.it\/lv\/wp-json\/wp\/v2\/pages\/1011\/revisions\/1047"}],"wp:attachment":[{"href":"https:\/\/learningforlivingtogether.conform.it\/lv\/wp-json\/wp\/v2\/media?parent=1011"}],"curies":[{"name":"wp","href":"https:\/\/api.w.org\/{rel}","templated":true}]}}