{"id":397,"date":"2018-04-26T10:29:54","date_gmt":"2018-04-26T10:29:54","guid":{"rendered":"http:\/\/learningforlivingtogether.conform.it\/?page_id=397"},"modified":"2018-09-06T10:33:13","modified_gmt":"2018-09-06T10:33:13","slug":"projekts","status":"publish","type":"page","link":"https:\/\/learningforlivingtogether.conform.it\/lv\/projekts\/","title":{"rendered":"PROJEKTS"},"content":{"rendered":"<section class=\"wpb-content-wrapper\"><p>[vc_row css=&#8221;.vc_custom_1524069925478{padding-top: 50px !important;padding-bottom: 50px !important;}&#8221;][vc_column width=&#8221;1\/2&#8243; css=&#8221;.vc_custom_1524070171728{padding-right: 80px !important;padding-left: 80px !important;}&#8221;][vc_single_image image=&#8221;271&#8243; img_size=&#8221;full&#8221; alignment=&#8221;center&#8221;][vc_separator color=&#8221;custom&#8221; align=&#8221;align_right&#8221; border_width=&#8221;4&#8243; el_width=&#8221;50&#8243; accent_color=&#8221;#402950&#8243;][vc_column_text]<\/p>\n<h2 style=\"text-align: right;\"><span style=\"color: #999999; font-size: 26px;\"><a class=\"btn_sito\" style=\"color: #999999;\" href=\"http:\/\/learningforlivingtogether.conform.it\/wp-content\/uploads\/2018\/04\/brochure_learning_for_living_together.pdf\" target=\"_blank\" rel=\"noopener\">Lejupiel\u0101d\u0113t bro\u0161\u016bru<\/a><\/span><\/h2>\n<p>[\/vc_column_text][\/vc_column][vc_column width=&#8221;1\/2&#8243;][vc_column_text]<\/p>\n<p style=\"text-align: justify;\">Projekts ir v\u0113rsts uz ERASMUS+ programmas Pieaugu\u0161o izgl\u012bt\u012bbas sada\u013cas m\u0113r\u0137i \u2013 izstr\u0101d\u0101t inovat\u012bvus rezult\u0101tus un uz\u0146emties intens\u012bvas izplat\u012b\u0161anas un ievie\u0161anas aktivit\u0101\u0161u \u012bsteno\u0161anu, t\u0101d\u0113j\u0101di sekm\u0113jot izgl\u012btot\u0101ju kompeten\u010du papla\u0161in\u0101\u0161anu un att\u012bst\u012bbu.<br \/>\nL\u012bdztekus tam projekts sasaucas ar Erasmus+ programmas horizont\u0101lo priorit\u0101ti \u201eIek\u013caujo\u0161a izgl\u012bt\u012bba, apm\u0101c\u012bba un jaunatne &#8220;, jo tas cen\u0161as rast risin\u0101jumus vienl\u012bdz\u012bbas un iek\u013cau\u0161anas sekm\u0113\u0161anai, str\u0101d\u0101jot ar izgl\u012btot\u0101jiem, kuru m\u0113r\u0137auditorija ir viet\u0113j\u0101s kopienas, migranti, b\u0113g\u013ci un patv\u0113ruma mekl\u0113t\u0101ji un kuri sava darb\u0101 form\u0101l\u0101 un neform\u0101l\u0101 ce\u013c\u0101 run\u0101 par daudzveid\u012bbas un integr\u0101cijas jaut\u0101jumiem. L\u012bdz ar to projekt\u0101 pl\u0101notais sasaucas ar\u012b ar Par\u012bzes deklar\u0101cij\u0101 noteikto.<br \/>\nProjekts vistie\u0161\u0101kaj\u0101 veid\u0101 veicina iek\u013caujo\u0161os izgl\u012bt\u012bbu viet\u0113j\u0101s kopien\u0101s, veicinot cie\u0146as un savstarp\u0113j\u0101s sapratnes kult\u016bru.<\/p>\n<p>[\/vc_column_text][\/vc_column][\/vc_row][vc_row full_width=&#8221;stretch_row&#8221; css=&#8221;.vc_custom_1524069880666{padding-top: 50px !important;padding-bottom: 50px !important;background-image: url(http:\/\/learningforlivingtogether.conform.it\/wp-content\/uploads\/2018\/04\/bg_slide1_gr.jpg?id=123) !important;background-position: center !important;background-repeat: no-repeat !important;background-size: cover !important;}&#8221;][vc_column][vc_custom_heading text=&#8221;M\u0112R\u0136I&#8221; font_container=&#8221;tag:h2|text_align:left|color:%23ffffff&#8221; use_theme_fonts=&#8221;yes&#8221;][vc_row_inner][vc_column_inner width=&#8221;1\/2&#8243;][vc_column_text]<\/p>\n<ul>\n<li class=\"p1\">\u012astenot projektu, sadarbojoties 6 partnergorganiz\u0101cij\u0101m no Lielbrit\u0101nijas, Latvijas, It\u0101lijas, Zviedrijas un \u012arijas, kuriem ir praktiska pieredze pieaugu\u0161o izgl\u012bt\u012bbas programmu \u012bsteno\u0161ana migrantiem, b\u0113g\u013ciem, patv\u0113ruma mekl\u0113t\u0101jiem un kopienu akt\u012bvistiem, lai izstr\u0101d\u0101tu, test\u0113tu, adapt\u0113tu un iek\u013cautu sav\u0101 darb\u0101 inovat\u012bvus materi\u0101lus un prakses;<\/li>\n<li class=\"p1\">Izstr\u0101d\u0101t inovat\u012bvus apm\u0101c\u012bbas materi\u0101lus pieaugu\u0161o izgl\u012btot\u0101jiem\/prakti\u0137iem, kas tiks aprob\u0113ti 25 pieaugu\u0161o izgl\u012btot\u0101ju grupa starptautisko apm\u0101c\u012bbu par soci\u0101lo iek\u013cau\u0161anu un daudzveid\u012bbu ietvaros;<\/li>\n<li class=\"p1\">25 pieaugu\u0161o izgl\u012btot\u0101ji projekta \u012bsteno\u0161anas laik\u0101 pilot\u0113s izstr\u0101d\u0101tos materi\u0101lus, iesaistot 100 pieaugu\u0161os un sniedzot nep\u0101rtrauktu atgriezenisko saiti par materi\u0101lu priek\u0161roc\u012bb\u0101m un nepiecie\u0161amajiem uzlabojumiem;<\/li>\n<\/ul>\n<p>[\/vc_column_text][\/vc_column_inner][vc_column_inner width=&#8221;1\/2&#8243;][vc_column_text]<\/p>\n<ul style=\"text-align: justify;\">\n<li>Izstr\u0101d\u0101t tie\u0161saist\u0113 pieejamu 16 stundu izgl\u012bt\u012bbas programmu par soci\u0101l\u0101s iek\u013cau\u0161anas un daudzveid\u012bbas jaut\u0101jumiem, kas sev\u012b ietver rokasgr\u0101matu pieaugu\u0161o izgl\u012btot\u0101jiem un metodiskos materi\u0101lus ( t.sk. dokument\u0101l\u0101s filmas, podkastus, k\u0101 ar\u012b migrantu, b\u0113g\u013cu un patv\u0113ruma mekl\u0113t\u0101ju dz\u012bvesst\u0101stus);<\/li>\n<li>Rad\u012bt jaunus atbalsta t\u012bklus partnerorganiz\u0101cij\u0101m un to izgl\u012btot\u0101jiem, lai uzlabotu kompetences un kapacit\u0101ti turpm\u0101kai sadarb\u012bbai, k\u0101 ar\u012b internacionaliz\u0101cijai;<\/li>\n<li>Izplat\u012bt rezult\u0101tus ar sadarb\u012bbas t\u012bklu starpniec\u012bbu katr\u0101 no partnervalst\u012bm, stiprinot iesaist\u012bto pu\u0161u sp\u0113jas c\u012bn\u012bties ar rasismu katr\u0101 no valst\u012bm.<\/li>\n<\/ul>\n<p>[\/vc_column_text][\/vc_column_inner][\/vc_row_inner][\/vc_column][\/vc_row]<\/p>\n<\/section>","protected":false},"excerpt":{"rendered":"<p>[vc_row css=&#8221;.vc_custom_1524069925478{padding-top: 50px !important;padding-bottom: 50px !important;}&#8221;][vc_column width=&#8221;1\/2&#8243; css=&#8221;.vc_custom_1524070171728{padding-right: 80px !important;padding-left: 80px !important;}&#8221;][vc_single_image image=&#8221;271&#8243; img_size=&#8221;full&#8221; alignment=&#8221;center&#8221;][vc_separator color=&#8221;custom&#8221; align=&#8221;align_right&#8221; border_width=&#8221;4&#8243; el_width=&#8221;50&#8243; accent_color=&#8221;#402950&#8243;][vc_column_text] Lejupiel\u0101d\u0113t bro\u0161\u016bru [\/vc_column_text][\/vc_column][vc_column width=&#8221;1\/2&#8243;][vc_column_text] Projekts ir v\u0113rsts uz ERASMUS+ programmas Pieaugu\u0161o izgl\u012bt\u012bbas sada\u013cas m\u0113r\u0137i \u2013 izstr\u0101d\u0101t inovat\u012bvus rezult\u0101tus un uz\u0146emties intens\u012bvas izplat\u012b\u0161anas un ievie\u0161anas aktivit\u0101\u0161u \u012bsteno\u0161anu, t\u0101d\u0113j\u0101di sekm\u0113jot izgl\u012btot\u0101ju kompeten\u010du papla\u0161in\u0101\u0161anu un att\u012bst\u012bbu. L\u012bdztekus tam [&hellip;]<\/p>\n","protected":false},"author":3,"featured_media":0,"parent":0,"menu_order":0,"comment_status":"closed","ping_status":"closed","template":"","meta":[],"yoast_head":"<!-- This site is optimized with the Yoast SEO plugin v20.1 - https:\/\/yoast.com\/wordpress\/plugins\/seo\/ -->\n<title>PROJEKTS - LEARNING FOR LIVING TOGETHER<\/title>\n<meta name=\"robots\" content=\"index, follow, max-snippet:-1, max-image-preview:large, max-video-preview:-1\" \/>\n<link rel=\"canonical\" href=\"https:\/\/learningforlivingtogether.conform.it\/lv\/projekts\/\" \/>\n<meta property=\"og:locale\" content=\"lv_LV\" \/>\n<meta property=\"og:type\" content=\"article\" \/>\n<meta property=\"og:title\" content=\"PROJEKTS - LEARNING FOR LIVING TOGETHER\" \/>\n<meta property=\"og:description\" content=\"[vc_row css=&#8221;.vc_custom_1524069925478{padding-top: 50px !important;padding-bottom: 50px !important;}&#8221;][vc_column width=&#8221;1\/2&#8243; css=&#8221;.vc_custom_1524070171728{padding-right: 80px !important;padding-left: 80px !important;}&#8221;][vc_single_image image=&#8221;271&#8243; img_size=&#8221;full&#8221; alignment=&#8221;center&#8221;][vc_separator color=&#8221;custom&#8221; align=&#8221;align_right&#8221; border_width=&#8221;4&#8243; el_width=&#8221;50&#8243; accent_color=&#8221;#402950&#8243;][vc_column_text] Lejupiel\u0101d\u0113t bro\u0161\u016bru [\/vc_column_text][\/vc_column][vc_column width=&#8221;1\/2&#8243;][vc_column_text] Projekts ir v\u0113rsts uz ERASMUS+ programmas Pieaugu\u0161o izgl\u012bt\u012bbas sada\u013cas m\u0113r\u0137i \u2013 izstr\u0101d\u0101t inovat\u012bvus rezult\u0101tus un uz\u0146emties intens\u012bvas izplat\u012b\u0161anas un ievie\u0161anas aktivit\u0101\u0161u \u012bsteno\u0161anu, t\u0101d\u0113j\u0101di sekm\u0113jot izgl\u012btot\u0101ju kompeten\u010du papla\u0161in\u0101\u0161anu un att\u012bst\u012bbu. L\u012bdztekus tam [&hellip;]\" \/>\n<meta property=\"og:url\" content=\"https:\/\/learningforlivingtogether.conform.it\/lv\/projekts\/\" \/>\n<meta property=\"og:site_name\" content=\"LEARNING FOR LIVING TOGETHER\" \/>\n<meta property=\"article:modified_time\" content=\"2018-09-06T10:33:13+00:00\" \/>\n<meta name=\"twitter:card\" content=\"summary_large_image\" \/>\n<meta name=\"twitter:label1\" content=\"Est. reading time\" \/>\n\t<meta name=\"twitter:data1\" content=\"3 minutes\" \/>\n<script type=\"application\/ld+json\" class=\"yoast-schema-graph\">{\"@context\":\"https:\/\/schema.org\",\"@graph\":[{\"@type\":\"WebPage\",\"@id\":\"https:\/\/learningforlivingtogether.conform.it\/lv\/projekts\/\",\"url\":\"https:\/\/learningforlivingtogether.conform.it\/lv\/projekts\/\",\"name\":\"PROJEKTS - LEARNING FOR LIVING TOGETHER\",\"isPartOf\":{\"@id\":\"https:\/\/learningforlivingtogether.conform.it\/#website\"},\"datePublished\":\"2018-04-26T10:29:54+00:00\",\"dateModified\":\"2018-09-06T10:33:13+00:00\",\"breadcrumb\":{\"@id\":\"https:\/\/learningforlivingtogether.conform.it\/lv\/projekts\/#breadcrumb\"},\"inLanguage\":\"lv-LV\",\"potentialAction\":[{\"@type\":\"ReadAction\",\"target\":[\"https:\/\/learningforlivingtogether.conform.it\/lv\/projekts\/\"]}]},{\"@type\":\"BreadcrumbList\",\"@id\":\"https:\/\/learningforlivingtogether.conform.it\/lv\/projekts\/#breadcrumb\",\"itemListElement\":[{\"@type\":\"ListItem\",\"position\":1,\"name\":\"Home\",\"item\":\"https:\/\/learningforlivingtogether.conform.it\/lv\/\"},{\"@type\":\"ListItem\",\"position\":2,\"name\":\"PROJEKTS\"}]},{\"@type\":\"WebSite\",\"@id\":\"https:\/\/learningforlivingtogether.conform.it\/#website\",\"url\":\"https:\/\/learningforlivingtogether.conform.it\/\",\"name\":\"LEARNING FOR LIVING TOGETHER\",\"description\":\"Erasmus+ Project\",\"potentialAction\":[{\"@type\":\"SearchAction\",\"target\":{\"@type\":\"EntryPoint\",\"urlTemplate\":\"https:\/\/learningforlivingtogether.conform.it\/?s={search_term_string}\"},\"query-input\":\"required name=search_term_string\"}],\"inLanguage\":\"lv-LV\"}]}<\/script>\n<!-- \/ Yoast SEO plugin. -->","yoast_head_json":{"title":"PROJEKTS - LEARNING FOR LIVING TOGETHER","robots":{"index":"index","follow":"follow","max-snippet":"max-snippet:-1","max-image-preview":"max-image-preview:large","max-video-preview":"max-video-preview:-1"},"canonical":"https:\/\/learningforlivingtogether.conform.it\/lv\/projekts\/","og_locale":"lv_LV","og_type":"article","og_title":"PROJEKTS - LEARNING FOR LIVING TOGETHER","og_description":"[vc_row css=&#8221;.vc_custom_1524069925478{padding-top: 50px !important;padding-bottom: 50px !important;}&#8221;][vc_column width=&#8221;1\/2&#8243; css=&#8221;.vc_custom_1524070171728{padding-right: 80px !important;padding-left: 80px !important;}&#8221;][vc_single_image image=&#8221;271&#8243; img_size=&#8221;full&#8221; alignment=&#8221;center&#8221;][vc_separator color=&#8221;custom&#8221; align=&#8221;align_right&#8221; border_width=&#8221;4&#8243; el_width=&#8221;50&#8243; accent_color=&#8221;#402950&#8243;][vc_column_text] Lejupiel\u0101d\u0113t bro\u0161\u016bru [\/vc_column_text][\/vc_column][vc_column width=&#8221;1\/2&#8243;][vc_column_text] Projekts ir v\u0113rsts uz ERASMUS+ programmas Pieaugu\u0161o izgl\u012bt\u012bbas sada\u013cas m\u0113r\u0137i \u2013 izstr\u0101d\u0101t inovat\u012bvus rezult\u0101tus un uz\u0146emties intens\u012bvas izplat\u012b\u0161anas un ievie\u0161anas aktivit\u0101\u0161u \u012bsteno\u0161anu, t\u0101d\u0113j\u0101di sekm\u0113jot izgl\u012btot\u0101ju kompeten\u010du papla\u0161in\u0101\u0161anu un att\u012bst\u012bbu. L\u012bdztekus tam [&hellip;]","og_url":"https:\/\/learningforlivingtogether.conform.it\/lv\/projekts\/","og_site_name":"LEARNING FOR LIVING TOGETHER","article_modified_time":"2018-09-06T10:33:13+00:00","twitter_card":"summary_large_image","twitter_misc":{"Est. reading time":"3 minutes"},"schema":{"@context":"https:\/\/schema.org","@graph":[{"@type":"WebPage","@id":"https:\/\/learningforlivingtogether.conform.it\/lv\/projekts\/","url":"https:\/\/learningforlivingtogether.conform.it\/lv\/projekts\/","name":"PROJEKTS - LEARNING FOR LIVING TOGETHER","isPartOf":{"@id":"https:\/\/learningforlivingtogether.conform.it\/#website"},"datePublished":"2018-04-26T10:29:54+00:00","dateModified":"2018-09-06T10:33:13+00:00","breadcrumb":{"@id":"https:\/\/learningforlivingtogether.conform.it\/lv\/projekts\/#breadcrumb"},"inLanguage":"lv-LV","potentialAction":[{"@type":"ReadAction","target":["https:\/\/learningforlivingtogether.conform.it\/lv\/projekts\/"]}]},{"@type":"BreadcrumbList","@id":"https:\/\/learningforlivingtogether.conform.it\/lv\/projekts\/#breadcrumb","itemListElement":[{"@type":"ListItem","position":1,"name":"Home","item":"https:\/\/learningforlivingtogether.conform.it\/lv\/"},{"@type":"ListItem","position":2,"name":"PROJEKTS"}]},{"@type":"WebSite","@id":"https:\/\/learningforlivingtogether.conform.it\/#website","url":"https:\/\/learningforlivingtogether.conform.it\/","name":"LEARNING FOR LIVING TOGETHER","description":"Erasmus+ Project","potentialAction":[{"@type":"SearchAction","target":{"@type":"EntryPoint","urlTemplate":"https:\/\/learningforlivingtogether.conform.it\/?s={search_term_string}"},"query-input":"required name=search_term_string"}],"inLanguage":"lv-LV"}]}},"_links":{"self":[{"href":"https:\/\/learningforlivingtogether.conform.it\/lv\/wp-json\/wp\/v2\/pages\/397"}],"collection":[{"href":"https:\/\/learningforlivingtogether.conform.it\/lv\/wp-json\/wp\/v2\/pages"}],"about":[{"href":"https:\/\/learningforlivingtogether.conform.it\/lv\/wp-json\/wp\/v2\/types\/page"}],"author":[{"embeddable":true,"href":"https:\/\/learningforlivingtogether.conform.it\/lv\/wp-json\/wp\/v2\/users\/3"}],"replies":[{"embeddable":true,"href":"https:\/\/learningforlivingtogether.conform.it\/lv\/wp-json\/wp\/v2\/comments?post=397"}],"version-history":[{"count":5,"href":"https:\/\/learningforlivingtogether.conform.it\/lv\/wp-json\/wp\/v2\/pages\/397\/revisions"}],"predecessor-version":[{"id":655,"href":"https:\/\/learningforlivingtogether.conform.it\/lv\/wp-json\/wp\/v2\/pages\/397\/revisions\/655"}],"wp:attachment":[{"href":"https:\/\/learningforlivingtogether.conform.it\/lv\/wp-json\/wp\/v2\/media?parent=397"}],"curies":[{"name":"wp","href":"https:\/\/api.w.org\/{rel}","templated":true}]}}