{"id":412,"date":"2018-04-27T16:05:44","date_gmt":"2018-04-27T16:05:44","guid":{"rendered":"http:\/\/learningforlivingtogether.conform.it\/?page_id=412"},"modified":"2018-09-05T17:56:27","modified_gmt":"2018-09-05T17:56:27","slug":"partneriba","status":"publish","type":"page","link":"https:\/\/learningforlivingtogether.conform.it\/lv\/partneriba\/","title":{"rendered":"PARTNER\u012aBA"},"content":{"rendered":"<section class=\"wpb-content-wrapper\"><p>[vc_row][vc_column][vc_column_text]<\/p>\n<h4 style=\"text-align: center;\">Strat\u0113\u0123isk\u0101 partner\u012bba apvieno <strong>6 partner gorganiz\u0101cijas<\/strong> no <strong>5 valst\u012bm<\/strong>, kas p\u0101rst\u0101v:<\/h4>\n<p>[\/vc_column_text][\/vc_column][\/vc_row][vc_row equal_height=&#8221;yes&#8221; content_placement=&#8221;middle&#8221;][vc_column width=&#8221;1\/3&#8243; css=&#8221;.vc_custom_1524066023048{border-bottom-width: 6px !important;border-bottom-color: #dddc00 !important;border-bottom-style: solid !important;}&#8221;][vc_custom_heading text=&#8221;AUGST\u0100K\u0100S<br \/>\nIZGL\u012aT\u012aBAS<br \/>\nIEST\u0100DES&#8221; font_container=&#8221;tag:h2|font_size:30|text_align:right&#8221; use_theme_fonts=&#8221;yes&#8221;][\/vc_column][vc_column width=&#8221;1\/3&#8243;][vc_empty_space height=&#8221;20px&#8221;][vc_single_image image=&#8221;279&#8243; img_size=&#8221;full&#8221; alignment=&#8221;center&#8221; onclick=&#8221;custom_link&#8221; link=&#8221;\/dundalk-institute-of-technology\/&#8221;][\/vc_column][vc_column width=&#8221;1\/3&#8243;][vc_empty_space height=&#8221;20px&#8221;][vc_single_image image=&#8221;276&#8243; img_size=&#8221;full&#8221; alignment=&#8221;center&#8221; onclick=&#8221;custom_link&#8221; link=&#8221;\/southern-regional-college\/&#8221;][\/vc_column][\/vc_row][vc_row equal_height=&#8221;yes&#8221;][vc_column width=&#8221;1\/3&#8243; css=&#8221;.vc_custom_1524066065606{border-bottom-width: 6px !important;border-bottom-color: #95c11e !important;border-bottom-style: solid !important;}&#8221;][vc_custom_heading text=&#8221;VALSTS<br \/>\nP\u0100RVALDES<br \/>\nINSTIT\u016aCIJA&#8221; font_container=&#8221;tag:h2|font_size:30|text_align:right&#8221; use_theme_fonts=&#8221;yes&#8221;][\/vc_column][vc_column width=&#8221;1\/3&#8243;][vc_empty_space height=&#8221;20px&#8221;][vc_single_image image=&#8221;281&#8243; img_size=&#8221;full&#8221; alignment=&#8221;center&#8221; onclick=&#8221;custom_link&#8221; link=&#8221;\/mottagningsenheten-adjunkten\/&#8221;][\/vc_column][vc_column width=&#8221;1\/3&#8243;][\/vc_column][\/vc_row][vc_row equal_height=&#8221;yes&#8221;][vc_column width=&#8221;1\/3&#8243; css=&#8221;.vc_custom_1524066087375{border-bottom-width: 6px !important;border-bottom-color: #e61d72 !important;border-bottom-style: solid !important;}&#8221;][vc_custom_heading text=&#8221;APM\u0100C\u012aBAS UN<br \/>\nKONSULT\u0100CIJAS&#8221; font_container=&#8221;tag:h2|font_size:30|text_align:right&#8221; use_theme_fonts=&#8221;yes&#8221;][\/vc_column][vc_column width=&#8221;1\/3&#8243;][vc_empty_space height=&#8221;20px&#8221;][vc_single_image image=&#8221;283&#8243; img_size=&#8221;full&#8221; alignment=&#8221;center&#8221; onclick=&#8221;custom_link&#8221; link=&#8221;\/conform\/&#8221;][\/vc_column][vc_column width=&#8221;1\/3&#8243;][\/vc_column][\/vc_row][vc_row equal_height=&#8221;yes&#8221;][vc_column width=&#8221;1\/3&#8243; css=&#8221;.vc_custom_1524066149747{border-bottom-width: 6px !important;border-bottom-color: #36a9e0 !important;border-bottom-style: solid !important;}&#8221;][vc_custom_heading text=&#8221;KOPIENAS<br \/>\nORGANIZ\u0100CIJAS&#8221; font_container=&#8221;tag:h2|font_size:30|text_align:right&#8221; use_theme_fonts=&#8221;yes&#8221;][\/vc_column][vc_column width=&#8221;1\/3&#8243;][vc_empty_space height=&#8221;20px&#8221;][vc_single_image image=&#8221;284&#8243; img_size=&#8221;full&#8221; alignment=&#8221;center&#8221; onclick=&#8221;custom_link&#8221; link=&#8221;\/kettle-of-fish\/&#8221;][\/vc_column][vc_column width=&#8221;1\/3&#8243;][\/vc_column][\/vc_row][vc_row equal_height=&#8221;yes&#8221;][vc_column width=&#8221;1\/3&#8243; css=&#8221;.vc_custom_1524066244135{border-bottom-width: 6px !important;border-bottom-color: #f9b233 !important;border-bottom-style: solid !important;}&#8221;][vc_custom_heading text=&#8221;SOCI\u0100LAIS<br \/>\nUZ\u0145\u0112MUMS&#8221; font_container=&#8221;tag:h2|font_size:30|text_align:right&#8221; use_theme_fonts=&#8221;yes&#8221;][\/vc_column][vc_column width=&#8221;1\/3&#8243;][vc_empty_space height=&#8221;20px&#8221;][vc_single_image image=&#8221;285&#8243; img_size=&#8221;full&#8221; alignment=&#8221;center&#8221; onclick=&#8221;custom_link&#8221; link=&#8221;http:\/\/learningforlivingtogether.conform.it\/lv\/partneriba\/radosas-iniciativas-centrs\/&#8221;][\/vc_column][vc_column width=&#8221;1\/3&#8243;][\/vc_column][\/vc_row][vc_row][vc_column][vc_empty_space height=&#8221;60px&#8221;][\/vc_column][\/vc_row]<\/p>\n<\/section>","protected":false},"excerpt":{"rendered":"<p>[vc_row][vc_column][vc_column_text] Strat\u0113\u0123isk\u0101 partner\u012bba apvieno 6 partner gorganiz\u0101cijas no 5 valst\u012bm, kas p\u0101rst\u0101v: [\/vc_column_text][\/vc_column][\/vc_row][vc_row equal_height=&#8221;yes&#8221; content_placement=&#8221;middle&#8221;][vc_column width=&#8221;1\/3&#8243; css=&#8221;.vc_custom_1524066023048{border-bottom-width: 6px !important;border-bottom-color: #dddc00 !important;border-bottom-style: solid !important;}&#8221;][vc_custom_heading text=&#8221;AUGST\u0100K\u0100S IZGL\u012aT\u012aBAS IEST\u0100DES&#8221; font_container=&#8221;tag:h2|font_size:30|text_align:right&#8221; use_theme_fonts=&#8221;yes&#8221;][\/vc_column][vc_column width=&#8221;1\/3&#8243;][vc_empty_space height=&#8221;20px&#8221;][vc_single_image image=&#8221;279&#8243; img_size=&#8221;full&#8221; alignment=&#8221;center&#8221; onclick=&#8221;custom_link&#8221; link=&#8221;\/dundalk-institute-of-technology\/&#8221;][\/vc_column][vc_column width=&#8221;1\/3&#8243;][vc_empty_space height=&#8221;20px&#8221;][vc_single_image image=&#8221;276&#8243; img_size=&#8221;full&#8221; alignment=&#8221;center&#8221; onclick=&#8221;custom_link&#8221; link=&#8221;\/southern-regional-college\/&#8221;][\/vc_column][\/vc_row][vc_row equal_height=&#8221;yes&#8221;][vc_column width=&#8221;1\/3&#8243; css=&#8221;.vc_custom_1524066065606{border-bottom-width: 6px !important;border-bottom-color: #95c11e !important;border-bottom-style: solid !important;}&#8221;][vc_custom_heading text=&#8221;VALSTS P\u0100RVALDES INSTIT\u016aCIJA&#8221; font_container=&#8221;tag:h2|font_size:30|text_align:right&#8221; [&hellip;]<\/p>\n","protected":false},"author":3,"featured_media":0,"parent":0,"menu_order":0,"comment_status":"closed","ping_status":"closed","template":"","meta":[],"yoast_head":"<!-- This site is optimized with the Yoast SEO plugin v20.1 - https:\/\/yoast.com\/wordpress\/plugins\/seo\/ -->\n<title>PARTNER\u012aBA - LEARNING FOR LIVING TOGETHER<\/title>\n<meta name=\"robots\" content=\"index, follow, max-snippet:-1, max-image-preview:large, max-video-preview:-1\" \/>\n<link rel=\"canonical\" href=\"https:\/\/learningforlivingtogether.conform.it\/lv\/partneriba\/\" \/>\n<meta property=\"og:locale\" content=\"lv_LV\" \/>\n<meta property=\"og:type\" content=\"article\" \/>\n<meta property=\"og:title\" content=\"PARTNER\u012aBA - LEARNING FOR LIVING TOGETHER\" \/>\n<meta property=\"og:description\" content=\"[vc_row][vc_column][vc_column_text] Strat\u0113\u0123isk\u0101 partner\u012bba apvieno 6 partner gorganiz\u0101cijas no 5 valst\u012bm, kas p\u0101rst\u0101v: [\/vc_column_text][\/vc_column][\/vc_row][vc_row equal_height=&#8221;yes&#8221; content_placement=&#8221;middle&#8221;][vc_column width=&#8221;1\/3&#8243; css=&#8221;.vc_custom_1524066023048{border-bottom-width: 6px !important;border-bottom-color: #dddc00 !important;border-bottom-style: solid !important;}&#8221;][vc_custom_heading text=&#8221;AUGST\u0100K\u0100S IZGL\u012aT\u012aBAS IEST\u0100DES&#8221; font_container=&#8221;tag:h2|font_size:30|text_align:right&#8221; use_theme_fonts=&#8221;yes&#8221;][\/vc_column][vc_column width=&#8221;1\/3&#8243;][vc_empty_space height=&#8221;20px&#8221;][vc_single_image image=&#8221;279&#8243; img_size=&#8221;full&#8221; alignment=&#8221;center&#8221; onclick=&#8221;custom_link&#8221; link=&#8221;\/dundalk-institute-of-technology\/&#8221;][\/vc_column][vc_column width=&#8221;1\/3&#8243;][vc_empty_space height=&#8221;20px&#8221;][vc_single_image image=&#8221;276&#8243; img_size=&#8221;full&#8221; alignment=&#8221;center&#8221; onclick=&#8221;custom_link&#8221; link=&#8221;\/southern-regional-college\/&#8221;][\/vc_column][\/vc_row][vc_row equal_height=&#8221;yes&#8221;][vc_column width=&#8221;1\/3&#8243; css=&#8221;.vc_custom_1524066065606{border-bottom-width: 6px !important;border-bottom-color: #95c11e !important;border-bottom-style: solid !important;}&#8221;][vc_custom_heading text=&#8221;VALSTS P\u0100RVALDES INSTIT\u016aCIJA&#8221; font_container=&#8221;tag:h2|font_size:30|text_align:right&#8221; [&hellip;]\" \/>\n<meta property=\"og:url\" content=\"https:\/\/learningforlivingtogether.conform.it\/lv\/partneriba\/\" \/>\n<meta property=\"og:site_name\" content=\"LEARNING FOR LIVING TOGETHER\" \/>\n<meta property=\"article:modified_time\" content=\"2018-09-05T17:56:27+00:00\" \/>\n<meta name=\"twitter:card\" content=\"summary_large_image\" \/>\n<meta name=\"twitter:label1\" content=\"Est. reading time\" \/>\n\t<meta name=\"twitter:data1\" content=\"2 minutes\" \/>\n<script type=\"application\/ld+json\" class=\"yoast-schema-graph\">{\"@context\":\"https:\/\/schema.org\",\"@graph\":[{\"@type\":\"WebPage\",\"@id\":\"https:\/\/learningforlivingtogether.conform.it\/lv\/partneriba\/\",\"url\":\"https:\/\/learningforlivingtogether.conform.it\/lv\/partneriba\/\",\"name\":\"PARTNER\u012aBA - LEARNING FOR LIVING TOGETHER\",\"isPartOf\":{\"@id\":\"https:\/\/learningforlivingtogether.conform.it\/#website\"},\"datePublished\":\"2018-04-27T16:05:44+00:00\",\"dateModified\":\"2018-09-05T17:56:27+00:00\",\"breadcrumb\":{\"@id\":\"https:\/\/learningforlivingtogether.conform.it\/lv\/partneriba\/#breadcrumb\"},\"inLanguage\":\"lv-LV\",\"potentialAction\":[{\"@type\":\"ReadAction\",\"target\":[\"https:\/\/learningforlivingtogether.conform.it\/lv\/partneriba\/\"]}]},{\"@type\":\"BreadcrumbList\",\"@id\":\"https:\/\/learningforlivingtogether.conform.it\/lv\/partneriba\/#breadcrumb\",\"itemListElement\":[{\"@type\":\"ListItem\",\"position\":1,\"name\":\"Home\",\"item\":\"https:\/\/learningforlivingtogether.conform.it\/lv\/\"},{\"@type\":\"ListItem\",\"position\":2,\"name\":\"PARTNER\u012aBA\"}]},{\"@type\":\"WebSite\",\"@id\":\"https:\/\/learningforlivingtogether.conform.it\/#website\",\"url\":\"https:\/\/learningforlivingtogether.conform.it\/\",\"name\":\"LEARNING FOR LIVING TOGETHER\",\"description\":\"Erasmus+ Project\",\"potentialAction\":[{\"@type\":\"SearchAction\",\"target\":{\"@type\":\"EntryPoint\",\"urlTemplate\":\"https:\/\/learningforlivingtogether.conform.it\/?s={search_term_string}\"},\"query-input\":\"required name=search_term_string\"}],\"inLanguage\":\"lv-LV\"}]}<\/script>\n<!-- \/ Yoast SEO plugin. -->","yoast_head_json":{"title":"PARTNER\u012aBA - LEARNING FOR LIVING TOGETHER","robots":{"index":"index","follow":"follow","max-snippet":"max-snippet:-1","max-image-preview":"max-image-preview:large","max-video-preview":"max-video-preview:-1"},"canonical":"https:\/\/learningforlivingtogether.conform.it\/lv\/partneriba\/","og_locale":"lv_LV","og_type":"article","og_title":"PARTNER\u012aBA - LEARNING FOR LIVING TOGETHER","og_description":"[vc_row][vc_column][vc_column_text] Strat\u0113\u0123isk\u0101 partner\u012bba apvieno 6 partner gorganiz\u0101cijas no 5 valst\u012bm, kas p\u0101rst\u0101v: [\/vc_column_text][\/vc_column][\/vc_row][vc_row equal_height=&#8221;yes&#8221; content_placement=&#8221;middle&#8221;][vc_column width=&#8221;1\/3&#8243; css=&#8221;.vc_custom_1524066023048{border-bottom-width: 6px !important;border-bottom-color: #dddc00 !important;border-bottom-style: solid !important;}&#8221;][vc_custom_heading text=&#8221;AUGST\u0100K\u0100S IZGL\u012aT\u012aBAS IEST\u0100DES&#8221; font_container=&#8221;tag:h2|font_size:30|text_align:right&#8221; use_theme_fonts=&#8221;yes&#8221;][\/vc_column][vc_column width=&#8221;1\/3&#8243;][vc_empty_space height=&#8221;20px&#8221;][vc_single_image image=&#8221;279&#8243; img_size=&#8221;full&#8221; alignment=&#8221;center&#8221; onclick=&#8221;custom_link&#8221; link=&#8221;\/dundalk-institute-of-technology\/&#8221;][\/vc_column][vc_column width=&#8221;1\/3&#8243;][vc_empty_space height=&#8221;20px&#8221;][vc_single_image image=&#8221;276&#8243; img_size=&#8221;full&#8221; alignment=&#8221;center&#8221; onclick=&#8221;custom_link&#8221; link=&#8221;\/southern-regional-college\/&#8221;][\/vc_column][\/vc_row][vc_row equal_height=&#8221;yes&#8221;][vc_column width=&#8221;1\/3&#8243; css=&#8221;.vc_custom_1524066065606{border-bottom-width: 6px !important;border-bottom-color: #95c11e !important;border-bottom-style: solid !important;}&#8221;][vc_custom_heading text=&#8221;VALSTS P\u0100RVALDES INSTIT\u016aCIJA&#8221; font_container=&#8221;tag:h2|font_size:30|text_align:right&#8221; [&hellip;]","og_url":"https:\/\/learningforlivingtogether.conform.it\/lv\/partneriba\/","og_site_name":"LEARNING FOR LIVING TOGETHER","article_modified_time":"2018-09-05T17:56:27+00:00","twitter_card":"summary_large_image","twitter_misc":{"Est. reading time":"2 minutes"},"schema":{"@context":"https:\/\/schema.org","@graph":[{"@type":"WebPage","@id":"https:\/\/learningforlivingtogether.conform.it\/lv\/partneriba\/","url":"https:\/\/learningforlivingtogether.conform.it\/lv\/partneriba\/","name":"PARTNER\u012aBA - LEARNING FOR LIVING TOGETHER","isPartOf":{"@id":"https:\/\/learningforlivingtogether.conform.it\/#website"},"datePublished":"2018-04-27T16:05:44+00:00","dateModified":"2018-09-05T17:56:27+00:00","breadcrumb":{"@id":"https:\/\/learningforlivingtogether.conform.it\/lv\/partneriba\/#breadcrumb"},"inLanguage":"lv-LV","potentialAction":[{"@type":"ReadAction","target":["https:\/\/learningforlivingtogether.conform.it\/lv\/partneriba\/"]}]},{"@type":"BreadcrumbList","@id":"https:\/\/learningforlivingtogether.conform.it\/lv\/partneriba\/#breadcrumb","itemListElement":[{"@type":"ListItem","position":1,"name":"Home","item":"https:\/\/learningforlivingtogether.conform.it\/lv\/"},{"@type":"ListItem","position":2,"name":"PARTNER\u012aBA"}]},{"@type":"WebSite","@id":"https:\/\/learningforlivingtogether.conform.it\/#website","url":"https:\/\/learningforlivingtogether.conform.it\/","name":"LEARNING FOR LIVING TOGETHER","description":"Erasmus+ Project","potentialAction":[{"@type":"SearchAction","target":{"@type":"EntryPoint","urlTemplate":"https:\/\/learningforlivingtogether.conform.it\/?s={search_term_string}"},"query-input":"required name=search_term_string"}],"inLanguage":"lv-LV"}]}},"_links":{"self":[{"href":"https:\/\/learningforlivingtogether.conform.it\/lv\/wp-json\/wp\/v2\/pages\/412"}],"collection":[{"href":"https:\/\/learningforlivingtogether.conform.it\/lv\/wp-json\/wp\/v2\/pages"}],"about":[{"href":"https:\/\/learningforlivingtogether.conform.it\/lv\/wp-json\/wp\/v2\/types\/page"}],"author":[{"embeddable":true,"href":"https:\/\/learningforlivingtogether.conform.it\/lv\/wp-json\/wp\/v2\/users\/3"}],"replies":[{"embeddable":true,"href":"https:\/\/learningforlivingtogether.conform.it\/lv\/wp-json\/wp\/v2\/comments?post=412"}],"version-history":[{"count":8,"href":"https:\/\/learningforlivingtogether.conform.it\/lv\/wp-json\/wp\/v2\/pages\/412\/revisions"}],"predecessor-version":[{"id":653,"href":"https:\/\/learningforlivingtogether.conform.it\/lv\/wp-json\/wp\/v2\/pages\/412\/revisions\/653"}],"wp:attachment":[{"href":"https:\/\/learningforlivingtogether.conform.it\/lv\/wp-json\/wp\/v2\/media?parent=412"}],"curies":[{"name":"wp","href":"https:\/\/api.w.org\/{rel}","templated":true}]}}