{"id":657,"date":"2018-04-18T07:51:14","date_gmt":"2018-04-18T07:51:14","guid":{"rendered":"https:\/\/learningforlivingtogether.conform.it\/partneriba\/dundalk-institute-of-technology\/"},"modified":"2018-09-06T10:51:07","modified_gmt":"2018-09-06T10:51:07","slug":"dundalk-institute-of-technology","status":"publish","type":"page","link":"https:\/\/learningforlivingtogether.conform.it\/lv\/partneriba\/dundalk-institute-of-technology\/","title":{"rendered":"DUNDALK INSTITUTE OF TECHNOLOGY (IE)"},"content":{"rendered":"<section class=\"wpb-content-wrapper\"><p>[vc_row full_width=&#8221;stretch_row&#8221; css=&#8221;.vc_custom_1523978835207{background-position: center !important;background-repeat: no-repeat !important;background-size: cover !important;}&#8221;][vc_column][\/vc_column][\/vc_row][vc_row][vc_column width=&#8221;5\/12&#8243;][vc_single_image image=&#8221;181&#8243; img_size=&#8221;full&#8221; alignment=&#8221;center&#8221; css_animation=&#8221;bounceInDown&#8221;][vc_row_inner][vc_column_inner][vc_separator color=&#8221;custom&#8221; border_width=&#8221;4&#8243; el_width=&#8221;50&#8243; css_animation=&#8221;bounceInLeft&#8221; accent_color=&#8221;#dddc00&#8243;][vc_column_text]<\/p>\n<h2 style=\"text-align: center;\"><span style=\"color: #999999;\"><a class=\"btn_sito\" style=\"color: #999999;\" href=\"https:\/\/www.dkit.ie\/\" target=\"_blank\" rel=\"noopener\">m\u0101jas lapa<\/a><\/span><\/h2>\n<p>[\/vc_column_text][\/vc_column_inner][\/vc_row_inner][\/vc_column][vc_column width=&#8221;7\/12&#8243;][vc_column_text]<\/p>\n<p style=\"text-align: justify;\"><strong>Dundalkas Tehnolo\u0123iju instit\u016bts (DKIT)<\/strong> ir viens no vado\u0161ajiem tehnolo\u0123iju instit\u016btiem \u012arij\u0101. DKIT ir vald\u012bbas finans\u0113ts instit\u016bts, kur\u0101 stud\u0113 gandr\u012bz 5000 studenti, un taj\u0101 ir pilna apjoma bakalaura, ma\u0123istra un doktora studiju programmas. Starp daudzaj\u0101m instit\u016bta pied\u0101v\u0101taj\u0101m programm\u0101m ir Soci\u0101l\u0101s apr\u016bpes programma (Humanit\u0101ro zin\u0101t\u0146u katedra). \u0160\u012b strukt\u016bra ir atbild\u012bga par t\u0101du soci\u0101l\u0101s apr\u016bpes programmas studentu apm\u0101c\u012bbu, kas \u013cautu vi\u0146iem kvalific\u0113ties darbam ar visneaizsarg\u0101t\u0101ko m\u016bsu sabiedr\u012bbas m\u0113r\u0137auditoriju, tostarp patv\u0113ruma mekl\u0113t\u0101jiem un b\u0113g\u013ciem. Studentu apm\u0101c\u012bba ietver studentu praksi viet\u0101s, kur noris imigrantu un b\u0113g\u013cu integr\u0101cijas programmu izstr\u0101de. Kurs\u0101 izmantot\u0101s m\u0101c\u012bbu metodes sniedz studentiem iesp\u0113ju att\u012bst\u012bt prasmes darbam multikultur\u0101l\u0101 kontekst\u0101 un sekm\u0113t darbu ar cilv\u0113kiem no vis\u0101m etnisko minorit\u0101\u0161u grup\u0101m. Liel\u0101k\u0101 m\u016bsu darba da\u013ca balst\u0101s uz Braz\u012blijas pedagoga Paulo Freire darbiem, kas bija vado\u0161ais kritisk\u0101s pedago\u0123ijas piekrit\u0113js.<\/p>\n<p style=\"text-align: justify;\">T\u0101 k\u0101 DKIT ir izgl\u012bt\u012bbas iest\u0101de, liel\u0101k\u0101 da\u013ca m\u016bsu aktivit\u0101\u0161u ir saist\u012btas ar jaunie\u0161u izgl\u012bt\u012bbu. Projektam visatbilsto\u0161\u0101k\u0101s aktivit\u0101tes, kas tiek veiktas soci\u0101l\u0101s apr\u016bpes programmas ietvaros, ir kult\u016bras daudzveid\u012bba un integr\u0101cijas darbs, ko apg\u016bst gan klas\u0113, gan str\u0101d\u0101jot pie p\u0113t\u012bjuma projekta izstr\u0101des jaunu kopienu integr\u0101cijas atvieglo\u0161anai. Soci\u0101l\u0101s apr\u016bpes programmas m\u0101c\u012bbsp\u0113ki ir kvalific\u0113ti soci\u0101lie darbinieki, kuriem ir pieredze darb\u0101 ar cilv\u0113kiem no nelabv\u0113l\u012bgas vides.<\/p>\n<p>[\/vc_column_text][\/vc_column][\/vc_row][vc_row][vc_column][\/vc_column][\/vc_row]<\/p>\n<\/section>","protected":false},"excerpt":{"rendered":"<p>[vc_row full_width=&#8221;stretch_row&#8221; css=&#8221;.vc_custom_1523978835207{background-position: center !important;background-repeat: no-repeat !important;background-size: cover !important;}&#8221;][vc_column][\/vc_column][\/vc_row][vc_row][vc_column width=&#8221;5\/12&#8243;][vc_single_image image=&#8221;181&#8243; img_size=&#8221;full&#8221; alignment=&#8221;center&#8221; css_animation=&#8221;bounceInDown&#8221;][vc_row_inner][vc_column_inner][vc_separator color=&#8221;custom&#8221; border_width=&#8221;4&#8243; el_width=&#8221;50&#8243; css_animation=&#8221;bounceInLeft&#8221; accent_color=&#8221;#dddc00&#8243;][vc_column_text] m\u0101jas lapa [\/vc_column_text][\/vc_column_inner][\/vc_row_inner][\/vc_column][vc_column width=&#8221;7\/12&#8243;][vc_column_text] Dundalkas Tehnolo\u0123iju instit\u016bts (DKIT) ir viens no vado\u0161ajiem tehnolo\u0123iju instit\u016btiem \u012arij\u0101. DKIT ir vald\u012bbas finans\u0113ts instit\u016bts, kur\u0101 stud\u0113 gandr\u012bz 5000 studenti, un taj\u0101 ir pilna apjoma bakalaura, ma\u0123istra un doktora studiju programmas. [&hellip;]<\/p>\n","protected":false},"author":3,"featured_media":0,"parent":412,"menu_order":0,"comment_status":"closed","ping_status":"closed","template":"","meta":[],"yoast_head":"<!-- This site is optimized with the Yoast SEO plugin v20.1 - https:\/\/yoast.com\/wordpress\/plugins\/seo\/ -->\n<title>DUNDALK INSTITUTE OF TECHNOLOGY (IE) - LEARNING FOR LIVING TOGETHER<\/title>\n<meta name=\"robots\" content=\"index, follow, max-snippet:-1, max-image-preview:large, max-video-preview:-1\" \/>\n<link rel=\"canonical\" href=\"https:\/\/learningforlivingtogether.conform.it\/lv\/partneriba\/dundalk-institute-of-technology\/\" \/>\n<meta property=\"og:locale\" content=\"lv_LV\" \/>\n<meta property=\"og:type\" content=\"article\" \/>\n<meta property=\"og:title\" content=\"DUNDALK INSTITUTE OF TECHNOLOGY (IE) - LEARNING FOR LIVING TOGETHER\" \/>\n<meta property=\"og:description\" content=\"[vc_row full_width=&#8221;stretch_row&#8221; css=&#8221;.vc_custom_1523978835207{background-position: center !important;background-repeat: no-repeat !important;background-size: cover !important;}&#8221;][vc_column][\/vc_column][\/vc_row][vc_row][vc_column width=&#8221;5\/12&#8243;][vc_single_image image=&#8221;181&#8243; img_size=&#8221;full&#8221; alignment=&#8221;center&#8221; css_animation=&#8221;bounceInDown&#8221;][vc_row_inner][vc_column_inner][vc_separator color=&#8221;custom&#8221; border_width=&#8221;4&#8243; el_width=&#8221;50&#8243; css_animation=&#8221;bounceInLeft&#8221; accent_color=&#8221;#dddc00&#8243;][vc_column_text] m\u0101jas lapa [\/vc_column_text][\/vc_column_inner][\/vc_row_inner][\/vc_column][vc_column width=&#8221;7\/12&#8243;][vc_column_text] Dundalkas Tehnolo\u0123iju instit\u016bts (DKIT) ir viens no vado\u0161ajiem tehnolo\u0123iju instit\u016btiem \u012arij\u0101. DKIT ir vald\u012bbas finans\u0113ts instit\u016bts, kur\u0101 stud\u0113 gandr\u012bz 5000 studenti, un taj\u0101 ir pilna apjoma bakalaura, ma\u0123istra un doktora studiju programmas. [&hellip;]\" \/>\n<meta property=\"og:url\" content=\"https:\/\/learningforlivingtogether.conform.it\/lv\/partneriba\/dundalk-institute-of-technology\/\" \/>\n<meta property=\"og:site_name\" content=\"LEARNING FOR LIVING TOGETHER\" \/>\n<meta property=\"article:modified_time\" content=\"2018-09-06T10:51:07+00:00\" \/>\n<meta name=\"twitter:card\" content=\"summary_large_image\" \/>\n<meta name=\"twitter:label1\" content=\"Est. reading time\" \/>\n\t<meta name=\"twitter:data1\" content=\"2 minutes\" \/>\n<script type=\"application\/ld+json\" class=\"yoast-schema-graph\">{\"@context\":\"https:\/\/schema.org\",\"@graph\":[{\"@type\":\"WebPage\",\"@id\":\"https:\/\/learningforlivingtogether.conform.it\/lv\/partneriba\/dundalk-institute-of-technology\/\",\"url\":\"https:\/\/learningforlivingtogether.conform.it\/lv\/partneriba\/dundalk-institute-of-technology\/\",\"name\":\"DUNDALK INSTITUTE OF TECHNOLOGY (IE) - LEARNING FOR LIVING TOGETHER\",\"isPartOf\":{\"@id\":\"https:\/\/learningforlivingtogether.conform.it\/#website\"},\"datePublished\":\"2018-04-18T07:51:14+00:00\",\"dateModified\":\"2018-09-06T10:51:07+00:00\",\"breadcrumb\":{\"@id\":\"https:\/\/learningforlivingtogether.conform.it\/lv\/partneriba\/dundalk-institute-of-technology\/#breadcrumb\"},\"inLanguage\":\"lv-LV\",\"potentialAction\":[{\"@type\":\"ReadAction\",\"target\":[\"https:\/\/learningforlivingtogether.conform.it\/lv\/partneriba\/dundalk-institute-of-technology\/\"]}]},{\"@type\":\"BreadcrumbList\",\"@id\":\"https:\/\/learningforlivingtogether.conform.it\/lv\/partneriba\/dundalk-institute-of-technology\/#breadcrumb\",\"itemListElement\":[{\"@type\":\"ListItem\",\"position\":1,\"name\":\"Home\",\"item\":\"https:\/\/learningforlivingtogether.conform.it\/lv\/\"},{\"@type\":\"ListItem\",\"position\":2,\"name\":\"PARTNER\u012aBA\",\"item\":\"https:\/\/learningforlivingtogether.conform.it\/lv\/partneriba\/\"},{\"@type\":\"ListItem\",\"position\":3,\"name\":\"DUNDALK INSTITUTE OF TECHNOLOGY (IE)\"}]},{\"@type\":\"WebSite\",\"@id\":\"https:\/\/learningforlivingtogether.conform.it\/#website\",\"url\":\"https:\/\/learningforlivingtogether.conform.it\/\",\"name\":\"LEARNING FOR LIVING TOGETHER\",\"description\":\"Erasmus+ Project\",\"potentialAction\":[{\"@type\":\"SearchAction\",\"target\":{\"@type\":\"EntryPoint\",\"urlTemplate\":\"https:\/\/learningforlivingtogether.conform.it\/?s={search_term_string}\"},\"query-input\":\"required name=search_term_string\"}],\"inLanguage\":\"lv-LV\"}]}<\/script>\n<!-- \/ Yoast SEO plugin. -->","yoast_head_json":{"title":"DUNDALK INSTITUTE OF TECHNOLOGY (IE) - LEARNING FOR LIVING TOGETHER","robots":{"index":"index","follow":"follow","max-snippet":"max-snippet:-1","max-image-preview":"max-image-preview:large","max-video-preview":"max-video-preview:-1"},"canonical":"https:\/\/learningforlivingtogether.conform.it\/lv\/partneriba\/dundalk-institute-of-technology\/","og_locale":"lv_LV","og_type":"article","og_title":"DUNDALK INSTITUTE OF TECHNOLOGY (IE) - LEARNING FOR LIVING TOGETHER","og_description":"[vc_row full_width=&#8221;stretch_row&#8221; css=&#8221;.vc_custom_1523978835207{background-position: center !important;background-repeat: no-repeat !important;background-size: cover !important;}&#8221;][vc_column][\/vc_column][\/vc_row][vc_row][vc_column width=&#8221;5\/12&#8243;][vc_single_image image=&#8221;181&#8243; img_size=&#8221;full&#8221; alignment=&#8221;center&#8221; css_animation=&#8221;bounceInDown&#8221;][vc_row_inner][vc_column_inner][vc_separator color=&#8221;custom&#8221; border_width=&#8221;4&#8243; el_width=&#8221;50&#8243; css_animation=&#8221;bounceInLeft&#8221; accent_color=&#8221;#dddc00&#8243;][vc_column_text] m\u0101jas lapa [\/vc_column_text][\/vc_column_inner][\/vc_row_inner][\/vc_column][vc_column width=&#8221;7\/12&#8243;][vc_column_text] Dundalkas Tehnolo\u0123iju instit\u016bts (DKIT) ir viens no vado\u0161ajiem tehnolo\u0123iju instit\u016btiem \u012arij\u0101. DKIT ir vald\u012bbas finans\u0113ts instit\u016bts, kur\u0101 stud\u0113 gandr\u012bz 5000 studenti, un taj\u0101 ir pilna apjoma bakalaura, ma\u0123istra un doktora studiju programmas. [&hellip;]","og_url":"https:\/\/learningforlivingtogether.conform.it\/lv\/partneriba\/dundalk-institute-of-technology\/","og_site_name":"LEARNING FOR LIVING TOGETHER","article_modified_time":"2018-09-06T10:51:07+00:00","twitter_card":"summary_large_image","twitter_misc":{"Est. reading time":"2 minutes"},"schema":{"@context":"https:\/\/schema.org","@graph":[{"@type":"WebPage","@id":"https:\/\/learningforlivingtogether.conform.it\/lv\/partneriba\/dundalk-institute-of-technology\/","url":"https:\/\/learningforlivingtogether.conform.it\/lv\/partneriba\/dundalk-institute-of-technology\/","name":"DUNDALK INSTITUTE OF TECHNOLOGY (IE) - LEARNING FOR LIVING TOGETHER","isPartOf":{"@id":"https:\/\/learningforlivingtogether.conform.it\/#website"},"datePublished":"2018-04-18T07:51:14+00:00","dateModified":"2018-09-06T10:51:07+00:00","breadcrumb":{"@id":"https:\/\/learningforlivingtogether.conform.it\/lv\/partneriba\/dundalk-institute-of-technology\/#breadcrumb"},"inLanguage":"lv-LV","potentialAction":[{"@type":"ReadAction","target":["https:\/\/learningforlivingtogether.conform.it\/lv\/partneriba\/dundalk-institute-of-technology\/"]}]},{"@type":"BreadcrumbList","@id":"https:\/\/learningforlivingtogether.conform.it\/lv\/partneriba\/dundalk-institute-of-technology\/#breadcrumb","itemListElement":[{"@type":"ListItem","position":1,"name":"Home","item":"https:\/\/learningforlivingtogether.conform.it\/lv\/"},{"@type":"ListItem","position":2,"name":"PARTNER\u012aBA","item":"https:\/\/learningforlivingtogether.conform.it\/lv\/partneriba\/"},{"@type":"ListItem","position":3,"name":"DUNDALK INSTITUTE OF TECHNOLOGY (IE)"}]},{"@type":"WebSite","@id":"https:\/\/learningforlivingtogether.conform.it\/#website","url":"https:\/\/learningforlivingtogether.conform.it\/","name":"LEARNING FOR LIVING TOGETHER","description":"Erasmus+ Project","potentialAction":[{"@type":"SearchAction","target":{"@type":"EntryPoint","urlTemplate":"https:\/\/learningforlivingtogether.conform.it\/?s={search_term_string}"},"query-input":"required name=search_term_string"}],"inLanguage":"lv-LV"}]}},"_links":{"self":[{"href":"https:\/\/learningforlivingtogether.conform.it\/lv\/wp-json\/wp\/v2\/pages\/657"}],"collection":[{"href":"https:\/\/learningforlivingtogether.conform.it\/lv\/wp-json\/wp\/v2\/pages"}],"about":[{"href":"https:\/\/learningforlivingtogether.conform.it\/lv\/wp-json\/wp\/v2\/types\/page"}],"author":[{"embeddable":true,"href":"https:\/\/learningforlivingtogether.conform.it\/lv\/wp-json\/wp\/v2\/users\/3"}],"replies":[{"embeddable":true,"href":"https:\/\/learningforlivingtogether.conform.it\/lv\/wp-json\/wp\/v2\/comments?post=657"}],"version-history":[{"count":3,"href":"https:\/\/learningforlivingtogether.conform.it\/lv\/wp-json\/wp\/v2\/pages\/657\/revisions"}],"predecessor-version":[{"id":669,"href":"https:\/\/learningforlivingtogether.conform.it\/lv\/wp-json\/wp\/v2\/pages\/657\/revisions\/669"}],"up":[{"embeddable":true,"href":"https:\/\/learningforlivingtogether.conform.it\/lv\/wp-json\/wp\/v2\/pages\/412"}],"wp:attachment":[{"href":"https:\/\/learningforlivingtogether.conform.it\/lv\/wp-json\/wp\/v2\/media?parent=657"}],"curies":[{"name":"wp","href":"https:\/\/api.w.org\/{rel}","templated":true}]}}