{"id":661,"date":"2018-04-17T13:59:15","date_gmt":"2018-04-17T13:59:15","guid":{"rendered":"https:\/\/learningforlivingtogether.conform.it\/partneriba\/southern-regional-college\/"},"modified":"2018-09-06T10:52:27","modified_gmt":"2018-09-06T10:52:27","slug":"southern-regional-college","status":"publish","type":"page","link":"https:\/\/learningforlivingtogether.conform.it\/lv\/partneriba\/southern-regional-college\/","title":{"rendered":"SOUTHERN REGIONAL COLLEGE (UK)"},"content":{"rendered":"<section class=\"wpb-content-wrapper\"><p>[vc_row full_width=&#8221;stretch_row&#8221; css=&#8221;.vc_custom_1523978835207{background-position: center !important;background-repeat: no-repeat !important;background-size: cover !important;}&#8221;][vc_column][\/vc_column][\/vc_row][vc_row][vc_column width=&#8221;5\/12&#8243;][vc_single_image image=&#8221;121&#8243; img_size=&#8221;full&#8221; alignment=&#8221;center&#8221; css_animation=&#8221;bounceInDown&#8221;][vc_row_inner][vc_column_inner][vc_separator color=&#8221;custom&#8221; border_width=&#8221;4&#8243; el_width=&#8221;50&#8243; css_animation=&#8221;bounceInLeft&#8221; accent_color=&#8221;#dddc00&#8243; el_class=&#8221;linea_magenta&#8221;][vc_column_text]<\/p>\n<h2 style=\"text-align: center;\"><span style=\"color: #999999;\"><a class=\"btn_sito\" style=\"color: #999999;\" href=\"https:\/\/www.src.ac.uk\/\" target=\"_blank\" rel=\"noopener\">m\u0101jas lapa<\/a><\/span><\/h2>\n<p>[\/vc_column_text][\/vc_column_inner][\/vc_row_inner][\/vc_column][vc_column width=&#8221;7\/12&#8243;][vc_column_text]<\/p>\n<p style=\"text-align: justify;\"><strong>Dienvidu re\u0123ion\u0101l\u0101 koled\u017ea (SRC)<\/strong> okatru gadu nodro\u0161ina vair\u0101k nek\u0101 3500 pilna laika studentu un vair\u0101k nek\u0101 30 000 nepilna laika stud\u0113jo\u0161o apm\u0101c\u012bbu. SRC ir otr\u0101 liel\u0101k\u0101 koled\u017ea Zieme\u013c\u012brij\u0101 ar se\u0161\u0101m strukt\u016brvien\u012bb\u0101m Armagh un Down teritori\u0101lajos apgabalos. SRC pied\u0101v\u0101 augst\u0101k\u0101s kvalit\u0101tes izgl\u012bt\u012bbu un aizraujo\u0161u m\u0101c\u012bbu vidi t\u0101l\u0101kapm\u0101c\u012bbai un augst\u0101kai izgl\u012bt\u012bbai. Koled\u017eas \u0161tat\u0101 ir 720 pilna laika pasniedz\u0113ju un 470 atbalsta darbinieku. Iest\u0101des gada bud\u017eets ir 40 miljoni sterli\u0146u m\u0101rci\u0146u. SRC sadarbojas ar vair\u0101k nek\u0101 100 kopien\u0101m un br\u012bvpr\u0101t\u012bgo grup\u0101m, aptverot vair\u0101k nek\u0101 1500 kvadr\u0101tj\u016bdzes pla\u0161u teritoriju dienvidu re\u0123ion\u0101, populariz\u0113jot pieejamos pieaugu\u0161o t\u0101l\u0101kizgl\u012bt\u012bbas kursus kopien\u0101s. SRC \u012bpa\u0161\u0101 kopienu apm\u0101c\u012bbu komanda nodro\u0161ina apm\u0101c\u012bbas un izgl\u012bt\u012bbas pieejam\u012bbu pieaugu\u0161ajiem, sekm\u0113jot vi\u0146u zin\u0101\u0161anu, prasmju un kvalifik\u0101ciju pilnveidi. 2013.\/2014. m\u0101c\u012bbu gad\u0101 SRC novad\u012bja 484 sesijas 2966 audz\u0113k\u0146iem (5021 tika uz\u0146emti), aptverot 73 da\u017e\u0101da veida kursus.<\/p>\n<p>[\/vc_column_text][vc_column_text]<\/p>\n<p style=\"text-align: justify;\">P\u0113d\u0113jo gadu laik\u0101 koled\u017ea ir vad\u012bjusi virkni inovat\u012bvu projektu migrantu kopien\u0101m, tostarp p\u0101rmai\u0146u proces\u0101 eso\u0161o kopienu apm\u0101c\u012bbas projektu (TLC) (ko finans\u0113 Big Lottery) un Voice Project (finans\u0113 PHA) un &#8220;Learning for Living&#8221; Grundtvig projektu. \u0160ie projekti \u013c\u0101va Koled\u017eai pied\u0101v\u0101t virkni neform\u0101l\u0101s izgl\u012bt\u012bbas kursu un atbalsta pas\u0101kumu migrantiem. \u0160ie projekti samazin\u0101ja aizspriedumus un iedro\u0161in\u0101ja liel\u0101ko da\u013cu kopienu, k\u0101 ar\u012b nodro\u0161in\u0101ja aptvero\u0161u pakalpojumu kl\u0101stu migrantu kopien\u0101m, tai skait\u0101 neform\u0101l\u0101s starppaaud\u017eu apm\u0101c\u012bbas, \u0123ime\u0146u atbalstu, labkl\u0101j\u012bbas veicin\u0101\u0161anas ieteikumus, mentoringu un konsult\u0101cijas. SRC ir ar\u012b pas\u016bt\u012bjusi p\u0113t\u012bjumu par minorit\u0101\u0161u etnisko kopienu iesaist\u012b\u0161an\u0101s l\u012bmeni pilsoniskaj\u0101, kopienas un politiskaj\u0101 dz\u012bv\u0113 Zieme\u013c\u012brij\u0101.<\/p>\n<p>[\/vc_column_text][\/vc_column][\/vc_row][vc_row][vc_column][\/vc_column][\/vc_row]<\/p>\n<\/section>","protected":false},"excerpt":{"rendered":"<p>[vc_row full_width=&#8221;stretch_row&#8221; css=&#8221;.vc_custom_1523978835207{background-position: center !important;background-repeat: no-repeat !important;background-size: cover !important;}&#8221;][vc_column][\/vc_column][\/vc_row][vc_row][vc_column width=&#8221;5\/12&#8243;][vc_single_image image=&#8221;121&#8243; img_size=&#8221;full&#8221; alignment=&#8221;center&#8221; css_animation=&#8221;bounceInDown&#8221;][vc_row_inner][vc_column_inner][vc_separator color=&#8221;custom&#8221; border_width=&#8221;4&#8243; el_width=&#8221;50&#8243; css_animation=&#8221;bounceInLeft&#8221; accent_color=&#8221;#dddc00&#8243; el_class=&#8221;linea_magenta&#8221;][vc_column_text] m\u0101jas lapa [\/vc_column_text][\/vc_column_inner][\/vc_row_inner][\/vc_column][vc_column width=&#8221;7\/12&#8243;][vc_column_text] Dienvidu re\u0123ion\u0101l\u0101 koled\u017ea (SRC) okatru gadu nodro\u0161ina vair\u0101k nek\u0101 3500 pilna laika studentu un vair\u0101k nek\u0101 30 000 nepilna laika stud\u0113jo\u0161o apm\u0101c\u012bbu. SRC ir otr\u0101 liel\u0101k\u0101 koled\u017ea Zieme\u013c\u012brij\u0101 ar se\u0161\u0101m strukt\u016brvien\u012bb\u0101m [&hellip;]<\/p>\n","protected":false},"author":3,"featured_media":0,"parent":412,"menu_order":0,"comment_status":"closed","ping_status":"closed","template":"","meta":[],"yoast_head":"<!-- This site is optimized with the Yoast SEO plugin v20.1 - https:\/\/yoast.com\/wordpress\/plugins\/seo\/ -->\n<title>SOUTHERN REGIONAL COLLEGE (UK) - LEARNING FOR LIVING TOGETHER<\/title>\n<meta name=\"robots\" content=\"index, follow, max-snippet:-1, max-image-preview:large, max-video-preview:-1\" \/>\n<link rel=\"canonical\" href=\"https:\/\/learningforlivingtogether.conform.it\/lv\/partneriba\/southern-regional-college\/\" \/>\n<meta property=\"og:locale\" content=\"lv_LV\" \/>\n<meta property=\"og:type\" content=\"article\" \/>\n<meta property=\"og:title\" content=\"SOUTHERN REGIONAL COLLEGE (UK) - LEARNING FOR LIVING TOGETHER\" \/>\n<meta property=\"og:description\" content=\"[vc_row full_width=&#8221;stretch_row&#8221; css=&#8221;.vc_custom_1523978835207{background-position: center !important;background-repeat: no-repeat !important;background-size: cover !important;}&#8221;][vc_column][\/vc_column][\/vc_row][vc_row][vc_column width=&#8221;5\/12&#8243;][vc_single_image image=&#8221;121&#8243; img_size=&#8221;full&#8221; alignment=&#8221;center&#8221; css_animation=&#8221;bounceInDown&#8221;][vc_row_inner][vc_column_inner][vc_separator color=&#8221;custom&#8221; border_width=&#8221;4&#8243; el_width=&#8221;50&#8243; css_animation=&#8221;bounceInLeft&#8221; accent_color=&#8221;#dddc00&#8243; el_class=&#8221;linea_magenta&#8221;][vc_column_text] m\u0101jas lapa [\/vc_column_text][\/vc_column_inner][\/vc_row_inner][\/vc_column][vc_column width=&#8221;7\/12&#8243;][vc_column_text] Dienvidu re\u0123ion\u0101l\u0101 koled\u017ea (SRC) okatru gadu nodro\u0161ina vair\u0101k nek\u0101 3500 pilna laika studentu un vair\u0101k nek\u0101 30 000 nepilna laika stud\u0113jo\u0161o apm\u0101c\u012bbu. SRC ir otr\u0101 liel\u0101k\u0101 koled\u017ea Zieme\u013c\u012brij\u0101 ar se\u0161\u0101m strukt\u016brvien\u012bb\u0101m [&hellip;]\" \/>\n<meta property=\"og:url\" content=\"https:\/\/learningforlivingtogether.conform.it\/lv\/partneriba\/southern-regional-college\/\" \/>\n<meta property=\"og:site_name\" content=\"LEARNING FOR LIVING TOGETHER\" \/>\n<meta property=\"article:modified_time\" content=\"2018-09-06T10:52:27+00:00\" \/>\n<meta name=\"twitter:card\" content=\"summary_large_image\" \/>\n<meta name=\"twitter:label1\" content=\"Est. reading time\" \/>\n\t<meta name=\"twitter:data1\" content=\"2 minutes\" \/>\n<script type=\"application\/ld+json\" class=\"yoast-schema-graph\">{\"@context\":\"https:\/\/schema.org\",\"@graph\":[{\"@type\":\"WebPage\",\"@id\":\"https:\/\/learningforlivingtogether.conform.it\/lv\/partneriba\/southern-regional-college\/\",\"url\":\"https:\/\/learningforlivingtogether.conform.it\/lv\/partneriba\/southern-regional-college\/\",\"name\":\"SOUTHERN REGIONAL COLLEGE (UK) - LEARNING FOR LIVING TOGETHER\",\"isPartOf\":{\"@id\":\"https:\/\/learningforlivingtogether.conform.it\/#website\"},\"datePublished\":\"2018-04-17T13:59:15+00:00\",\"dateModified\":\"2018-09-06T10:52:27+00:00\",\"breadcrumb\":{\"@id\":\"https:\/\/learningforlivingtogether.conform.it\/lv\/partneriba\/southern-regional-college\/#breadcrumb\"},\"inLanguage\":\"lv-LV\",\"potentialAction\":[{\"@type\":\"ReadAction\",\"target\":[\"https:\/\/learningforlivingtogether.conform.it\/lv\/partneriba\/southern-regional-college\/\"]}]},{\"@type\":\"BreadcrumbList\",\"@id\":\"https:\/\/learningforlivingtogether.conform.it\/lv\/partneriba\/southern-regional-college\/#breadcrumb\",\"itemListElement\":[{\"@type\":\"ListItem\",\"position\":1,\"name\":\"Home\",\"item\":\"https:\/\/learningforlivingtogether.conform.it\/lv\/\"},{\"@type\":\"ListItem\",\"position\":2,\"name\":\"PARTNER\u012aBA\",\"item\":\"https:\/\/learningforlivingtogether.conform.it\/lv\/partneriba\/\"},{\"@type\":\"ListItem\",\"position\":3,\"name\":\"SOUTHERN REGIONAL COLLEGE (UK)\"}]},{\"@type\":\"WebSite\",\"@id\":\"https:\/\/learningforlivingtogether.conform.it\/#website\",\"url\":\"https:\/\/learningforlivingtogether.conform.it\/\",\"name\":\"LEARNING FOR LIVING TOGETHER\",\"description\":\"Erasmus+ Project\",\"potentialAction\":[{\"@type\":\"SearchAction\",\"target\":{\"@type\":\"EntryPoint\",\"urlTemplate\":\"https:\/\/learningforlivingtogether.conform.it\/?s={search_term_string}\"},\"query-input\":\"required name=search_term_string\"}],\"inLanguage\":\"lv-LV\"}]}<\/script>\n<!-- \/ Yoast SEO plugin. -->","yoast_head_json":{"title":"SOUTHERN REGIONAL COLLEGE (UK) - LEARNING FOR LIVING TOGETHER","robots":{"index":"index","follow":"follow","max-snippet":"max-snippet:-1","max-image-preview":"max-image-preview:large","max-video-preview":"max-video-preview:-1"},"canonical":"https:\/\/learningforlivingtogether.conform.it\/lv\/partneriba\/southern-regional-college\/","og_locale":"lv_LV","og_type":"article","og_title":"SOUTHERN REGIONAL COLLEGE (UK) - LEARNING FOR LIVING TOGETHER","og_description":"[vc_row full_width=&#8221;stretch_row&#8221; css=&#8221;.vc_custom_1523978835207{background-position: center !important;background-repeat: no-repeat !important;background-size: cover !important;}&#8221;][vc_column][\/vc_column][\/vc_row][vc_row][vc_column width=&#8221;5\/12&#8243;][vc_single_image image=&#8221;121&#8243; img_size=&#8221;full&#8221; alignment=&#8221;center&#8221; css_animation=&#8221;bounceInDown&#8221;][vc_row_inner][vc_column_inner][vc_separator color=&#8221;custom&#8221; border_width=&#8221;4&#8243; el_width=&#8221;50&#8243; css_animation=&#8221;bounceInLeft&#8221; accent_color=&#8221;#dddc00&#8243; el_class=&#8221;linea_magenta&#8221;][vc_column_text] m\u0101jas lapa [\/vc_column_text][\/vc_column_inner][\/vc_row_inner][\/vc_column][vc_column width=&#8221;7\/12&#8243;][vc_column_text] Dienvidu re\u0123ion\u0101l\u0101 koled\u017ea (SRC) okatru gadu nodro\u0161ina vair\u0101k nek\u0101 3500 pilna laika studentu un vair\u0101k nek\u0101 30 000 nepilna laika stud\u0113jo\u0161o apm\u0101c\u012bbu. SRC ir otr\u0101 liel\u0101k\u0101 koled\u017ea Zieme\u013c\u012brij\u0101 ar se\u0161\u0101m strukt\u016brvien\u012bb\u0101m [&hellip;]","og_url":"https:\/\/learningforlivingtogether.conform.it\/lv\/partneriba\/southern-regional-college\/","og_site_name":"LEARNING FOR LIVING TOGETHER","article_modified_time":"2018-09-06T10:52:27+00:00","twitter_card":"summary_large_image","twitter_misc":{"Est. reading time":"2 minutes"},"schema":{"@context":"https:\/\/schema.org","@graph":[{"@type":"WebPage","@id":"https:\/\/learningforlivingtogether.conform.it\/lv\/partneriba\/southern-regional-college\/","url":"https:\/\/learningforlivingtogether.conform.it\/lv\/partneriba\/southern-regional-college\/","name":"SOUTHERN REGIONAL COLLEGE (UK) - LEARNING FOR LIVING TOGETHER","isPartOf":{"@id":"https:\/\/learningforlivingtogether.conform.it\/#website"},"datePublished":"2018-04-17T13:59:15+00:00","dateModified":"2018-09-06T10:52:27+00:00","breadcrumb":{"@id":"https:\/\/learningforlivingtogether.conform.it\/lv\/partneriba\/southern-regional-college\/#breadcrumb"},"inLanguage":"lv-LV","potentialAction":[{"@type":"ReadAction","target":["https:\/\/learningforlivingtogether.conform.it\/lv\/partneriba\/southern-regional-college\/"]}]},{"@type":"BreadcrumbList","@id":"https:\/\/learningforlivingtogether.conform.it\/lv\/partneriba\/southern-regional-college\/#breadcrumb","itemListElement":[{"@type":"ListItem","position":1,"name":"Home","item":"https:\/\/learningforlivingtogether.conform.it\/lv\/"},{"@type":"ListItem","position":2,"name":"PARTNER\u012aBA","item":"https:\/\/learningforlivingtogether.conform.it\/lv\/partneriba\/"},{"@type":"ListItem","position":3,"name":"SOUTHERN REGIONAL COLLEGE (UK)"}]},{"@type":"WebSite","@id":"https:\/\/learningforlivingtogether.conform.it\/#website","url":"https:\/\/learningforlivingtogether.conform.it\/","name":"LEARNING FOR LIVING TOGETHER","description":"Erasmus+ Project","potentialAction":[{"@type":"SearchAction","target":{"@type":"EntryPoint","urlTemplate":"https:\/\/learningforlivingtogether.conform.it\/?s={search_term_string}"},"query-input":"required name=search_term_string"}],"inLanguage":"lv-LV"}]}},"_links":{"self":[{"href":"https:\/\/learningforlivingtogether.conform.it\/lv\/wp-json\/wp\/v2\/pages\/661"}],"collection":[{"href":"https:\/\/learningforlivingtogether.conform.it\/lv\/wp-json\/wp\/v2\/pages"}],"about":[{"href":"https:\/\/learningforlivingtogether.conform.it\/lv\/wp-json\/wp\/v2\/types\/page"}],"author":[{"embeddable":true,"href":"https:\/\/learningforlivingtogether.conform.it\/lv\/wp-json\/wp\/v2\/users\/3"}],"replies":[{"embeddable":true,"href":"https:\/\/learningforlivingtogether.conform.it\/lv\/wp-json\/wp\/v2\/comments?post=661"}],"version-history":[{"count":3,"href":"https:\/\/learningforlivingtogether.conform.it\/lv\/wp-json\/wp\/v2\/pages\/661\/revisions"}],"predecessor-version":[{"id":670,"href":"https:\/\/learningforlivingtogether.conform.it\/lv\/wp-json\/wp\/v2\/pages\/661\/revisions\/670"}],"up":[{"embeddable":true,"href":"https:\/\/learningforlivingtogether.conform.it\/lv\/wp-json\/wp\/v2\/pages\/412"}],"wp:attachment":[{"href":"https:\/\/learningforlivingtogether.conform.it\/lv\/wp-json\/wp\/v2\/media?parent=661"}],"curies":[{"name":"wp","href":"https:\/\/api.w.org\/{rel}","templated":true}]}}