{"id":665,"date":"2018-04-18T07:58:48","date_gmt":"2018-04-18T07:58:48","guid":{"rendered":"https:\/\/learningforlivingtogether.conform.it\/partneriba\/mottagningsenheten-adjunkten\/"},"modified":"2018-09-06T10:49:54","modified_gmt":"2018-09-06T10:49:54","slug":"mottagningsenheten-adjunkten","status":"publish","type":"page","link":"https:\/\/learningforlivingtogether.conform.it\/lv\/partneriba\/mottagningsenheten-adjunkten\/","title":{"rendered":"MOTTAGNINGSENHETEN ADJUNKTEN (SE)"},"content":{"rendered":"<section class=\"wpb-content-wrapper\"><p>[vc_row full_width=&#8221;stretch_row&#8221; css=&#8221;.vc_custom_1523978835207{background-position: center !important;background-repeat: no-repeat !important;background-size: cover !important;}&#8221;][vc_column][\/vc_column][\/vc_row][vc_row][vc_column width=&#8221;5\/12&#8243;][vc_single_image image=&#8221;186&#8243; img_size=&#8221;full&#8221; alignment=&#8221;center&#8221; css_animation=&#8221;bounceInDown&#8221;][vc_row_inner][vc_column_inner][vc_separator color=&#8221;custom&#8221; border_width=&#8221;4&#8243; el_width=&#8221;50&#8243; css_animation=&#8221;bounceInLeft&#8221; accent_color=&#8221;#95c11e&#8221;][vc_column_text]<\/p>\n<h2 style=\"text-align: center;\"><span style=\"color: #999999;\"><a class=\"btn_sito\" style=\"color: #999999;\" href=\"http:\/\/www.linkoping.se\/\" target=\"_blank\" rel=\"noopener\">m\u0101jas lapa<\/a><\/span><\/h2>\n<p>[\/vc_column_text][\/vc_column_inner][\/vc_row_inner][\/vc_column][vc_column width=&#8221;7\/12&#8243;][vc_column_text]<\/p>\n<p style=\"text-align: justify;\">Resursu un atbalsta noda\u013ca, Link\u00f6ping pa\u0161vald\u012bbas Izgl\u012bt\u012bbas departaments, cita starp\u0101 str\u0101d\u0101 ar t\u0101diem jaut\u0101jumiem k\u0101 pieaugu\u0161o izgl\u012bt\u012bba, audzin\u0101\u0161ana un akt\u012bvais pilsoniskums viet\u0113jiem zviedru iedz\u012bvot\u0101jiem un imigrantiem. Noda\u013c\u0101 tiek pied\u0101v\u0101ti tematiski daudzveid\u012bgi kursi, k\u0101 ar\u012b praktisk\u0101s nodarb\u012bbas m\u0113r\u0137a grupai. Kursi ir balst\u012bti uz pier\u0101d\u012bjumiem un labi zin\u0101mi soci\u0101l\u0101s m\u0101c\u012b\u0161an\u0101s teorijas jom\u0101.<\/p>\n<p style=\"text-align: justify;\">Adjunkten, kas ir da\u013ca no Resursu un atbalsta noda\u013cas, ir 27 darbinieki. M\u0113s visi esam apm\u0101c\u012bti m\u016bsu jom\u0101s, un mums ir pla\u0161a pieredze darb\u0101 b\u0113rniem un pieaugu\u0161ajiem, kas tikko ierad\u0101s. M\u016bsu \u0161tat\u0101 ir: oper\u0101ciju vad\u012bt\u0101js, pirmsskolas un s\u0101kumskolas att\u012bst\u012bbas vad\u012bt\u0101ji, uz\u0146em\u0161anas vad\u012bt\u0101js, uz\u0146em\u0161anas medm\u0101sa, skolas un pilsonisk\u0101s ievirzes koordinatori, integr\u0101cijas koordinatori, valodu koordinatori, pedagogi, kas koncentr\u0113jas uz IT, uz\u0146emo\u0161ie uz\u0146\u0113m\u0113ji, &#8220;tiltu b\u016bv\u0113t\u0101ji&#8221; (kuri str\u0101d\u0101, lai stiprin\u0101tu romu un ce\u013cot\u0101ju iek\u013cau\u0161anu Zviedrijas sabiedr\u012bb\u0101) un administrators.<\/p>\n<p style=\"text-align: justify;\">M\u0113s re\u0123istr\u0113jam visus jaunos skol\u0113nus Link\u00f6ping pa\u0161vald\u012bb\u0101 skolas sist\u0113m\u0101 un veicam aptauju par vi\u0146u izgl\u012bt\u012bbas sp\u0113j\u0101m, k\u0101 ar\u012b par vesel\u012bbu. B\u0113rni pirmsskolas \/ b\u0113rnud\u0101rza vecum\u0101 tiek ievietoti tie\u0161i skol\u0101s, un skol\u0113ni vecum\u0101 no 6 l\u012bdz 16 gadiem tiek iedal\u012bti grup\u0101s p\u0113c vi\u0146u vecuma Adjunkten\u0101. Skol\u0113ni apmekl\u0113 nodarb\u012bbas un pas\u0101kumus, kas iepaz\u012bstina tos ar zviedru valodu, sabiedr\u012bbu un skolu. Tie tiek aptauj\u0101ti, pamatojoties uz likum\u0101 noteikto materi\u0101lu (valoda \/ zin\u0101\u0161anas, las\u012btprasme un r\u0113\u0137in\u0101\u0161anas prasmes). Skol\u0113nu skaits l\u012bdz \u0161im ir main\u012bjies no 25 l\u012bdz 120. Skol\u0113ni \u0161eit atrodas 2 l\u012bdz 8 ned\u0113\u013cas. Laik\u0101, kam\u0113r skol\u0113ns ir kop\u0101 ar mums, m\u0113s \u013coti cie\u0161i sadarbojamies ar vec\u0101kiem \/ likum\u012bgiem aizbild\u0146iem, m\u0113s ar\u012b organiz\u0113jam san\u0101ksmes un kursus, lai dotu iesp\u0113ju p\u0113c iesp\u0113jas \u0101tr\u0101k integr\u0113ties.<\/p>\n<p>[\/vc_column_text][\/vc_column][\/vc_row][vc_row][vc_column][\/vc_column][\/vc_row]<\/p>\n<\/section>","protected":false},"excerpt":{"rendered":"<p>[vc_row full_width=&#8221;stretch_row&#8221; css=&#8221;.vc_custom_1523978835207{background-position: center !important;background-repeat: no-repeat !important;background-size: cover !important;}&#8221;][vc_column][\/vc_column][\/vc_row][vc_row][vc_column width=&#8221;5\/12&#8243;][vc_single_image image=&#8221;186&#8243; img_size=&#8221;full&#8221; alignment=&#8221;center&#8221; css_animation=&#8221;bounceInDown&#8221;][vc_row_inner][vc_column_inner][vc_separator color=&#8221;custom&#8221; border_width=&#8221;4&#8243; el_width=&#8221;50&#8243; css_animation=&#8221;bounceInLeft&#8221; accent_color=&#8221;#95c11e&#8221;][vc_column_text] m\u0101jas lapa [\/vc_column_text][\/vc_column_inner][\/vc_row_inner][\/vc_column][vc_column width=&#8221;7\/12&#8243;][vc_column_text] Resursu un atbalsta noda\u013ca, Link\u00f6ping pa\u0161vald\u012bbas Izgl\u012bt\u012bbas departaments, cita starp\u0101 str\u0101d\u0101 ar t\u0101diem jaut\u0101jumiem k\u0101 pieaugu\u0161o izgl\u012bt\u012bba, audzin\u0101\u0161ana un akt\u012bvais pilsoniskums viet\u0113jiem zviedru iedz\u012bvot\u0101jiem un imigrantiem. Noda\u013c\u0101 tiek pied\u0101v\u0101ti tematiski daudzveid\u012bgi kursi, [&hellip;]<\/p>\n","protected":false},"author":3,"featured_media":0,"parent":412,"menu_order":0,"comment_status":"closed","ping_status":"closed","template":"","meta":[],"yoast_head":"<!-- This site is optimized with the Yoast SEO plugin v20.1 - https:\/\/yoast.com\/wordpress\/plugins\/seo\/ -->\n<title>MOTTAGNINGSENHETEN ADJUNKTEN (SE) - LEARNING FOR LIVING TOGETHER<\/title>\n<meta name=\"robots\" content=\"index, follow, max-snippet:-1, max-image-preview:large, max-video-preview:-1\" \/>\n<link rel=\"canonical\" href=\"https:\/\/learningforlivingtogether.conform.it\/lv\/partneriba\/mottagningsenheten-adjunkten\/\" \/>\n<meta property=\"og:locale\" content=\"lv_LV\" \/>\n<meta property=\"og:type\" content=\"article\" \/>\n<meta property=\"og:title\" content=\"MOTTAGNINGSENHETEN ADJUNKTEN (SE) - LEARNING FOR LIVING TOGETHER\" \/>\n<meta property=\"og:description\" content=\"[vc_row full_width=&#8221;stretch_row&#8221; css=&#8221;.vc_custom_1523978835207{background-position: center !important;background-repeat: no-repeat !important;background-size: cover !important;}&#8221;][vc_column][\/vc_column][\/vc_row][vc_row][vc_column width=&#8221;5\/12&#8243;][vc_single_image image=&#8221;186&#8243; img_size=&#8221;full&#8221; alignment=&#8221;center&#8221; css_animation=&#8221;bounceInDown&#8221;][vc_row_inner][vc_column_inner][vc_separator color=&#8221;custom&#8221; border_width=&#8221;4&#8243; el_width=&#8221;50&#8243; css_animation=&#8221;bounceInLeft&#8221; accent_color=&#8221;#95c11e&#8221;][vc_column_text] m\u0101jas lapa [\/vc_column_text][\/vc_column_inner][\/vc_row_inner][\/vc_column][vc_column width=&#8221;7\/12&#8243;][vc_column_text] Resursu un atbalsta noda\u013ca, Link\u00f6ping pa\u0161vald\u012bbas Izgl\u012bt\u012bbas departaments, cita starp\u0101 str\u0101d\u0101 ar t\u0101diem jaut\u0101jumiem k\u0101 pieaugu\u0161o izgl\u012bt\u012bba, audzin\u0101\u0161ana un akt\u012bvais pilsoniskums viet\u0113jiem zviedru iedz\u012bvot\u0101jiem un imigrantiem. Noda\u013c\u0101 tiek pied\u0101v\u0101ti tematiski daudzveid\u012bgi kursi, [&hellip;]\" \/>\n<meta property=\"og:url\" content=\"https:\/\/learningforlivingtogether.conform.it\/lv\/partneriba\/mottagningsenheten-adjunkten\/\" \/>\n<meta property=\"og:site_name\" content=\"LEARNING FOR LIVING TOGETHER\" \/>\n<meta property=\"article:modified_time\" content=\"2018-09-06T10:49:54+00:00\" \/>\n<meta name=\"twitter:card\" content=\"summary_large_image\" \/>\n<meta name=\"twitter:label1\" content=\"Est. reading time\" \/>\n\t<meta name=\"twitter:data1\" content=\"2 minutes\" \/>\n<script type=\"application\/ld+json\" class=\"yoast-schema-graph\">{\"@context\":\"https:\/\/schema.org\",\"@graph\":[{\"@type\":\"WebPage\",\"@id\":\"https:\/\/learningforlivingtogether.conform.it\/lv\/partneriba\/mottagningsenheten-adjunkten\/\",\"url\":\"https:\/\/learningforlivingtogether.conform.it\/lv\/partneriba\/mottagningsenheten-adjunkten\/\",\"name\":\"MOTTAGNINGSENHETEN ADJUNKTEN (SE) - LEARNING FOR LIVING TOGETHER\",\"isPartOf\":{\"@id\":\"https:\/\/learningforlivingtogether.conform.it\/#website\"},\"datePublished\":\"2018-04-18T07:58:48+00:00\",\"dateModified\":\"2018-09-06T10:49:54+00:00\",\"breadcrumb\":{\"@id\":\"https:\/\/learningforlivingtogether.conform.it\/lv\/partneriba\/mottagningsenheten-adjunkten\/#breadcrumb\"},\"inLanguage\":\"lv-LV\",\"potentialAction\":[{\"@type\":\"ReadAction\",\"target\":[\"https:\/\/learningforlivingtogether.conform.it\/lv\/partneriba\/mottagningsenheten-adjunkten\/\"]}]},{\"@type\":\"BreadcrumbList\",\"@id\":\"https:\/\/learningforlivingtogether.conform.it\/lv\/partneriba\/mottagningsenheten-adjunkten\/#breadcrumb\",\"itemListElement\":[{\"@type\":\"ListItem\",\"position\":1,\"name\":\"Home\",\"item\":\"https:\/\/learningforlivingtogether.conform.it\/lv\/\"},{\"@type\":\"ListItem\",\"position\":2,\"name\":\"PARTNER\u012aBA\",\"item\":\"https:\/\/learningforlivingtogether.conform.it\/lv\/partneriba\/\"},{\"@type\":\"ListItem\",\"position\":3,\"name\":\"MOTTAGNINGSENHETEN ADJUNKTEN (SE)\"}]},{\"@type\":\"WebSite\",\"@id\":\"https:\/\/learningforlivingtogether.conform.it\/#website\",\"url\":\"https:\/\/learningforlivingtogether.conform.it\/\",\"name\":\"LEARNING FOR LIVING TOGETHER\",\"description\":\"Erasmus+ Project\",\"potentialAction\":[{\"@type\":\"SearchAction\",\"target\":{\"@type\":\"EntryPoint\",\"urlTemplate\":\"https:\/\/learningforlivingtogether.conform.it\/?s={search_term_string}\"},\"query-input\":\"required name=search_term_string\"}],\"inLanguage\":\"lv-LV\"}]}<\/script>\n<!-- \/ Yoast SEO plugin. -->","yoast_head_json":{"title":"MOTTAGNINGSENHETEN ADJUNKTEN (SE) - LEARNING FOR LIVING TOGETHER","robots":{"index":"index","follow":"follow","max-snippet":"max-snippet:-1","max-image-preview":"max-image-preview:large","max-video-preview":"max-video-preview:-1"},"canonical":"https:\/\/learningforlivingtogether.conform.it\/lv\/partneriba\/mottagningsenheten-adjunkten\/","og_locale":"lv_LV","og_type":"article","og_title":"MOTTAGNINGSENHETEN ADJUNKTEN (SE) - LEARNING FOR LIVING TOGETHER","og_description":"[vc_row full_width=&#8221;stretch_row&#8221; css=&#8221;.vc_custom_1523978835207{background-position: center !important;background-repeat: no-repeat !important;background-size: cover !important;}&#8221;][vc_column][\/vc_column][\/vc_row][vc_row][vc_column width=&#8221;5\/12&#8243;][vc_single_image image=&#8221;186&#8243; img_size=&#8221;full&#8221; alignment=&#8221;center&#8221; css_animation=&#8221;bounceInDown&#8221;][vc_row_inner][vc_column_inner][vc_separator color=&#8221;custom&#8221; border_width=&#8221;4&#8243; el_width=&#8221;50&#8243; css_animation=&#8221;bounceInLeft&#8221; accent_color=&#8221;#95c11e&#8221;][vc_column_text] m\u0101jas lapa [\/vc_column_text][\/vc_column_inner][\/vc_row_inner][\/vc_column][vc_column width=&#8221;7\/12&#8243;][vc_column_text] Resursu un atbalsta noda\u013ca, Link\u00f6ping pa\u0161vald\u012bbas Izgl\u012bt\u012bbas departaments, cita starp\u0101 str\u0101d\u0101 ar t\u0101diem jaut\u0101jumiem k\u0101 pieaugu\u0161o izgl\u012bt\u012bba, audzin\u0101\u0161ana un akt\u012bvais pilsoniskums viet\u0113jiem zviedru iedz\u012bvot\u0101jiem un imigrantiem. Noda\u013c\u0101 tiek pied\u0101v\u0101ti tematiski daudzveid\u012bgi kursi, [&hellip;]","og_url":"https:\/\/learningforlivingtogether.conform.it\/lv\/partneriba\/mottagningsenheten-adjunkten\/","og_site_name":"LEARNING FOR LIVING TOGETHER","article_modified_time":"2018-09-06T10:49:54+00:00","twitter_card":"summary_large_image","twitter_misc":{"Est. reading time":"2 minutes"},"schema":{"@context":"https:\/\/schema.org","@graph":[{"@type":"WebPage","@id":"https:\/\/learningforlivingtogether.conform.it\/lv\/partneriba\/mottagningsenheten-adjunkten\/","url":"https:\/\/learningforlivingtogether.conform.it\/lv\/partneriba\/mottagningsenheten-adjunkten\/","name":"MOTTAGNINGSENHETEN ADJUNKTEN (SE) - LEARNING FOR LIVING TOGETHER","isPartOf":{"@id":"https:\/\/learningforlivingtogether.conform.it\/#website"},"datePublished":"2018-04-18T07:58:48+00:00","dateModified":"2018-09-06T10:49:54+00:00","breadcrumb":{"@id":"https:\/\/learningforlivingtogether.conform.it\/lv\/partneriba\/mottagningsenheten-adjunkten\/#breadcrumb"},"inLanguage":"lv-LV","potentialAction":[{"@type":"ReadAction","target":["https:\/\/learningforlivingtogether.conform.it\/lv\/partneriba\/mottagningsenheten-adjunkten\/"]}]},{"@type":"BreadcrumbList","@id":"https:\/\/learningforlivingtogether.conform.it\/lv\/partneriba\/mottagningsenheten-adjunkten\/#breadcrumb","itemListElement":[{"@type":"ListItem","position":1,"name":"Home","item":"https:\/\/learningforlivingtogether.conform.it\/lv\/"},{"@type":"ListItem","position":2,"name":"PARTNER\u012aBA","item":"https:\/\/learningforlivingtogether.conform.it\/lv\/partneriba\/"},{"@type":"ListItem","position":3,"name":"MOTTAGNINGSENHETEN ADJUNKTEN (SE)"}]},{"@type":"WebSite","@id":"https:\/\/learningforlivingtogether.conform.it\/#website","url":"https:\/\/learningforlivingtogether.conform.it\/","name":"LEARNING FOR LIVING TOGETHER","description":"Erasmus+ Project","potentialAction":[{"@type":"SearchAction","target":{"@type":"EntryPoint","urlTemplate":"https:\/\/learningforlivingtogether.conform.it\/?s={search_term_string}"},"query-input":"required name=search_term_string"}],"inLanguage":"lv-LV"}]}},"_links":{"self":[{"href":"https:\/\/learningforlivingtogether.conform.it\/lv\/wp-json\/wp\/v2\/pages\/665"}],"collection":[{"href":"https:\/\/learningforlivingtogether.conform.it\/lv\/wp-json\/wp\/v2\/pages"}],"about":[{"href":"https:\/\/learningforlivingtogether.conform.it\/lv\/wp-json\/wp\/v2\/types\/page"}],"author":[{"embeddable":true,"href":"https:\/\/learningforlivingtogether.conform.it\/lv\/wp-json\/wp\/v2\/users\/3"}],"replies":[{"embeddable":true,"href":"https:\/\/learningforlivingtogether.conform.it\/lv\/wp-json\/wp\/v2\/comments?post=665"}],"version-history":[{"count":3,"href":"https:\/\/learningforlivingtogether.conform.it\/lv\/wp-json\/wp\/v2\/pages\/665\/revisions"}],"predecessor-version":[{"id":666,"href":"https:\/\/learningforlivingtogether.conform.it\/lv\/wp-json\/wp\/v2\/pages\/665\/revisions\/666"}],"up":[{"embeddable":true,"href":"https:\/\/learningforlivingtogether.conform.it\/lv\/wp-json\/wp\/v2\/pages\/412"}],"wp:attachment":[{"href":"https:\/\/learningforlivingtogether.conform.it\/lv\/wp-json\/wp\/v2\/media?parent=665"}],"curies":[{"name":"wp","href":"https:\/\/api.w.org\/{rel}","templated":true}]}}