{"id":672,"date":"2018-04-18T07:36:00","date_gmt":"2018-04-18T07:36:00","guid":{"rendered":"https:\/\/learningforlivingtogether.conform.it\/partneriba\/conform\/"},"modified":"2018-09-06T11:10:28","modified_gmt":"2018-09-06T11:10:28","slug":"conform","status":"publish","type":"page","link":"https:\/\/learningforlivingtogether.conform.it\/lv\/partneriba\/conform\/","title":{"rendered":"CONFORM S.c.a.r.l. \u2013 (IT)"},"content":{"rendered":"<section class=\"wpb-content-wrapper\"><p>[vc_row full_width=&#8221;stretch_row&#8221; css=&#8221;.vc_custom_1523978835207{background-position: center !important;background-repeat: no-repeat !important;background-size: cover !important;}&#8221;][vc_column][\/vc_column][\/vc_row][vc_row][vc_column width=&#8221;5\/12&#8243;][vc_single_image image=&#8221;174&#8243; img_size=&#8221;full&#8221; alignment=&#8221;center&#8221; css_animation=&#8221;bounceInDown&#8221;][vc_row_inner][vc_column_inner][vc_separator color=&#8221;custom&#8221; border_width=&#8221;4&#8243; el_width=&#8221;50&#8243; css_animation=&#8221;bounceInLeft&#8221; accent_color=&#8221;#e61b72&#8243;][vc_column_text]<\/p>\n<h2 style=\"text-align: center;\"><span style=\"color: #999999;\"><a class=\"btn_sito\" style=\"color: #999999;\" href=\"http:\/\/conform.it\/\" target=\"_blank\" rel=\"noopener\">m\u0101jas lapa<\/a><\/span><\/h2>\n<p>[\/vc_column_text][\/vc_column_inner][\/vc_row_inner][\/vc_column][vc_column width=&#8221;7\/12&#8243;][vc_column_text]<\/p>\n<p style=\"text-align: justify;\"><strong>CONFORM Consulenza, Formazione e Management S.c.a.r.l.<\/strong> jau 20 gadus str\u0101d\u0101 nacion\u0101laj\u0101 un starptautisk\u0101 m\u0113rog\u0101, veicinot un att\u012bstot svar\u012bgus p\u0113tniec\u012bbas projektus un m\u0101c\u012bbu pl\u0101nus, izmantojot novatoriskas pieejas un risin\u0101jumus m\u0101c\u012bbu klas\u0113m, pieredzes izgl\u012bt\u012bbas un un e-apm\u0101c\u012bbas kursiem. Sabiedr\u012bba ar pieredz\u0113ju\u0161u person\u0101lu sniedz konsult\u0101cijas un tehnisko pal\u012bdz\u012bbu uz\u0146\u0113mumiem un valsts instit\u016bcij\u0101m. T\u0101 konsolid\u0113ta treneru, konsultantu, profesion\u0101\u013cu, mened\u017eeru un uz\u0146\u0113m\u0113ju komanda ir veiksmes st\u0101stu nes\u0113ji.<\/p>\n<p style=\"text-align: left;\">CONFORM S.c.a.r.l. ar\u012b:<\/p>\n<p style=\"text-align: left;\">&#8211; uzkr\u0101jusi lielu pieredzi tehnolo\u0123iju izmanto\u0161an\u0101, piedaloties Eiropas projektos par inform\u0101cijas dro\u0161\u012bbu. T\u0101 ir izstr\u0101d\u0101jusi savas soci\u0101l\u0101s un e-apm\u0101c\u012bbas platformas, lai sekm\u0113tu 2.0 \/ 3.0 inform\u0101ciju, debates un dialogu, k\u0101 ar\u012b mijiedarb\u012bbu ar citiem soci\u0101lajiem kan\u0101liem, neform\u0101lu m\u0101c\u012b\u0161anos ar att\u0101lin\u0101to piek\u013cuvi autoriz\u0113joties sist\u0113m\u0101, g\u016bstot pieeju multimediju paket\u0113m ar vizu\u0101l\u0101s dom\u0101\u0161anas lo\u0123iku un 2D \/ 3D interakt\u012bv\u0101m anim\u0101cij\u0101m, biznesa sp\u0113l\u0113m, video pam\u0101c\u012bb\u0101m, tekstiem un e-gr\u0101mat\u0101m. Tas viss ar m\u0113r\u0137i att\u012bst\u012bt un nostiprin\u0101t jaunie\u0161u, darbinieku, vad\u012bt\u0101ju, uz\u0146\u0113m\u0113ju un profesion\u0101\u013cu uz\u0146\u0113m\u0113jdarb\u012bbas, finan\u0161u, m\u0101rketinga, komunik\u0101ciju un organizatorisk\u0101s sp\u0113jas, vad\u012bbas prasmes, dro\u0161\u012bbas, IT un valodu prasmes.<br \/>\nSabiedr\u012bba ir izveidojusi e-komercijas veikalu, izmantojot pieejam\u0101s tehnolo\u0123ijas, lai klienti var\u0113tu ieg\u0101d\u0101ties vienu vai vair\u0101kus multivides produktus, izmantojot paypal un maks\u0101jumu kar\u0161u sist\u0113mas.<\/p>\n<p style=\"text-align: left;\">&#8211; izveidoja \u012bsfilmas, video st\u0101stus un m\u0101c\u012bbu filmas, kuru pamat\u0101 ir &#8220;Movie Study&#8221; metodolo\u0123iskais modelis, kas \u013cauj dal\u012bbniekiem, kas iesaist\u012bti izstr\u0101des posm\u0101, lomu scen\u0101rij\u0101 un interpret\u0101cij\u0101 atsvaidzin\u0101t zin\u0101\u0161anas, kas ieg\u016btas &#8220;form\u0101laj\u0101&#8221;, &#8220;neform\u0101laj\u0101&#8221; un &#8220;intere\u0161u&#8221; izgl\u012bt\u012bb\u0101.<\/p>\n<p style=\"text-align: left;\">&#8211; izveidoja apm\u0101c\u012bbu kopienas, soci\u0101lo inov\u0101ciju, izgl\u012bt\u012bbas un zin\u0101\u0161anu p\u0101rvald\u012bbas sist\u0113mas, att\u012bsta valodas un veicina jaunu virtu\u0101l\u0101s sadarb\u012bbas kult\u016bru ar<\/p>\n<ul style=\"text-align: left;\">\n<li>t\u012bmek\u013ca viet\u0146u, emocion\u0101lo un ilustrat\u012bvo videoklipu, digit\u0101lo gr\u0101matu, rakstu, gr\u0101matu treileru izveidi<\/li>\n<li>soci\u0101lo mediju m\u0101rketinga strat\u0113\u0123ij\u0101m un kampa\u0146\u0101m<\/li>\n<li>digit\u0101l\u0101 z\u012bmola identit\u0101tes izgudro\u0161anu un izstr\u0101di<\/li>\n<li>digit\u0101l\u0101m sabiedrisk\u0101m attiec\u012bb\u0101m un mijiedarb\u012bbu ar medijiem.<\/li>\n<\/ul>\n<p>[\/vc_column_text][\/vc_column][\/vc_row][vc_row][vc_column][\/vc_column][\/vc_row]<\/p>\n<\/section>","protected":false},"excerpt":{"rendered":"<p>[vc_row full_width=&#8221;stretch_row&#8221; css=&#8221;.vc_custom_1523978835207{background-position: center !important;background-repeat: no-repeat !important;background-size: cover !important;}&#8221;][vc_column][\/vc_column][\/vc_row][vc_row][vc_column width=&#8221;5\/12&#8243;][vc_single_image image=&#8221;174&#8243; img_size=&#8221;full&#8221; alignment=&#8221;center&#8221; css_animation=&#8221;bounceInDown&#8221;][vc_row_inner][vc_column_inner][vc_separator color=&#8221;custom&#8221; border_width=&#8221;4&#8243; el_width=&#8221;50&#8243; css_animation=&#8221;bounceInLeft&#8221; accent_color=&#8221;#e61b72&#8243;][vc_column_text] m\u0101jas lapa [\/vc_column_text][\/vc_column_inner][\/vc_row_inner][\/vc_column][vc_column width=&#8221;7\/12&#8243;][vc_column_text] CONFORM Consulenza, Formazione e Management S.c.a.r.l. jau 20 gadus str\u0101d\u0101 nacion\u0101laj\u0101 un starptautisk\u0101 m\u0113rog\u0101, veicinot un att\u012bstot svar\u012bgus p\u0113tniec\u012bbas projektus un m\u0101c\u012bbu pl\u0101nus, izmantojot novatoriskas pieejas un risin\u0101jumus m\u0101c\u012bbu klas\u0113m, pieredzes izgl\u012bt\u012bbas [&hellip;]<\/p>\n","protected":false},"author":3,"featured_media":0,"parent":412,"menu_order":0,"comment_status":"closed","ping_status":"closed","template":"","meta":[],"yoast_head":"<!-- This site is optimized with the Yoast SEO plugin v20.1 - https:\/\/yoast.com\/wordpress\/plugins\/seo\/ -->\n<title>CONFORM S.c.a.r.l. \u2013 (IT) - LEARNING FOR LIVING TOGETHER<\/title>\n<meta name=\"robots\" content=\"index, follow, max-snippet:-1, max-image-preview:large, max-video-preview:-1\" \/>\n<link rel=\"canonical\" href=\"https:\/\/learningforlivingtogether.conform.it\/lv\/partneriba\/conform\/\" \/>\n<meta property=\"og:locale\" content=\"lv_LV\" \/>\n<meta property=\"og:type\" content=\"article\" \/>\n<meta property=\"og:title\" content=\"CONFORM S.c.a.r.l. \u2013 (IT) - LEARNING FOR LIVING TOGETHER\" \/>\n<meta property=\"og:description\" content=\"[vc_row full_width=&#8221;stretch_row&#8221; css=&#8221;.vc_custom_1523978835207{background-position: center !important;background-repeat: no-repeat !important;background-size: cover !important;}&#8221;][vc_column][\/vc_column][\/vc_row][vc_row][vc_column width=&#8221;5\/12&#8243;][vc_single_image image=&#8221;174&#8243; img_size=&#8221;full&#8221; alignment=&#8221;center&#8221; css_animation=&#8221;bounceInDown&#8221;][vc_row_inner][vc_column_inner][vc_separator color=&#8221;custom&#8221; border_width=&#8221;4&#8243; el_width=&#8221;50&#8243; css_animation=&#8221;bounceInLeft&#8221; accent_color=&#8221;#e61b72&#8243;][vc_column_text] m\u0101jas lapa [\/vc_column_text][\/vc_column_inner][\/vc_row_inner][\/vc_column][vc_column width=&#8221;7\/12&#8243;][vc_column_text] CONFORM Consulenza, Formazione e Management S.c.a.r.l. jau 20 gadus str\u0101d\u0101 nacion\u0101laj\u0101 un starptautisk\u0101 m\u0113rog\u0101, veicinot un att\u012bstot svar\u012bgus p\u0113tniec\u012bbas projektus un m\u0101c\u012bbu pl\u0101nus, izmantojot novatoriskas pieejas un risin\u0101jumus m\u0101c\u012bbu klas\u0113m, pieredzes izgl\u012bt\u012bbas [&hellip;]\" \/>\n<meta property=\"og:url\" content=\"https:\/\/learningforlivingtogether.conform.it\/lv\/partneriba\/conform\/\" \/>\n<meta property=\"og:site_name\" content=\"LEARNING FOR LIVING TOGETHER\" \/>\n<meta property=\"article:modified_time\" content=\"2018-09-06T11:10:28+00:00\" \/>\n<meta name=\"twitter:card\" content=\"summary_large_image\" \/>\n<meta name=\"twitter:label1\" content=\"Est. reading time\" \/>\n\t<meta name=\"twitter:data1\" content=\"3 minutes\" \/>\n<script type=\"application\/ld+json\" class=\"yoast-schema-graph\">{\"@context\":\"https:\/\/schema.org\",\"@graph\":[{\"@type\":\"WebPage\",\"@id\":\"https:\/\/learningforlivingtogether.conform.it\/lv\/partneriba\/conform\/\",\"url\":\"https:\/\/learningforlivingtogether.conform.it\/lv\/partneriba\/conform\/\",\"name\":\"CONFORM S.c.a.r.l. \u2013 (IT) - LEARNING FOR LIVING TOGETHER\",\"isPartOf\":{\"@id\":\"https:\/\/learningforlivingtogether.conform.it\/#website\"},\"datePublished\":\"2018-04-18T07:36:00+00:00\",\"dateModified\":\"2018-09-06T11:10:28+00:00\",\"breadcrumb\":{\"@id\":\"https:\/\/learningforlivingtogether.conform.it\/lv\/partneriba\/conform\/#breadcrumb\"},\"inLanguage\":\"lv-LV\",\"potentialAction\":[{\"@type\":\"ReadAction\",\"target\":[\"https:\/\/learningforlivingtogether.conform.it\/lv\/partneriba\/conform\/\"]}]},{\"@type\":\"BreadcrumbList\",\"@id\":\"https:\/\/learningforlivingtogether.conform.it\/lv\/partneriba\/conform\/#breadcrumb\",\"itemListElement\":[{\"@type\":\"ListItem\",\"position\":1,\"name\":\"Home\",\"item\":\"https:\/\/learningforlivingtogether.conform.it\/lv\/\"},{\"@type\":\"ListItem\",\"position\":2,\"name\":\"PARTNER\u012aBA\",\"item\":\"https:\/\/learningforlivingtogether.conform.it\/lv\/partneriba\/\"},{\"@type\":\"ListItem\",\"position\":3,\"name\":\"CONFORM S.c.a.r.l. \u2013 (IT)\"}]},{\"@type\":\"WebSite\",\"@id\":\"https:\/\/learningforlivingtogether.conform.it\/#website\",\"url\":\"https:\/\/learningforlivingtogether.conform.it\/\",\"name\":\"LEARNING FOR LIVING TOGETHER\",\"description\":\"Erasmus+ Project\",\"potentialAction\":[{\"@type\":\"SearchAction\",\"target\":{\"@type\":\"EntryPoint\",\"urlTemplate\":\"https:\/\/learningforlivingtogether.conform.it\/?s={search_term_string}\"},\"query-input\":\"required name=search_term_string\"}],\"inLanguage\":\"lv-LV\"}]}<\/script>\n<!-- \/ Yoast SEO plugin. -->","yoast_head_json":{"title":"CONFORM S.c.a.r.l. \u2013 (IT) - LEARNING FOR LIVING TOGETHER","robots":{"index":"index","follow":"follow","max-snippet":"max-snippet:-1","max-image-preview":"max-image-preview:large","max-video-preview":"max-video-preview:-1"},"canonical":"https:\/\/learningforlivingtogether.conform.it\/lv\/partneriba\/conform\/","og_locale":"lv_LV","og_type":"article","og_title":"CONFORM S.c.a.r.l. \u2013 (IT) - LEARNING FOR LIVING TOGETHER","og_description":"[vc_row full_width=&#8221;stretch_row&#8221; css=&#8221;.vc_custom_1523978835207{background-position: center !important;background-repeat: no-repeat !important;background-size: cover !important;}&#8221;][vc_column][\/vc_column][\/vc_row][vc_row][vc_column width=&#8221;5\/12&#8243;][vc_single_image image=&#8221;174&#8243; img_size=&#8221;full&#8221; alignment=&#8221;center&#8221; css_animation=&#8221;bounceInDown&#8221;][vc_row_inner][vc_column_inner][vc_separator color=&#8221;custom&#8221; border_width=&#8221;4&#8243; el_width=&#8221;50&#8243; css_animation=&#8221;bounceInLeft&#8221; accent_color=&#8221;#e61b72&#8243;][vc_column_text] m\u0101jas lapa [\/vc_column_text][\/vc_column_inner][\/vc_row_inner][\/vc_column][vc_column width=&#8221;7\/12&#8243;][vc_column_text] CONFORM Consulenza, Formazione e Management S.c.a.r.l. jau 20 gadus str\u0101d\u0101 nacion\u0101laj\u0101 un starptautisk\u0101 m\u0113rog\u0101, veicinot un att\u012bstot svar\u012bgus p\u0113tniec\u012bbas projektus un m\u0101c\u012bbu pl\u0101nus, izmantojot novatoriskas pieejas un risin\u0101jumus m\u0101c\u012bbu klas\u0113m, pieredzes izgl\u012bt\u012bbas [&hellip;]","og_url":"https:\/\/learningforlivingtogether.conform.it\/lv\/partneriba\/conform\/","og_site_name":"LEARNING FOR LIVING TOGETHER","article_modified_time":"2018-09-06T11:10:28+00:00","twitter_card":"summary_large_image","twitter_misc":{"Est. reading time":"3 minutes"},"schema":{"@context":"https:\/\/schema.org","@graph":[{"@type":"WebPage","@id":"https:\/\/learningforlivingtogether.conform.it\/lv\/partneriba\/conform\/","url":"https:\/\/learningforlivingtogether.conform.it\/lv\/partneriba\/conform\/","name":"CONFORM S.c.a.r.l. \u2013 (IT) - LEARNING FOR LIVING TOGETHER","isPartOf":{"@id":"https:\/\/learningforlivingtogether.conform.it\/#website"},"datePublished":"2018-04-18T07:36:00+00:00","dateModified":"2018-09-06T11:10:28+00:00","breadcrumb":{"@id":"https:\/\/learningforlivingtogether.conform.it\/lv\/partneriba\/conform\/#breadcrumb"},"inLanguage":"lv-LV","potentialAction":[{"@type":"ReadAction","target":["https:\/\/learningforlivingtogether.conform.it\/lv\/partneriba\/conform\/"]}]},{"@type":"BreadcrumbList","@id":"https:\/\/learningforlivingtogether.conform.it\/lv\/partneriba\/conform\/#breadcrumb","itemListElement":[{"@type":"ListItem","position":1,"name":"Home","item":"https:\/\/learningforlivingtogether.conform.it\/lv\/"},{"@type":"ListItem","position":2,"name":"PARTNER\u012aBA","item":"https:\/\/learningforlivingtogether.conform.it\/lv\/partneriba\/"},{"@type":"ListItem","position":3,"name":"CONFORM S.c.a.r.l. \u2013 (IT)"}]},{"@type":"WebSite","@id":"https:\/\/learningforlivingtogether.conform.it\/#website","url":"https:\/\/learningforlivingtogether.conform.it\/","name":"LEARNING FOR LIVING TOGETHER","description":"Erasmus+ Project","potentialAction":[{"@type":"SearchAction","target":{"@type":"EntryPoint","urlTemplate":"https:\/\/learningforlivingtogether.conform.it\/?s={search_term_string}"},"query-input":"required name=search_term_string"}],"inLanguage":"lv-LV"}]}},"_links":{"self":[{"href":"https:\/\/learningforlivingtogether.conform.it\/lv\/wp-json\/wp\/v2\/pages\/672"}],"collection":[{"href":"https:\/\/learningforlivingtogether.conform.it\/lv\/wp-json\/wp\/v2\/pages"}],"about":[{"href":"https:\/\/learningforlivingtogether.conform.it\/lv\/wp-json\/wp\/v2\/types\/page"}],"author":[{"embeddable":true,"href":"https:\/\/learningforlivingtogether.conform.it\/lv\/wp-json\/wp\/v2\/users\/3"}],"replies":[{"embeddable":true,"href":"https:\/\/learningforlivingtogether.conform.it\/lv\/wp-json\/wp\/v2\/comments?post=672"}],"version-history":[{"count":2,"href":"https:\/\/learningforlivingtogether.conform.it\/lv\/wp-json\/wp\/v2\/pages\/672\/revisions"}],"predecessor-version":[{"id":673,"href":"https:\/\/learningforlivingtogether.conform.it\/lv\/wp-json\/wp\/v2\/pages\/672\/revisions\/673"}],"up":[{"embeddable":true,"href":"https:\/\/learningforlivingtogether.conform.it\/lv\/wp-json\/wp\/v2\/pages\/412"}],"wp:attachment":[{"href":"https:\/\/learningforlivingtogether.conform.it\/lv\/wp-json\/wp\/v2\/media?parent=672"}],"curies":[{"name":"wp","href":"https:\/\/api.w.org\/{rel}","templated":true}]}}