{"id":466,"date":"2018-05-16T08:17:22","date_gmt":"2018-05-16T08:17:22","guid":{"rendered":"http:\/\/learningforlivingtogether.conform.it\/?page_id=466"},"modified":"2018-05-16T08:17:22","modified_gmt":"2018-05-16T08:17:22","slug":"projektet","status":"publish","type":"page","link":"https:\/\/learningforlivingtogether.conform.it\/sv\/projektet\/","title":{"rendered":"PROJEKTET"},"content":{"rendered":"<section class=\"wpb-content-wrapper\"><p>[vc_row css=&#8221;.vc_custom_1524069925478{padding-top: 50px !important;padding-bottom: 50px !important;}&#8221;][vc_column width=&#8221;1\/2&#8243; css=&#8221;.vc_custom_1524070171728{padding-right: 80px !important;padding-left: 80px !important;}&#8221;][vc_single_image image=&#8221;271&#8243; img_size=&#8221;full&#8221; alignment=&#8221;center&#8221;][vc_separator color=&#8221;custom&#8221; align=&#8221;align_right&#8221; border_width=&#8221;4&#8243; el_width=&#8221;50&#8243; accent_color=&#8221;#402950&#8243;][vc_column_text]<\/p>\n<h2 style=\"text-align: right;\"><span style=\"color: #999999; font-size: 26px;\"><a class=\"btn_sito\" style=\"color: #999999;\" href=\"http:\/\/learningforlivingtogether.conform.it\/wp-content\/uploads\/2018\/04\/brochure_learning_for_living_together.pdf\" target=\"_blank\" rel=\"noopener\">download the brochure<\/a><\/span><\/h2>\n<p>[\/vc_column_text][\/vc_column][vc_column width=&#8221;1\/2&#8243;][vc_column_text]<\/p>\n<p style=\"text-align: justify;\">Projektet \u00e4r baserat p\u00e5 syftet i vuxenutbildningen inom ERASMUS+ &#8221;f\u00f6r att utveckla innovativt arbetss\u00e4tt och g\u00f6ra intensiv spridning och nyttjande av resultaten i att st\u00f6tta, ut\u00f6ka och utveckla utbildares kompetenser&#8221;.Projektet kommer att utveckla vuxenutbildares kompetenser inom b\u00e5de bildning\/utbildning f\u00f6rvaltning utbildningscentra och l\u00e4ngre fram utbildningsinstitutioner f\u00f6r att hantera heterogena elevgrupper som kommer att ha nytta av ny teknologi och undervisningsresultat.<\/p>\n<p style=\"text-align: justify;\">Projektet f\u00f6rs\u00f6ker ocks\u00e5 att rikta sig mot Erasmus+ \u00f6vergripande princip &#8221;inkluderande utbildning, fortbildning och ungdom&#8221; genom att f\u00f6rs\u00f6ka tillhandah\u00e5lla en kritisk insikt i att verka f\u00f6r j\u00e4mst\u00e4lldhet och inkludering f\u00f6r att utveckla handledare att rikta sig mot m\u00e5ngfald och integration i b\u00e5de formella och informella \u00f6verl\u00e4mningar till elever som \u00e4r inhemska, migranter, flyktingar och asyls\u00f6kande.<\/p>\n<p style=\"text-align: justify;\">Detta bekr\u00e4ftar ocks\u00e5 prioriteringen av Parisdeklarationen. Detta projekt verkar i slut\u00e4nden f\u00f6r inkluderande utbildning och fortbildning som befr\u00e4mjar respekt och \u00f6msesidig f\u00f6rst\u00e5else inom det lokala samh\u00e4llet.<\/p>\n<p>[\/vc_column_text][\/vc_column][\/vc_row][vc_row full_width=&#8221;stretch_row&#8221; css=&#8221;.vc_custom_1524069880666{padding-top: 50px !important;padding-bottom: 50px !important;background-image: url(http:\/\/learningforlivingtogether.conform.it\/wp-content\/uploads\/2018\/04\/bg_slide1_gr.jpg?id=123) !important;background-position: center !important;background-repeat: no-repeat !important;background-size: cover !important;}&#8221;][vc_column][vc_custom_heading text=&#8221;SYFTE&#8221; font_container=&#8221;tag:h2|text_align:left|color:%23ffffff&#8221; use_theme_fonts=&#8221;yes&#8221;][vc_row_inner][vc_column_inner width=&#8221;1\/2&#8243;][vc_column_text]<\/p>\n<ul style=\"text-align: justify;\">\n<li>Att samarbeta med 6 olika l\u00e4nders partnerorganisationer fr\u00e5n Storbritannien, Irland, Italien, Litauen och Sverige som besitter expertis kring vuxenutbildning f\u00f6r migranter\/flyktingar\/ asyls\u00f6kande\/samh\u00e4llen genom att utveckla, testa, anpassa och st\u00f6tta anpassningen med b\u00e5de innovativt material och praktiskt till\u00e4mpning;<\/li>\n<li>Att utveckla innovativt material f\u00f6r vuxenl\u00e4rare\/praktiker som initialt kommer att levereras till 25 vuxenl\u00e4rare genom en transnationell fortbildningskurs baserad p\u00e5 social inkludering och m\u00e5ngfald.<\/li>\n<li>Efter detta kommer de 25 l\u00e4rarna att pilottesta materialet med 100 vuxenelever under projektets livstid, ge fortl\u00f6pande \u00e5terkoppling p\u00e5 f\u00f6rdelarna med materialet och n\u00f6dv\u00e4ndiga f\u00f6r\u00e4ndringar;<\/li>\n<\/ul>\n<p>[\/vc_column_text][\/vc_column_inner][vc_column_inner width=&#8221;1\/2&#8243;][vc_column_text]<\/p>\n<ul style=\"text-align: justify;\">\n<li>Att slutligen utveckla en kurs p\u00e5 distans om social inkludering och m\u00e5ngfald p\u00e5 16 timmar. Den inkluderar en pedagogisk handbok med tillh\u00f6rande material som filmdokument\u00e4rer, podds\u00e4ndningar och verkliga fallstudier (med flyktingar, ekonomiska migranter, asyls\u00f6kande) f\u00f6r vuxenelever och deras l\u00e4rare.<\/li>\n<li>Att bygga nya st\u00f6dn\u00e4tverk f\u00f6r varje partnerorganisation och deras l\u00e4rare f\u00f6r att utveckla deras utstr\u00e4ckning, kapacitet och kunskapsbas f\u00f6r framtida samarbeten och internationalisering.<\/li>\n<li>Att dela resultat med bredare n\u00e4tverk inom varje partnerland som \u00f6kar sin kapacitet att tackla rasism inom sitt eget land.<\/li>\n<\/ul>\n<p>[\/vc_column_text][\/vc_column_inner][\/vc_row_inner][\/vc_column][\/vc_row]<\/p>\n<\/section>","protected":false},"excerpt":{"rendered":"<p>[vc_row css=&#8221;.vc_custom_1524069925478{padding-top: 50px !important;padding-bottom: 50px !important;}&#8221;][vc_column width=&#8221;1\/2&#8243; css=&#8221;.vc_custom_1524070171728{padding-right: 80px !important;padding-left: 80px !important;}&#8221;][vc_single_image image=&#8221;271&#8243; img_size=&#8221;full&#8221; alignment=&#8221;center&#8221;][vc_separator color=&#8221;custom&#8221; align=&#8221;align_right&#8221; border_width=&#8221;4&#8243; el_width=&#8221;50&#8243; accent_color=&#8221;#402950&#8243;][vc_column_text] download the brochure [\/vc_column_text][\/vc_column][vc_column width=&#8221;1\/2&#8243;][vc_column_text] Projektet \u00e4r baserat p\u00e5 syftet i vuxenutbildningen inom ERASMUS+ &#8221;f\u00f6r att utveckla innovativt arbetss\u00e4tt och g\u00f6ra intensiv spridning och nyttjande av resultaten i att st\u00f6tta, ut\u00f6ka och utveckla utbildares kompetenser&#8221;.Projektet [&hellip;]<\/p>\n","protected":false},"author":3,"featured_media":0,"parent":0,"menu_order":0,"comment_status":"closed","ping_status":"closed","template":"","meta":[],"yoast_head":"<!-- This site is optimized with the Yoast SEO plugin v20.1 - https:\/\/yoast.com\/wordpress\/plugins\/seo\/ -->\n<title>PROJEKTET - LEARNING FOR LIVING TOGETHER<\/title>\n<meta name=\"robots\" content=\"index, follow, max-snippet:-1, max-image-preview:large, max-video-preview:-1\" \/>\n<link rel=\"canonical\" href=\"https:\/\/learningforlivingtogether.conform.it\/sv\/projektet\/\" \/>\n<meta property=\"og:locale\" content=\"sv_SE\" \/>\n<meta property=\"og:type\" content=\"article\" \/>\n<meta property=\"og:title\" content=\"PROJEKTET - LEARNING FOR LIVING TOGETHER\" \/>\n<meta property=\"og:description\" content=\"[vc_row css=&#8221;.vc_custom_1524069925478{padding-top: 50px !important;padding-bottom: 50px !important;}&#8221;][vc_column width=&#8221;1\/2&#8243; css=&#8221;.vc_custom_1524070171728{padding-right: 80px !important;padding-left: 80px !important;}&#8221;][vc_single_image image=&#8221;271&#8243; img_size=&#8221;full&#8221; alignment=&#8221;center&#8221;][vc_separator color=&#8221;custom&#8221; align=&#8221;align_right&#8221; border_width=&#8221;4&#8243; el_width=&#8221;50&#8243; accent_color=&#8221;#402950&#8243;][vc_column_text] download the brochure [\/vc_column_text][\/vc_column][vc_column width=&#8221;1\/2&#8243;][vc_column_text] Projektet \u00e4r baserat p\u00e5 syftet i vuxenutbildningen inom ERASMUS+ &#8221;f\u00f6r att utveckla innovativt arbetss\u00e4tt och g\u00f6ra intensiv spridning och nyttjande av resultaten i att st\u00f6tta, ut\u00f6ka och utveckla utbildares kompetenser&#8221;.Projektet [&hellip;]\" \/>\n<meta property=\"og:url\" content=\"https:\/\/learningforlivingtogether.conform.it\/sv\/projektet\/\" \/>\n<meta property=\"og:site_name\" content=\"LEARNING FOR LIVING TOGETHER\" \/>\n<meta name=\"twitter:card\" content=\"summary_large_image\" \/>\n<meta name=\"twitter:label1\" content=\"Ber\u00e4knad l\u00e4stid\" \/>\n\t<meta name=\"twitter:data1\" content=\"3 minuter\" \/>\n<script type=\"application\/ld+json\" class=\"yoast-schema-graph\">{\"@context\":\"https:\/\/schema.org\",\"@graph\":[{\"@type\":\"WebPage\",\"@id\":\"https:\/\/learningforlivingtogether.conform.it\/sv\/projektet\/\",\"url\":\"https:\/\/learningforlivingtogether.conform.it\/sv\/projektet\/\",\"name\":\"PROJEKTET - LEARNING FOR LIVING TOGETHER\",\"isPartOf\":{\"@id\":\"https:\/\/learningforlivingtogether.conform.it\/#website\"},\"datePublished\":\"2018-05-16T08:17:22+00:00\",\"dateModified\":\"2018-05-16T08:17:22+00:00\",\"breadcrumb\":{\"@id\":\"https:\/\/learningforlivingtogether.conform.it\/sv\/projektet\/#breadcrumb\"},\"inLanguage\":\"sv-SE\",\"potentialAction\":[{\"@type\":\"ReadAction\",\"target\":[\"https:\/\/learningforlivingtogether.conform.it\/sv\/projektet\/\"]}]},{\"@type\":\"BreadcrumbList\",\"@id\":\"https:\/\/learningforlivingtogether.conform.it\/sv\/projektet\/#breadcrumb\",\"itemListElement\":[{\"@type\":\"ListItem\",\"position\":1,\"name\":\"Home\",\"item\":\"https:\/\/learningforlivingtogether.conform.it\/sv\/\"},{\"@type\":\"ListItem\",\"position\":2,\"name\":\"PROJEKTET\"}]},{\"@type\":\"WebSite\",\"@id\":\"https:\/\/learningforlivingtogether.conform.it\/#website\",\"url\":\"https:\/\/learningforlivingtogether.conform.it\/\",\"name\":\"LEARNING FOR LIVING TOGETHER\",\"description\":\"Erasmus+ Project\",\"potentialAction\":[{\"@type\":\"SearchAction\",\"target\":{\"@type\":\"EntryPoint\",\"urlTemplate\":\"https:\/\/learningforlivingtogether.conform.it\/?s={search_term_string}\"},\"query-input\":\"required name=search_term_string\"}],\"inLanguage\":\"sv-SE\"}]}<\/script>\n<!-- \/ Yoast SEO plugin. -->","yoast_head_json":{"title":"PROJEKTET - LEARNING FOR LIVING TOGETHER","robots":{"index":"index","follow":"follow","max-snippet":"max-snippet:-1","max-image-preview":"max-image-preview:large","max-video-preview":"max-video-preview:-1"},"canonical":"https:\/\/learningforlivingtogether.conform.it\/sv\/projektet\/","og_locale":"sv_SE","og_type":"article","og_title":"PROJEKTET - LEARNING FOR LIVING TOGETHER","og_description":"[vc_row css=&#8221;.vc_custom_1524069925478{padding-top: 50px !important;padding-bottom: 50px !important;}&#8221;][vc_column width=&#8221;1\/2&#8243; css=&#8221;.vc_custom_1524070171728{padding-right: 80px !important;padding-left: 80px !important;}&#8221;][vc_single_image image=&#8221;271&#8243; img_size=&#8221;full&#8221; alignment=&#8221;center&#8221;][vc_separator color=&#8221;custom&#8221; align=&#8221;align_right&#8221; border_width=&#8221;4&#8243; el_width=&#8221;50&#8243; accent_color=&#8221;#402950&#8243;][vc_column_text] download the brochure [\/vc_column_text][\/vc_column][vc_column width=&#8221;1\/2&#8243;][vc_column_text] Projektet \u00e4r baserat p\u00e5 syftet i vuxenutbildningen inom ERASMUS+ &#8221;f\u00f6r att utveckla innovativt arbetss\u00e4tt och g\u00f6ra intensiv spridning och nyttjande av resultaten i att st\u00f6tta, ut\u00f6ka och utveckla utbildares kompetenser&#8221;.Projektet [&hellip;]","og_url":"https:\/\/learningforlivingtogether.conform.it\/sv\/projektet\/","og_site_name":"LEARNING FOR LIVING TOGETHER","twitter_card":"summary_large_image","twitter_misc":{"Ber\u00e4knad l\u00e4stid":"3 minuter"},"schema":{"@context":"https:\/\/schema.org","@graph":[{"@type":"WebPage","@id":"https:\/\/learningforlivingtogether.conform.it\/sv\/projektet\/","url":"https:\/\/learningforlivingtogether.conform.it\/sv\/projektet\/","name":"PROJEKTET - LEARNING FOR LIVING TOGETHER","isPartOf":{"@id":"https:\/\/learningforlivingtogether.conform.it\/#website"},"datePublished":"2018-05-16T08:17:22+00:00","dateModified":"2018-05-16T08:17:22+00:00","breadcrumb":{"@id":"https:\/\/learningforlivingtogether.conform.it\/sv\/projektet\/#breadcrumb"},"inLanguage":"sv-SE","potentialAction":[{"@type":"ReadAction","target":["https:\/\/learningforlivingtogether.conform.it\/sv\/projektet\/"]}]},{"@type":"BreadcrumbList","@id":"https:\/\/learningforlivingtogether.conform.it\/sv\/projektet\/#breadcrumb","itemListElement":[{"@type":"ListItem","position":1,"name":"Home","item":"https:\/\/learningforlivingtogether.conform.it\/sv\/"},{"@type":"ListItem","position":2,"name":"PROJEKTET"}]},{"@type":"WebSite","@id":"https:\/\/learningforlivingtogether.conform.it\/#website","url":"https:\/\/learningforlivingtogether.conform.it\/","name":"LEARNING FOR LIVING TOGETHER","description":"Erasmus+ Project","potentialAction":[{"@type":"SearchAction","target":{"@type":"EntryPoint","urlTemplate":"https:\/\/learningforlivingtogether.conform.it\/?s={search_term_string}"},"query-input":"required name=search_term_string"}],"inLanguage":"sv-SE"}]}},"_links":{"self":[{"href":"https:\/\/learningforlivingtogether.conform.it\/sv\/wp-json\/wp\/v2\/pages\/466"}],"collection":[{"href":"https:\/\/learningforlivingtogether.conform.it\/sv\/wp-json\/wp\/v2\/pages"}],"about":[{"href":"https:\/\/learningforlivingtogether.conform.it\/sv\/wp-json\/wp\/v2\/types\/page"}],"author":[{"embeddable":true,"href":"https:\/\/learningforlivingtogether.conform.it\/sv\/wp-json\/wp\/v2\/users\/3"}],"replies":[{"embeddable":true,"href":"https:\/\/learningforlivingtogether.conform.it\/sv\/wp-json\/wp\/v2\/comments?post=466"}],"version-history":[{"count":2,"href":"https:\/\/learningforlivingtogether.conform.it\/sv\/wp-json\/wp\/v2\/pages\/466\/revisions"}],"predecessor-version":[{"id":468,"href":"https:\/\/learningforlivingtogether.conform.it\/sv\/wp-json\/wp\/v2\/pages\/466\/revisions\/468"}],"wp:attachment":[{"href":"https:\/\/learningforlivingtogether.conform.it\/sv\/wp-json\/wp\/v2\/media?parent=466"}],"curies":[{"name":"wp","href":"https:\/\/api.w.org\/{rel}","templated":true}]}}