{"id":478,"date":"2018-05-16T08:46:28","date_gmt":"2018-05-16T08:46:28","guid":{"rendered":"http:\/\/learningforlivingtogether.conform.it\/?page_id=478"},"modified":"2018-09-06T15:20:32","modified_gmt":"2018-09-06T15:20:32","slug":"dundalk-institute-of-technology","status":"publish","type":"page","link":"https:\/\/learningforlivingtogether.conform.it\/sv\/partnerskapet\/dundalk-institute-of-technology\/","title":{"rendered":"DUNDALK INSTITUTE OF TECHNOLOGY (IE)"},"content":{"rendered":"<section class=\"wpb-content-wrapper\"><p>[vc_row full_width=&#8221;stretch_row&#8221; css=&#8221;.vc_custom_1523978835207{background-position: center !important;background-repeat: no-repeat !important;background-size: cover !important;}&#8221;][vc_column][\/vc_column][\/vc_row][vc_row][vc_column width=&#8221;5\/12&#8243;][vc_single_image image=&#8221;181&#8243; img_size=&#8221;full&#8221; alignment=&#8221;center&#8221; css_animation=&#8221;bounceInDown&#8221;][vc_row_inner][vc_column_inner][vc_separator color=&#8221;custom&#8221; border_width=&#8221;4&#8243; el_width=&#8221;50&#8243; css_animation=&#8221;bounceInLeft&#8221; accent_color=&#8221;#dddc00&#8243;][vc_column_text]<\/p>\n<h2 style=\"text-align: center;\"><span style=\"color: #999999;\"><a class=\"btn_sito\" style=\"color: #999999;\" href=\"https:\/\/www.dkit.ie\/\" target=\"_blank\" rel=\"noopener\">hemsida<\/a><\/span><\/h2>\n<p>[\/vc_column_text][\/vc_column_inner][\/vc_row_inner][\/vc_column][vc_column width=&#8221;7\/12&#8243;][vc_column_text]<\/p>\n<p style=\"text-align: justify;\"><strong>Dundalk Institute of Technology (DKIT)<\/strong> \u00e4r bland de ledande teknologiinstituten i Irland. KDTI \u00e4r ett statligt finansierat teknologiinstitut med n\u00e4stan 5000 studenter och har ett stort utbud av magister, master och doktorandprogram. Balnd de m\u00e5nga programmen som erbjuds av colleget ligger motsvarande socionomutbildningen under filosofiska fakulteten som jag arbetar under. Denna fakultet \u00e4r ansvarig f\u00f6r socionomutbildningen som sedan kommer att arbeta med de mest utsatta i v\u00e5rt samh\u00e4lle inklusive asyls\u00f6kande och flyktingar. Utbildningen innefattar placering i olika omr\u00e5den i samh\u00e4llet d\u00e4r vi l\u00e4r studenterna om utvecklande integrationsprogram f\u00f6r invandrare s\u00e5 v\u00e4l som flyktingar. Metodiken f\u00f6r studenterna g\u00e5r ut p\u00e5 att g\u00f6ra studenterna kapabla att arbeta i en multikulturell kontext och att kunna underl\u00e4tta arbetet med m\u00e4nniskor fr\u00e5n alla minoriteter. Det mesta av v\u00e5rt arbete utg\u00e5r fr\u00e5n den brasilianske utbildaren Paulo Freires verk. Han var en f\u00f6respr\u00e5kare f\u00f6r kritisk pedagogik.<\/p>\n<p style=\"text-align: justify;\">Eftersom DKIT \u00e4r ett l\u00e4ros\u00e4te r\u00f6r det sig mest om utbildning av unga. P\u00e5 socionomprogrammet \u00e4r det mest relevanta f\u00f6r detta projekt \u00e4r arbetet om kulturell m\u00e5ngfald och integrationsarbete som l\u00e4rs ut i klassrummet och studenterna forts\u00e4tter sedan att utforma forskningsprojekt i samh\u00e4llet f\u00f6r att underl\u00e4tta integration f\u00f6r nya grupper. L\u00e4rarna som undervisar p\u00e5 socionomprogrammet \u00e4r kvalificerade socialarbetare med erfarenhet av att arbeta med m\u00e4nniskor med en ogynnsam bakgrund.<\/p>\n<p>[\/vc_column_text][\/vc_column][\/vc_row][vc_row][vc_column][\/vc_column][\/vc_row]<\/p>\n<\/section>","protected":false},"excerpt":{"rendered":"<p>[vc_row full_width=&#8221;stretch_row&#8221; css=&#8221;.vc_custom_1523978835207{background-position: center !important;background-repeat: no-repeat !important;background-size: cover !important;}&#8221;][vc_column][\/vc_column][\/vc_row][vc_row][vc_column width=&#8221;5\/12&#8243;][vc_single_image image=&#8221;181&#8243; img_size=&#8221;full&#8221; alignment=&#8221;center&#8221; css_animation=&#8221;bounceInDown&#8221;][vc_row_inner][vc_column_inner][vc_separator color=&#8221;custom&#8221; border_width=&#8221;4&#8243; el_width=&#8221;50&#8243; css_animation=&#8221;bounceInLeft&#8221; accent_color=&#8221;#dddc00&#8243;][vc_column_text] hemsida [\/vc_column_text][\/vc_column_inner][\/vc_row_inner][\/vc_column][vc_column width=&#8221;7\/12&#8243;][vc_column_text] Dundalk Institute of Technology (DKIT) \u00e4r bland de ledande teknologiinstituten i Irland. KDTI \u00e4r ett statligt finansierat teknologiinstitut med n\u00e4stan 5000 studenter och har ett stort utbud av magister, master och doktorandprogram. Balnd [&hellip;]<\/p>\n","protected":false},"author":3,"featured_media":0,"parent":470,"menu_order":0,"comment_status":"closed","ping_status":"closed","template":"","meta":[],"yoast_head":"<!-- This site is optimized with the Yoast SEO plugin v20.1 - https:\/\/yoast.com\/wordpress\/plugins\/seo\/ -->\n<title>DUNDALK INSTITUTE OF TECHNOLOGY (IE) - LEARNING FOR LIVING TOGETHER<\/title>\n<meta name=\"robots\" content=\"index, follow, max-snippet:-1, max-image-preview:large, max-video-preview:-1\" \/>\n<link rel=\"canonical\" href=\"https:\/\/learningforlivingtogether.conform.it\/sv\/partnerskapet\/dundalk-institute-of-technology\/\" \/>\n<meta property=\"og:locale\" content=\"sv_SE\" \/>\n<meta property=\"og:type\" content=\"article\" \/>\n<meta property=\"og:title\" content=\"DUNDALK INSTITUTE OF TECHNOLOGY (IE) - LEARNING FOR LIVING TOGETHER\" \/>\n<meta property=\"og:description\" content=\"[vc_row full_width=&#8221;stretch_row&#8221; css=&#8221;.vc_custom_1523978835207{background-position: center !important;background-repeat: no-repeat !important;background-size: cover !important;}&#8221;][vc_column][\/vc_column][\/vc_row][vc_row][vc_column width=&#8221;5\/12&#8243;][vc_single_image image=&#8221;181&#8243; img_size=&#8221;full&#8221; alignment=&#8221;center&#8221; css_animation=&#8221;bounceInDown&#8221;][vc_row_inner][vc_column_inner][vc_separator color=&#8221;custom&#8221; border_width=&#8221;4&#8243; el_width=&#8221;50&#8243; css_animation=&#8221;bounceInLeft&#8221; accent_color=&#8221;#dddc00&#8243;][vc_column_text] hemsida [\/vc_column_text][\/vc_column_inner][\/vc_row_inner][\/vc_column][vc_column width=&#8221;7\/12&#8243;][vc_column_text] Dundalk Institute of Technology (DKIT) \u00e4r bland de ledande teknologiinstituten i Irland. KDTI \u00e4r ett statligt finansierat teknologiinstitut med n\u00e4stan 5000 studenter och har ett stort utbud av magister, master och doktorandprogram. Balnd [&hellip;]\" \/>\n<meta property=\"og:url\" content=\"https:\/\/learningforlivingtogether.conform.it\/sv\/partnerskapet\/dundalk-institute-of-technology\/\" \/>\n<meta property=\"og:site_name\" content=\"LEARNING FOR LIVING TOGETHER\" \/>\n<meta property=\"article:modified_time\" content=\"2018-09-06T15:20:32+00:00\" \/>\n<meta name=\"twitter:card\" content=\"summary_large_image\" \/>\n<meta name=\"twitter:label1\" content=\"Ber\u00e4knad l\u00e4stid\" \/>\n\t<meta name=\"twitter:data1\" content=\"2 minuter\" \/>\n<script type=\"application\/ld+json\" class=\"yoast-schema-graph\">{\"@context\":\"https:\/\/schema.org\",\"@graph\":[{\"@type\":\"WebPage\",\"@id\":\"https:\/\/learningforlivingtogether.conform.it\/sv\/partnerskapet\/dundalk-institute-of-technology\/\",\"url\":\"https:\/\/learningforlivingtogether.conform.it\/sv\/partnerskapet\/dundalk-institute-of-technology\/\",\"name\":\"DUNDALK INSTITUTE OF TECHNOLOGY (IE) - LEARNING FOR LIVING TOGETHER\",\"isPartOf\":{\"@id\":\"https:\/\/learningforlivingtogether.conform.it\/#website\"},\"datePublished\":\"2018-05-16T08:46:28+00:00\",\"dateModified\":\"2018-09-06T15:20:32+00:00\",\"breadcrumb\":{\"@id\":\"https:\/\/learningforlivingtogether.conform.it\/sv\/partnerskapet\/dundalk-institute-of-technology\/#breadcrumb\"},\"inLanguage\":\"sv-SE\",\"potentialAction\":[{\"@type\":\"ReadAction\",\"target\":[\"https:\/\/learningforlivingtogether.conform.it\/sv\/partnerskapet\/dundalk-institute-of-technology\/\"]}]},{\"@type\":\"BreadcrumbList\",\"@id\":\"https:\/\/learningforlivingtogether.conform.it\/sv\/partnerskapet\/dundalk-institute-of-technology\/#breadcrumb\",\"itemListElement\":[{\"@type\":\"ListItem\",\"position\":1,\"name\":\"Home\",\"item\":\"https:\/\/learningforlivingtogether.conform.it\/sv\/\"},{\"@type\":\"ListItem\",\"position\":2,\"name\":\"PARTNERSKAPET\",\"item\":\"https:\/\/learningforlivingtogether.conform.it\/sv\/partnerskapet\/\"},{\"@type\":\"ListItem\",\"position\":3,\"name\":\"DUNDALK INSTITUTE OF TECHNOLOGY (IE)\"}]},{\"@type\":\"WebSite\",\"@id\":\"https:\/\/learningforlivingtogether.conform.it\/#website\",\"url\":\"https:\/\/learningforlivingtogether.conform.it\/\",\"name\":\"LEARNING FOR LIVING TOGETHER\",\"description\":\"Erasmus+ Project\",\"potentialAction\":[{\"@type\":\"SearchAction\",\"target\":{\"@type\":\"EntryPoint\",\"urlTemplate\":\"https:\/\/learningforlivingtogether.conform.it\/?s={search_term_string}\"},\"query-input\":\"required name=search_term_string\"}],\"inLanguage\":\"sv-SE\"}]}<\/script>\n<!-- \/ Yoast SEO plugin. -->","yoast_head_json":{"title":"DUNDALK INSTITUTE OF TECHNOLOGY (IE) - LEARNING FOR LIVING TOGETHER","robots":{"index":"index","follow":"follow","max-snippet":"max-snippet:-1","max-image-preview":"max-image-preview:large","max-video-preview":"max-video-preview:-1"},"canonical":"https:\/\/learningforlivingtogether.conform.it\/sv\/partnerskapet\/dundalk-institute-of-technology\/","og_locale":"sv_SE","og_type":"article","og_title":"DUNDALK INSTITUTE OF TECHNOLOGY (IE) - LEARNING FOR LIVING TOGETHER","og_description":"[vc_row full_width=&#8221;stretch_row&#8221; css=&#8221;.vc_custom_1523978835207{background-position: center !important;background-repeat: no-repeat !important;background-size: cover !important;}&#8221;][vc_column][\/vc_column][\/vc_row][vc_row][vc_column width=&#8221;5\/12&#8243;][vc_single_image image=&#8221;181&#8243; img_size=&#8221;full&#8221; alignment=&#8221;center&#8221; css_animation=&#8221;bounceInDown&#8221;][vc_row_inner][vc_column_inner][vc_separator color=&#8221;custom&#8221; border_width=&#8221;4&#8243; el_width=&#8221;50&#8243; css_animation=&#8221;bounceInLeft&#8221; accent_color=&#8221;#dddc00&#8243;][vc_column_text] hemsida [\/vc_column_text][\/vc_column_inner][\/vc_row_inner][\/vc_column][vc_column width=&#8221;7\/12&#8243;][vc_column_text] Dundalk Institute of Technology (DKIT) \u00e4r bland de ledande teknologiinstituten i Irland. KDTI \u00e4r ett statligt finansierat teknologiinstitut med n\u00e4stan 5000 studenter och har ett stort utbud av magister, master och doktorandprogram. Balnd [&hellip;]","og_url":"https:\/\/learningforlivingtogether.conform.it\/sv\/partnerskapet\/dundalk-institute-of-technology\/","og_site_name":"LEARNING FOR LIVING TOGETHER","article_modified_time":"2018-09-06T15:20:32+00:00","twitter_card":"summary_large_image","twitter_misc":{"Ber\u00e4knad l\u00e4stid":"2 minuter"},"schema":{"@context":"https:\/\/schema.org","@graph":[{"@type":"WebPage","@id":"https:\/\/learningforlivingtogether.conform.it\/sv\/partnerskapet\/dundalk-institute-of-technology\/","url":"https:\/\/learningforlivingtogether.conform.it\/sv\/partnerskapet\/dundalk-institute-of-technology\/","name":"DUNDALK INSTITUTE OF TECHNOLOGY (IE) - LEARNING FOR LIVING TOGETHER","isPartOf":{"@id":"https:\/\/learningforlivingtogether.conform.it\/#website"},"datePublished":"2018-05-16T08:46:28+00:00","dateModified":"2018-09-06T15:20:32+00:00","breadcrumb":{"@id":"https:\/\/learningforlivingtogether.conform.it\/sv\/partnerskapet\/dundalk-institute-of-technology\/#breadcrumb"},"inLanguage":"sv-SE","potentialAction":[{"@type":"ReadAction","target":["https:\/\/learningforlivingtogether.conform.it\/sv\/partnerskapet\/dundalk-institute-of-technology\/"]}]},{"@type":"BreadcrumbList","@id":"https:\/\/learningforlivingtogether.conform.it\/sv\/partnerskapet\/dundalk-institute-of-technology\/#breadcrumb","itemListElement":[{"@type":"ListItem","position":1,"name":"Home","item":"https:\/\/learningforlivingtogether.conform.it\/sv\/"},{"@type":"ListItem","position":2,"name":"PARTNERSKAPET","item":"https:\/\/learningforlivingtogether.conform.it\/sv\/partnerskapet\/"},{"@type":"ListItem","position":3,"name":"DUNDALK INSTITUTE OF TECHNOLOGY (IE)"}]},{"@type":"WebSite","@id":"https:\/\/learningforlivingtogether.conform.it\/#website","url":"https:\/\/learningforlivingtogether.conform.it\/","name":"LEARNING FOR LIVING TOGETHER","description":"Erasmus+ Project","potentialAction":[{"@type":"SearchAction","target":{"@type":"EntryPoint","urlTemplate":"https:\/\/learningforlivingtogether.conform.it\/?s={search_term_string}"},"query-input":"required name=search_term_string"}],"inLanguage":"sv-SE"}]}},"_links":{"self":[{"href":"https:\/\/learningforlivingtogether.conform.it\/sv\/wp-json\/wp\/v2\/pages\/478"}],"collection":[{"href":"https:\/\/learningforlivingtogether.conform.it\/sv\/wp-json\/wp\/v2\/pages"}],"about":[{"href":"https:\/\/learningforlivingtogether.conform.it\/sv\/wp-json\/wp\/v2\/types\/page"}],"author":[{"embeddable":true,"href":"https:\/\/learningforlivingtogether.conform.it\/sv\/wp-json\/wp\/v2\/users\/3"}],"replies":[{"embeddable":true,"href":"https:\/\/learningforlivingtogether.conform.it\/sv\/wp-json\/wp\/v2\/comments?post=478"}],"version-history":[{"count":2,"href":"https:\/\/learningforlivingtogether.conform.it\/sv\/wp-json\/wp\/v2\/pages\/478\/revisions"}],"predecessor-version":[{"id":686,"href":"https:\/\/learningforlivingtogether.conform.it\/sv\/wp-json\/wp\/v2\/pages\/478\/revisions\/686"}],"up":[{"embeddable":true,"href":"https:\/\/learningforlivingtogether.conform.it\/sv\/wp-json\/wp\/v2\/pages\/470"}],"wp:attachment":[{"href":"https:\/\/learningforlivingtogether.conform.it\/sv\/wp-json\/wp\/v2\/media?parent=478"}],"curies":[{"name":"wp","href":"https:\/\/api.w.org\/{rel}","templated":true}]}}