{"id":481,"date":"2018-05-16T08:55:59","date_gmt":"2018-05-16T08:55:59","guid":{"rendered":"http:\/\/learningforlivingtogether.conform.it\/?page_id=481"},"modified":"2018-09-06T15:21:45","modified_gmt":"2018-09-06T15:21:45","slug":"southern-regional-college","status":"publish","type":"page","link":"https:\/\/learningforlivingtogether.conform.it\/sv\/partnerskapet\/southern-regional-college\/","title":{"rendered":"SOUTHERN REGIONAL COLLEGE (UK)"},"content":{"rendered":"<section class=\"wpb-content-wrapper\"><p>[vc_row full_width=&#8221;stretch_row&#8221; css=&#8221;.vc_custom_1523978835207{background-position: center !important;background-repeat: no-repeat !important;background-size: cover !important;}&#8221;][vc_column][\/vc_column][\/vc_row][vc_row][vc_column width=&#8221;5\/12&#8243;][vc_single_image image=&#8221;121&#8243; img_size=&#8221;full&#8221; alignment=&#8221;center&#8221; css_animation=&#8221;bounceInDown&#8221;][vc_row_inner][vc_column_inner][vc_separator color=&#8221;custom&#8221; border_width=&#8221;4&#8243; el_width=&#8221;50&#8243; css_animation=&#8221;bounceInLeft&#8221; accent_color=&#8221;#dddc00&#8243; el_class=&#8221;linea_magenta&#8221;][vc_column_text]<\/p>\n<h2 style=\"text-align: center;\"><span style=\"color: #999999;\"><a class=\"btn_sito\" style=\"color: #999999;\" href=\"https:\/\/www.src.ac.uk\/\" target=\"_blank\" rel=\"noopener\">hemsida<\/a><\/span><\/h2>\n<p>[\/vc_column_text][\/vc_column_inner][\/vc_row_inner][\/vc_column][vc_column width=&#8221;7\/12&#8243;][vc_column_text]<\/p>\n<p style=\"text-align: justify;\"><strong>Southern Regional College (SRC)<\/strong> tillhandah\u00e5ller praktik och utbildning till \u00f6ver 3 500 heltidselever och \u00f6ver 30 000 deltidselever varje \u00e5r. SRC \u00e4r det n\u00e4st st\u00f6rsta colleget i Nordirland med totalt sex l\u00e4ros\u00e4ten i grevskapen Armagh och Down som t\u00e4cker tv\u00e5 kommunfullm\u00e4ktigeomr\u00e5den. SRC erbjuder f\u00f6rstklassig utbildning och en sp\u00e4nnande l\u00e4rmilj\u00f6 f\u00f6r vidare och h\u00f6gre utbildning. Det har 720 heltidsanst\u00e4llda l\u00e4rare och 470 anst\u00e4llda som st\u00f6dpersonal p\u00e5 en \u00e5rlig budget om 40 miljoner pund. SRC arbetar med \u00f6ver 100 samh\u00e4lls- och frivilliggrupper p\u00e5 ett omr\u00e5de p\u00e5 knappt 4000 kvadratkilometer inom den s\u00f6dra regionen som ger r\u00e5d om kurser f\u00f6r vuxna inom sitt samh\u00e4lle. SCR\u2019s engagerade Community Learning Team f\u00f6rs\u00e4krar om att vuxna har tillg\u00e5ng till utbildning och praktik f\u00f6r att f\u00f6rb\u00e4ttra sina kunskaper, f\u00f6rm\u00e5gor och kvalifikationer. Under \u00e5ren 2013\/14 levererade SRC 484 lektioner till 2966 elever (5021 registreringar) som t\u00e4cker 73 olika typer av kurser.<\/p>\n<p>[\/vc_column_text][vc_column_text]<\/p>\n<p style=\"text-align: justify;\">Colleget har under senare tid klarat av ett antal innovativa projekt f\u00f6r migrantgruppen i samh\u00e4llet inr\u00e4knat projektet Transforming Learning Communities (TLC) som \u00e4r finansierat av Big Lottery och Voice Project som \u00e4r finansierat av Pulmonary Hypertension Association (PHA) och Grundtvigprojektet \u201dl\u00e4rande f\u00f6r att leva\u201d. Dessa projekt gjorde det f\u00f6r m\u00f6jligt f\u00f6r colleget att leverera ett utbud av icke yrkesf\u00f6rberedande kurser och att bist\u00e5 olika tj\u00e4nster till migranterna i samh\u00e4llet. Dessa projekt minskade f\u00f6rdomarna i majoritetssamh\u00e4llet och st\u00e4rkte migranterna. Projektet samlade ihop tj\u00e4nster f\u00f6r migranter genom att f\u00f6rse dem med icke yrkesf\u00f6rberedande kurser och l\u00e4rande mellan generationer, familjest\u00f6d, r\u00e5d om f\u00f6rs\u00f6rjningsbidrag och v\u00e4gledning i samh\u00e4llet. SRC har ocks\u00e5 f\u00e5tt i uppdrag att forska kring niv\u00e5erna vad avser engagemang i samh\u00e4llet hos etniska minoritetsgrupper i det samh\u00e4lleliga och politiska livet i Nordirland.<\/p>\n<p>[\/vc_column_text][\/vc_column][\/vc_row][vc_row][vc_column][\/vc_column][\/vc_row]<\/p>\n<\/section>","protected":false},"excerpt":{"rendered":"<p>[vc_row full_width=&#8221;stretch_row&#8221; css=&#8221;.vc_custom_1523978835207{background-position: center !important;background-repeat: no-repeat !important;background-size: cover !important;}&#8221;][vc_column][\/vc_column][\/vc_row][vc_row][vc_column width=&#8221;5\/12&#8243;][vc_single_image image=&#8221;121&#8243; img_size=&#8221;full&#8221; alignment=&#8221;center&#8221; css_animation=&#8221;bounceInDown&#8221;][vc_row_inner][vc_column_inner][vc_separator color=&#8221;custom&#8221; border_width=&#8221;4&#8243; el_width=&#8221;50&#8243; css_animation=&#8221;bounceInLeft&#8221; accent_color=&#8221;#dddc00&#8243; el_class=&#8221;linea_magenta&#8221;][vc_column_text] hemsida [\/vc_column_text][\/vc_column_inner][\/vc_row_inner][\/vc_column][vc_column width=&#8221;7\/12&#8243;][vc_column_text] Southern Regional College (SRC) tillhandah\u00e5ller praktik och utbildning till \u00f6ver 3 500 heltidselever och \u00f6ver 30 000 deltidselever varje \u00e5r. SRC \u00e4r det n\u00e4st st\u00f6rsta colleget i Nordirland med totalt sex l\u00e4ros\u00e4ten [&hellip;]<\/p>\n","protected":false},"author":3,"featured_media":0,"parent":470,"menu_order":0,"comment_status":"closed","ping_status":"closed","template":"","meta":[],"yoast_head":"<!-- This site is optimized with the Yoast SEO plugin v20.1 - https:\/\/yoast.com\/wordpress\/plugins\/seo\/ -->\n<title>SOUTHERN REGIONAL COLLEGE (UK) - LEARNING FOR LIVING TOGETHER<\/title>\n<meta name=\"robots\" content=\"index, follow, max-snippet:-1, max-image-preview:large, max-video-preview:-1\" \/>\n<link rel=\"canonical\" href=\"https:\/\/learningforlivingtogether.conform.it\/sv\/partnerskapet\/southern-regional-college\/\" \/>\n<meta property=\"og:locale\" content=\"sv_SE\" \/>\n<meta property=\"og:type\" content=\"article\" \/>\n<meta property=\"og:title\" content=\"SOUTHERN REGIONAL COLLEGE (UK) - LEARNING FOR LIVING TOGETHER\" \/>\n<meta property=\"og:description\" content=\"[vc_row full_width=&#8221;stretch_row&#8221; css=&#8221;.vc_custom_1523978835207{background-position: center !important;background-repeat: no-repeat !important;background-size: cover !important;}&#8221;][vc_column][\/vc_column][\/vc_row][vc_row][vc_column width=&#8221;5\/12&#8243;][vc_single_image image=&#8221;121&#8243; img_size=&#8221;full&#8221; alignment=&#8221;center&#8221; css_animation=&#8221;bounceInDown&#8221;][vc_row_inner][vc_column_inner][vc_separator color=&#8221;custom&#8221; border_width=&#8221;4&#8243; el_width=&#8221;50&#8243; css_animation=&#8221;bounceInLeft&#8221; accent_color=&#8221;#dddc00&#8243; el_class=&#8221;linea_magenta&#8221;][vc_column_text] hemsida [\/vc_column_text][\/vc_column_inner][\/vc_row_inner][\/vc_column][vc_column width=&#8221;7\/12&#8243;][vc_column_text] Southern Regional College (SRC) tillhandah\u00e5ller praktik och utbildning till \u00f6ver 3 500 heltidselever och \u00f6ver 30 000 deltidselever varje \u00e5r. SRC \u00e4r det n\u00e4st st\u00f6rsta colleget i Nordirland med totalt sex l\u00e4ros\u00e4ten [&hellip;]\" \/>\n<meta property=\"og:url\" content=\"https:\/\/learningforlivingtogether.conform.it\/sv\/partnerskapet\/southern-regional-college\/\" \/>\n<meta property=\"og:site_name\" content=\"LEARNING FOR LIVING TOGETHER\" \/>\n<meta property=\"article:modified_time\" content=\"2018-09-06T15:21:45+00:00\" \/>\n<meta name=\"twitter:card\" content=\"summary_large_image\" \/>\n<meta name=\"twitter:label1\" content=\"Ber\u00e4knad l\u00e4stid\" \/>\n\t<meta name=\"twitter:data1\" content=\"2 minuter\" \/>\n<script type=\"application\/ld+json\" class=\"yoast-schema-graph\">{\"@context\":\"https:\/\/schema.org\",\"@graph\":[{\"@type\":\"WebPage\",\"@id\":\"https:\/\/learningforlivingtogether.conform.it\/sv\/partnerskapet\/southern-regional-college\/\",\"url\":\"https:\/\/learningforlivingtogether.conform.it\/sv\/partnerskapet\/southern-regional-college\/\",\"name\":\"SOUTHERN REGIONAL COLLEGE (UK) - LEARNING FOR LIVING TOGETHER\",\"isPartOf\":{\"@id\":\"https:\/\/learningforlivingtogether.conform.it\/#website\"},\"datePublished\":\"2018-05-16T08:55:59+00:00\",\"dateModified\":\"2018-09-06T15:21:45+00:00\",\"breadcrumb\":{\"@id\":\"https:\/\/learningforlivingtogether.conform.it\/sv\/partnerskapet\/southern-regional-college\/#breadcrumb\"},\"inLanguage\":\"sv-SE\",\"potentialAction\":[{\"@type\":\"ReadAction\",\"target\":[\"https:\/\/learningforlivingtogether.conform.it\/sv\/partnerskapet\/southern-regional-college\/\"]}]},{\"@type\":\"BreadcrumbList\",\"@id\":\"https:\/\/learningforlivingtogether.conform.it\/sv\/partnerskapet\/southern-regional-college\/#breadcrumb\",\"itemListElement\":[{\"@type\":\"ListItem\",\"position\":1,\"name\":\"Home\",\"item\":\"https:\/\/learningforlivingtogether.conform.it\/sv\/\"},{\"@type\":\"ListItem\",\"position\":2,\"name\":\"PARTNERSKAPET\",\"item\":\"https:\/\/learningforlivingtogether.conform.it\/sv\/partnerskapet\/\"},{\"@type\":\"ListItem\",\"position\":3,\"name\":\"SOUTHERN REGIONAL COLLEGE (UK)\"}]},{\"@type\":\"WebSite\",\"@id\":\"https:\/\/learningforlivingtogether.conform.it\/#website\",\"url\":\"https:\/\/learningforlivingtogether.conform.it\/\",\"name\":\"LEARNING FOR LIVING TOGETHER\",\"description\":\"Erasmus+ Project\",\"potentialAction\":[{\"@type\":\"SearchAction\",\"target\":{\"@type\":\"EntryPoint\",\"urlTemplate\":\"https:\/\/learningforlivingtogether.conform.it\/?s={search_term_string}\"},\"query-input\":\"required name=search_term_string\"}],\"inLanguage\":\"sv-SE\"}]}<\/script>\n<!-- \/ Yoast SEO plugin. -->","yoast_head_json":{"title":"SOUTHERN REGIONAL COLLEGE (UK) - LEARNING FOR LIVING TOGETHER","robots":{"index":"index","follow":"follow","max-snippet":"max-snippet:-1","max-image-preview":"max-image-preview:large","max-video-preview":"max-video-preview:-1"},"canonical":"https:\/\/learningforlivingtogether.conform.it\/sv\/partnerskapet\/southern-regional-college\/","og_locale":"sv_SE","og_type":"article","og_title":"SOUTHERN REGIONAL COLLEGE (UK) - LEARNING FOR LIVING TOGETHER","og_description":"[vc_row full_width=&#8221;stretch_row&#8221; css=&#8221;.vc_custom_1523978835207{background-position: center !important;background-repeat: no-repeat !important;background-size: cover !important;}&#8221;][vc_column][\/vc_column][\/vc_row][vc_row][vc_column width=&#8221;5\/12&#8243;][vc_single_image image=&#8221;121&#8243; img_size=&#8221;full&#8221; alignment=&#8221;center&#8221; css_animation=&#8221;bounceInDown&#8221;][vc_row_inner][vc_column_inner][vc_separator color=&#8221;custom&#8221; border_width=&#8221;4&#8243; el_width=&#8221;50&#8243; css_animation=&#8221;bounceInLeft&#8221; accent_color=&#8221;#dddc00&#8243; el_class=&#8221;linea_magenta&#8221;][vc_column_text] hemsida [\/vc_column_text][\/vc_column_inner][\/vc_row_inner][\/vc_column][vc_column width=&#8221;7\/12&#8243;][vc_column_text] Southern Regional College (SRC) tillhandah\u00e5ller praktik och utbildning till \u00f6ver 3 500 heltidselever och \u00f6ver 30 000 deltidselever varje \u00e5r. SRC \u00e4r det n\u00e4st st\u00f6rsta colleget i Nordirland med totalt sex l\u00e4ros\u00e4ten [&hellip;]","og_url":"https:\/\/learningforlivingtogether.conform.it\/sv\/partnerskapet\/southern-regional-college\/","og_site_name":"LEARNING FOR LIVING TOGETHER","article_modified_time":"2018-09-06T15:21:45+00:00","twitter_card":"summary_large_image","twitter_misc":{"Ber\u00e4knad l\u00e4stid":"2 minuter"},"schema":{"@context":"https:\/\/schema.org","@graph":[{"@type":"WebPage","@id":"https:\/\/learningforlivingtogether.conform.it\/sv\/partnerskapet\/southern-regional-college\/","url":"https:\/\/learningforlivingtogether.conform.it\/sv\/partnerskapet\/southern-regional-college\/","name":"SOUTHERN REGIONAL COLLEGE (UK) - LEARNING FOR LIVING TOGETHER","isPartOf":{"@id":"https:\/\/learningforlivingtogether.conform.it\/#website"},"datePublished":"2018-05-16T08:55:59+00:00","dateModified":"2018-09-06T15:21:45+00:00","breadcrumb":{"@id":"https:\/\/learningforlivingtogether.conform.it\/sv\/partnerskapet\/southern-regional-college\/#breadcrumb"},"inLanguage":"sv-SE","potentialAction":[{"@type":"ReadAction","target":["https:\/\/learningforlivingtogether.conform.it\/sv\/partnerskapet\/southern-regional-college\/"]}]},{"@type":"BreadcrumbList","@id":"https:\/\/learningforlivingtogether.conform.it\/sv\/partnerskapet\/southern-regional-college\/#breadcrumb","itemListElement":[{"@type":"ListItem","position":1,"name":"Home","item":"https:\/\/learningforlivingtogether.conform.it\/sv\/"},{"@type":"ListItem","position":2,"name":"PARTNERSKAPET","item":"https:\/\/learningforlivingtogether.conform.it\/sv\/partnerskapet\/"},{"@type":"ListItem","position":3,"name":"SOUTHERN REGIONAL COLLEGE (UK)"}]},{"@type":"WebSite","@id":"https:\/\/learningforlivingtogether.conform.it\/#website","url":"https:\/\/learningforlivingtogether.conform.it\/","name":"LEARNING FOR LIVING TOGETHER","description":"Erasmus+ Project","potentialAction":[{"@type":"SearchAction","target":{"@type":"EntryPoint","urlTemplate":"https:\/\/learningforlivingtogether.conform.it\/?s={search_term_string}"},"query-input":"required name=search_term_string"}],"inLanguage":"sv-SE"}]}},"_links":{"self":[{"href":"https:\/\/learningforlivingtogether.conform.it\/sv\/wp-json\/wp\/v2\/pages\/481"}],"collection":[{"href":"https:\/\/learningforlivingtogether.conform.it\/sv\/wp-json\/wp\/v2\/pages"}],"about":[{"href":"https:\/\/learningforlivingtogether.conform.it\/sv\/wp-json\/wp\/v2\/types\/page"}],"author":[{"embeddable":true,"href":"https:\/\/learningforlivingtogether.conform.it\/sv\/wp-json\/wp\/v2\/users\/3"}],"replies":[{"embeddable":true,"href":"https:\/\/learningforlivingtogether.conform.it\/sv\/wp-json\/wp\/v2\/comments?post=481"}],"version-history":[{"count":3,"href":"https:\/\/learningforlivingtogether.conform.it\/sv\/wp-json\/wp\/v2\/pages\/481\/revisions"}],"predecessor-version":[{"id":687,"href":"https:\/\/learningforlivingtogether.conform.it\/sv\/wp-json\/wp\/v2\/pages\/481\/revisions\/687"}],"up":[{"embeddable":true,"href":"https:\/\/learningforlivingtogether.conform.it\/sv\/wp-json\/wp\/v2\/pages\/470"}],"wp:attachment":[{"href":"https:\/\/learningforlivingtogether.conform.it\/sv\/wp-json\/wp\/v2\/media?parent=481"}],"curies":[{"name":"wp","href":"https:\/\/api.w.org\/{rel}","templated":true}]}}