{"id":487,"date":"2018-05-16T09:03:12","date_gmt":"2018-05-16T09:03:12","guid":{"rendered":"http:\/\/learningforlivingtogether.conform.it\/?page_id=487"},"modified":"2018-09-06T15:24:09","modified_gmt":"2018-09-06T15:24:09","slug":"conform","status":"publish","type":"page","link":"https:\/\/learningforlivingtogether.conform.it\/sv\/partnerskapet\/conform\/","title":{"rendered":"CONFORM S.c.a.r.l."},"content":{"rendered":"<section class=\"wpb-content-wrapper\"><p>[vc_row full_width=&#8221;stretch_row&#8221; css=&#8221;.vc_custom_1523978835207{background-position: center !important;background-repeat: no-repeat !important;background-size: cover !important;}&#8221;][vc_column][\/vc_column][\/vc_row][vc_row][vc_column width=&#8221;5\/12&#8243;][vc_single_image image=&#8221;174&#8243; img_size=&#8221;full&#8221; alignment=&#8221;center&#8221; css_animation=&#8221;bounceInDown&#8221;][vc_row_inner][vc_column_inner][vc_separator color=&#8221;custom&#8221; border_width=&#8221;4&#8243; el_width=&#8221;50&#8243; css_animation=&#8221;bounceInLeft&#8221; accent_color=&#8221;#e61b72&#8243;][vc_column_text]<\/p>\n<h2 style=\"text-align: center;\"><span style=\"color: #999999;\"><a class=\"btn_sito\" style=\"color: #999999;\" href=\"http:\/\/conform.it\/\" target=\"_blank\" rel=\"noopener\">hemsida<\/a><\/span><\/h2>\n<p>[\/vc_column_text][\/vc_column_inner][\/vc_row_inner][\/vc_column][vc_column width=&#8221;7\/12&#8243;][vc_column_text]<\/p>\n<p style=\"text-align: left;\">F\u00f6retaget <strong>CONFORM- Consulenza, Formazione e Management S.c.a.r.l.<\/strong> har arbetat i omkring 20 \u00e5r nationellt och internationellt med att verkar f\u00f6r och utveckla viktiga forskningsprojekt och praktikplaner med innovativt format och nydanande l\u00f6sningar f\u00f6r klassrummet, empiriska och digitala kurser. Det f\u00f6rser med konsultverksamhet och teknisk support till f\u00f6retag och P.A. med erfaren personal och ett kompetent team med utbildare, konsulter, professionella, chefer och entrepren\u00f6rer som alla \u00e4r framg\u00e5ngsrika. Auktoriserade f\u00f6r h\u00f6gre utbildning och fortbildning i Campaniaregionen och fortbildning i Venetoregionen.<\/p>\n<p style=\"text-align: left;\">CONFORM.c.a.r.l. har ocks\u00e5:<\/p>\n<p style=\"text-align: left;\">&#8211; erh\u00e5llit gedigen erfarenhet i anv\u00e4ndningen av teknologi genom deltagande i europeiska projekt om informationss\u00e4kerhet. Det har utvecklat sina egna sociala och digitala l\u00e4rplattformar f\u00f6r att underl\u00e4tta 2.0\/3.0 information, debatt, dialog och interaktion med andra sociala kanaler, informellt l\u00e4rande med tillg\u00e5ng f\u00f6r att kunna f\u00f6rse andra med meriter f\u00f6r att komma \u00e5t multimedia och anv\u00e4ndningen av interaktiva 2D\/3D-animationer och aff\u00e4rsspel, videof\u00f6rel\u00e4sningar, texter och e-b\u00f6cker f\u00f6r att utveckla och f\u00f6rst\u00e4rka unga m\u00e4nniskor, anst\u00e4llda, chefer, entrepren\u00f6rers och professionella inom entrepren\u00f6rskapet, finans, marknadsf\u00f6ring och kommunikation, ledningsf\u00f6rm\u00e5ga och organisationshantering, s\u00e4kerhet, IT, och spr\u00e5kf\u00f6rm\u00e5ga.<\/p>\n<p style=\"text-align: left;\">Det har etablerat en digital reklamaff\u00e4r, utifr\u00e5n tillg\u00e4nglig teknologi f\u00f6r att g\u00f6ra det m\u00f6jligt f\u00f6r kunder att k\u00f6pa ett eller flera multimediasystem, anv\u00e4nda paypal och kreditkortssystem<\/p>\n<p style=\"text-align: left;\">&#8211; producerat kortfilmer, videober\u00e4ttelser och utbildningsfilmer baserat p\u00e5 \u201dMovie Education\u201d, metodologiska modeller som till\u00e5ter deltagare som varit inblandade i designfasen, manus och rolltolkningar att omarbeta till\u00e4gnad kunskap som formellt och informellt l\u00e4rande.<\/p>\n<p style=\"text-align: left;\">&#8211; skapar l\u00e4rande grupper , social innovation, utbildning och kunskapssystem, uppfinner spr\u00e5k och fr\u00e4mjar utvecklingen av en ny kultur av virtuellt samarbete ocks\u00e5 genom:<\/p>\n<ul style=\"text-align: left;\">\n<li>att skapa webbsidor, designa och skapa emotionella videor, virala videor, narrativa videor, digitala b\u00f6cker, reportage och bokreklam<\/li>\n<li>strategier och kampanjer f\u00f6r marknadsf\u00f6ring inom sociala medier<\/li>\n<li>skapa och designa digitala varum\u00e4rken<\/li>\n<li>mediarelationer och digital PR<\/li>\n<\/ul>\n<p>[\/vc_column_text][\/vc_column][\/vc_row][vc_row][vc_column][\/vc_column][\/vc_row]<\/p>\n<\/section>","protected":false},"excerpt":{"rendered":"<p>[vc_row full_width=&#8221;stretch_row&#8221; css=&#8221;.vc_custom_1523978835207{background-position: center !important;background-repeat: no-repeat !important;background-size: cover !important;}&#8221;][vc_column][\/vc_column][\/vc_row][vc_row][vc_column width=&#8221;5\/12&#8243;][vc_single_image image=&#8221;174&#8243; img_size=&#8221;full&#8221; alignment=&#8221;center&#8221; css_animation=&#8221;bounceInDown&#8221;][vc_row_inner][vc_column_inner][vc_separator color=&#8221;custom&#8221; border_width=&#8221;4&#8243; el_width=&#8221;50&#8243; css_animation=&#8221;bounceInLeft&#8221; accent_color=&#8221;#e61b72&#8243;][vc_column_text] hemsida [\/vc_column_text][\/vc_column_inner][\/vc_row_inner][\/vc_column][vc_column width=&#8221;7\/12&#8243;][vc_column_text] F\u00f6retaget CONFORM- Consulenza, Formazione e Management S.c.a.r.l. har arbetat i omkring 20 \u00e5r nationellt och internationellt med att verkar f\u00f6r och utveckla viktiga forskningsprojekt och praktikplaner med innovativt format och nydanande l\u00f6sningar f\u00f6r [&hellip;]<\/p>\n","protected":false},"author":3,"featured_media":0,"parent":470,"menu_order":0,"comment_status":"closed","ping_status":"closed","template":"","meta":[],"yoast_head":"<!-- This site is optimized with the Yoast SEO plugin v20.1 - https:\/\/yoast.com\/wordpress\/plugins\/seo\/ -->\n<title>CONFORM S.c.a.r.l. - LEARNING FOR LIVING TOGETHER<\/title>\n<meta name=\"robots\" content=\"index, follow, max-snippet:-1, max-image-preview:large, max-video-preview:-1\" \/>\n<link rel=\"canonical\" href=\"https:\/\/learningforlivingtogether.conform.it\/sv\/partnerskapet\/conform\/\" \/>\n<meta property=\"og:locale\" content=\"sv_SE\" \/>\n<meta property=\"og:type\" content=\"article\" \/>\n<meta property=\"og:title\" content=\"CONFORM S.c.a.r.l. - LEARNING FOR LIVING TOGETHER\" \/>\n<meta property=\"og:description\" content=\"[vc_row full_width=&#8221;stretch_row&#8221; css=&#8221;.vc_custom_1523978835207{background-position: center !important;background-repeat: no-repeat !important;background-size: cover !important;}&#8221;][vc_column][\/vc_column][\/vc_row][vc_row][vc_column width=&#8221;5\/12&#8243;][vc_single_image image=&#8221;174&#8243; img_size=&#8221;full&#8221; alignment=&#8221;center&#8221; css_animation=&#8221;bounceInDown&#8221;][vc_row_inner][vc_column_inner][vc_separator color=&#8221;custom&#8221; border_width=&#8221;4&#8243; el_width=&#8221;50&#8243; css_animation=&#8221;bounceInLeft&#8221; accent_color=&#8221;#e61b72&#8243;][vc_column_text] hemsida [\/vc_column_text][\/vc_column_inner][\/vc_row_inner][\/vc_column][vc_column width=&#8221;7\/12&#8243;][vc_column_text] F\u00f6retaget CONFORM- Consulenza, Formazione e Management S.c.a.r.l. har arbetat i omkring 20 \u00e5r nationellt och internationellt med att verkar f\u00f6r och utveckla viktiga forskningsprojekt och praktikplaner med innovativt format och nydanande l\u00f6sningar f\u00f6r [&hellip;]\" \/>\n<meta property=\"og:url\" content=\"https:\/\/learningforlivingtogether.conform.it\/sv\/partnerskapet\/conform\/\" \/>\n<meta property=\"og:site_name\" content=\"LEARNING FOR LIVING TOGETHER\" \/>\n<meta property=\"article:modified_time\" content=\"2018-09-06T15:24:09+00:00\" \/>\n<meta name=\"twitter:card\" content=\"summary_large_image\" \/>\n<meta name=\"twitter:label1\" content=\"Ber\u00e4knad l\u00e4stid\" \/>\n\t<meta name=\"twitter:data1\" content=\"2 minuter\" \/>\n<script type=\"application\/ld+json\" class=\"yoast-schema-graph\">{\"@context\":\"https:\/\/schema.org\",\"@graph\":[{\"@type\":\"WebPage\",\"@id\":\"https:\/\/learningforlivingtogether.conform.it\/sv\/partnerskapet\/conform\/\",\"url\":\"https:\/\/learningforlivingtogether.conform.it\/sv\/partnerskapet\/conform\/\",\"name\":\"CONFORM S.c.a.r.l. - LEARNING FOR LIVING TOGETHER\",\"isPartOf\":{\"@id\":\"https:\/\/learningforlivingtogether.conform.it\/#website\"},\"datePublished\":\"2018-05-16T09:03:12+00:00\",\"dateModified\":\"2018-09-06T15:24:09+00:00\",\"breadcrumb\":{\"@id\":\"https:\/\/learningforlivingtogether.conform.it\/sv\/partnerskapet\/conform\/#breadcrumb\"},\"inLanguage\":\"sv-SE\",\"potentialAction\":[{\"@type\":\"ReadAction\",\"target\":[\"https:\/\/learningforlivingtogether.conform.it\/sv\/partnerskapet\/conform\/\"]}]},{\"@type\":\"BreadcrumbList\",\"@id\":\"https:\/\/learningforlivingtogether.conform.it\/sv\/partnerskapet\/conform\/#breadcrumb\",\"itemListElement\":[{\"@type\":\"ListItem\",\"position\":1,\"name\":\"Home\",\"item\":\"https:\/\/learningforlivingtogether.conform.it\/sv\/\"},{\"@type\":\"ListItem\",\"position\":2,\"name\":\"PARTNERSKAPET\",\"item\":\"https:\/\/learningforlivingtogether.conform.it\/sv\/partnerskapet\/\"},{\"@type\":\"ListItem\",\"position\":3,\"name\":\"CONFORM S.c.a.r.l.\"}]},{\"@type\":\"WebSite\",\"@id\":\"https:\/\/learningforlivingtogether.conform.it\/#website\",\"url\":\"https:\/\/learningforlivingtogether.conform.it\/\",\"name\":\"LEARNING FOR LIVING TOGETHER\",\"description\":\"Erasmus+ Project\",\"potentialAction\":[{\"@type\":\"SearchAction\",\"target\":{\"@type\":\"EntryPoint\",\"urlTemplate\":\"https:\/\/learningforlivingtogether.conform.it\/?s={search_term_string}\"},\"query-input\":\"required name=search_term_string\"}],\"inLanguage\":\"sv-SE\"}]}<\/script>\n<!-- \/ Yoast SEO plugin. -->","yoast_head_json":{"title":"CONFORM S.c.a.r.l. - LEARNING FOR LIVING TOGETHER","robots":{"index":"index","follow":"follow","max-snippet":"max-snippet:-1","max-image-preview":"max-image-preview:large","max-video-preview":"max-video-preview:-1"},"canonical":"https:\/\/learningforlivingtogether.conform.it\/sv\/partnerskapet\/conform\/","og_locale":"sv_SE","og_type":"article","og_title":"CONFORM S.c.a.r.l. - LEARNING FOR LIVING TOGETHER","og_description":"[vc_row full_width=&#8221;stretch_row&#8221; css=&#8221;.vc_custom_1523978835207{background-position: center !important;background-repeat: no-repeat !important;background-size: cover !important;}&#8221;][vc_column][\/vc_column][\/vc_row][vc_row][vc_column width=&#8221;5\/12&#8243;][vc_single_image image=&#8221;174&#8243; img_size=&#8221;full&#8221; alignment=&#8221;center&#8221; css_animation=&#8221;bounceInDown&#8221;][vc_row_inner][vc_column_inner][vc_separator color=&#8221;custom&#8221; border_width=&#8221;4&#8243; el_width=&#8221;50&#8243; css_animation=&#8221;bounceInLeft&#8221; accent_color=&#8221;#e61b72&#8243;][vc_column_text] hemsida [\/vc_column_text][\/vc_column_inner][\/vc_row_inner][\/vc_column][vc_column width=&#8221;7\/12&#8243;][vc_column_text] F\u00f6retaget CONFORM- Consulenza, Formazione e Management S.c.a.r.l. har arbetat i omkring 20 \u00e5r nationellt och internationellt med att verkar f\u00f6r och utveckla viktiga forskningsprojekt och praktikplaner med innovativt format och nydanande l\u00f6sningar f\u00f6r [&hellip;]","og_url":"https:\/\/learningforlivingtogether.conform.it\/sv\/partnerskapet\/conform\/","og_site_name":"LEARNING FOR LIVING TOGETHER","article_modified_time":"2018-09-06T15:24:09+00:00","twitter_card":"summary_large_image","twitter_misc":{"Ber\u00e4knad l\u00e4stid":"2 minuter"},"schema":{"@context":"https:\/\/schema.org","@graph":[{"@type":"WebPage","@id":"https:\/\/learningforlivingtogether.conform.it\/sv\/partnerskapet\/conform\/","url":"https:\/\/learningforlivingtogether.conform.it\/sv\/partnerskapet\/conform\/","name":"CONFORM S.c.a.r.l. - LEARNING FOR LIVING TOGETHER","isPartOf":{"@id":"https:\/\/learningforlivingtogether.conform.it\/#website"},"datePublished":"2018-05-16T09:03:12+00:00","dateModified":"2018-09-06T15:24:09+00:00","breadcrumb":{"@id":"https:\/\/learningforlivingtogether.conform.it\/sv\/partnerskapet\/conform\/#breadcrumb"},"inLanguage":"sv-SE","potentialAction":[{"@type":"ReadAction","target":["https:\/\/learningforlivingtogether.conform.it\/sv\/partnerskapet\/conform\/"]}]},{"@type":"BreadcrumbList","@id":"https:\/\/learningforlivingtogether.conform.it\/sv\/partnerskapet\/conform\/#breadcrumb","itemListElement":[{"@type":"ListItem","position":1,"name":"Home","item":"https:\/\/learningforlivingtogether.conform.it\/sv\/"},{"@type":"ListItem","position":2,"name":"PARTNERSKAPET","item":"https:\/\/learningforlivingtogether.conform.it\/sv\/partnerskapet\/"},{"@type":"ListItem","position":3,"name":"CONFORM S.c.a.r.l."}]},{"@type":"WebSite","@id":"https:\/\/learningforlivingtogether.conform.it\/#website","url":"https:\/\/learningforlivingtogether.conform.it\/","name":"LEARNING FOR LIVING TOGETHER","description":"Erasmus+ Project","potentialAction":[{"@type":"SearchAction","target":{"@type":"EntryPoint","urlTemplate":"https:\/\/learningforlivingtogether.conform.it\/?s={search_term_string}"},"query-input":"required name=search_term_string"}],"inLanguage":"sv-SE"}]}},"_links":{"self":[{"href":"https:\/\/learningforlivingtogether.conform.it\/sv\/wp-json\/wp\/v2\/pages\/487"}],"collection":[{"href":"https:\/\/learningforlivingtogether.conform.it\/sv\/wp-json\/wp\/v2\/pages"}],"about":[{"href":"https:\/\/learningforlivingtogether.conform.it\/sv\/wp-json\/wp\/v2\/types\/page"}],"author":[{"embeddable":true,"href":"https:\/\/learningforlivingtogether.conform.it\/sv\/wp-json\/wp\/v2\/users\/3"}],"replies":[{"embeddable":true,"href":"https:\/\/learningforlivingtogether.conform.it\/sv\/wp-json\/wp\/v2\/comments?post=487"}],"version-history":[{"count":6,"href":"https:\/\/learningforlivingtogether.conform.it\/sv\/wp-json\/wp\/v2\/pages\/487\/revisions"}],"predecessor-version":[{"id":689,"href":"https:\/\/learningforlivingtogether.conform.it\/sv\/wp-json\/wp\/v2\/pages\/487\/revisions\/689"}],"up":[{"embeddable":true,"href":"https:\/\/learningforlivingtogether.conform.it\/sv\/wp-json\/wp\/v2\/pages\/470"}],"wp:attachment":[{"href":"https:\/\/learningforlivingtogether.conform.it\/sv\/wp-json\/wp\/v2\/media?parent=487"}],"curies":[{"name":"wp","href":"https:\/\/api.w.org\/{rel}","templated":true}]}}