{"id":491,"date":"2018-05-16T09:46:45","date_gmt":"2018-05-16T09:46:45","guid":{"rendered":"http:\/\/learningforlivingtogether.conform.it\/?page_id=491"},"modified":"2018-09-06T15:22:53","modified_gmt":"2018-09-06T15:22:53","slug":"mottagningsenheten-adjunkten","status":"publish","type":"page","link":"https:\/\/learningforlivingtogether.conform.it\/sv\/partnerskapet\/mottagningsenheten-adjunkten\/","title":{"rendered":"MOTTAGNINGSENHETEN ADJUNKTEN (SE)"},"content":{"rendered":"<section class=\"wpb-content-wrapper\"><p>[vc_row full_width=&#8221;stretch_row&#8221; css=&#8221;.vc_custom_1523978835207{background-position: center !important;background-repeat: no-repeat !important;background-size: cover !important;}&#8221;][vc_column][\/vc_column][\/vc_row][vc_row][vc_column width=&#8221;5\/12&#8243;][vc_single_image image=&#8221;186&#8243; img_size=&#8221;full&#8221; alignment=&#8221;center&#8221; css_animation=&#8221;bounceInDown&#8221;][vc_row_inner][vc_column_inner][vc_separator color=&#8221;custom&#8221; border_width=&#8221;4&#8243; el_width=&#8221;50&#8243; css_animation=&#8221;bounceInLeft&#8221; accent_color=&#8221;#95c11e&#8221;][vc_column_text]<\/p>\n<h2 style=\"text-align: center;\"><span style=\"color: #999999;\"><a class=\"btn_sito\" style=\"color: #999999;\" href=\"http:\/\/www.linkoping.se\/\" target=\"_blank\" rel=\"noopener\">hemsida<\/a><\/span><\/h2>\n<p>[\/vc_column_text][\/vc_column_inner][\/vc_row_inner][\/vc_column][vc_column width=&#8221;7\/12&#8243;][vc_column_text]<\/p>\n<p style=\"text-align: justify;\">Sektionen f\u00f6r resurs och st\u00f6dverksamhet, utbildningsf\u00f6rvaltningen i Link\u00f6pings kommun arbetar bland annat med fr\u00e5gor som r\u00f6r vuxenutbildning, f\u00f6r\u00e4ldraskap och ett aktivt medborgarskap f\u00f6r inf\u00f6dda svenskar och invandrare. Sektionen tillhandah\u00e5ller kurser med ett brett utbud och praktiska aktiviteter f\u00f6r m\u00e5lgruppen. Kurserna \u00e4r evidensbaserade och v\u00e4lk\u00e4nda inom omr\u00e5det f\u00f6r socialt l\u00e4rande.<\/p>\n<p style=\"text-align: justify;\">Adjunkten som \u00e4r en del av sektionen f\u00f6r resurs och st\u00f6dverksamhet har 23 anst\u00e4llda. Vi \u00e4r alla utbildade inom v\u00e5ra ansvarsomr\u00e5den och har en gedigen erfarenhet av att arbeta med nyanl\u00e4nda barn och vuxna. Vi har en verksamhetschef, utvecklingsledare f\u00f6r b\u00e5de f\u00f6r- och grundskolan, en mottagningsansvarig, en mottagningssk\u00f6terska, koordinatorer f\u00f6r skol- och samh\u00e4llsintroduktion, koordinatorer f\u00f6r integration, spr\u00e5kkoordinatorer, en mottagningsv\u00e4rd och en administrativ assistent.<\/p>\n<p style=\"text-align: justify;\">Vi registrerar alla nyanl\u00e4nda elever i Link\u00f6pings kommun i skolsystemet och utf\u00f6r en kartl\u00e4ggning av deras kunskaper och deras h\u00e4lsa. Barn i f\u00f6rskole\u00e5ldrarna placeras direkt p\u00e5 skolorna och eleverna i \u00e5ldrarna 6-16 \u00e5r placeras i grupper utifr\u00e5n deras \u00e5lder p\u00e5 Adjunkten. Eleverna g\u00e5r p\u00e5 lektioner och aktiviteter som introducerar dem i det svenska spr\u00e5ket, samh\u00e4llet och skolan. Eleverna kartl\u00e4ggs utifr\u00e5n Skolverkets material (spr\u00e5k och erfarenheter, litteracitet och numeracitet). Antalet elever har varierat mellan 25 och 120 i taget. Eleverna \u00e4r h\u00e4r mellan tv\u00e5 och \u00e5tta veckor. Under dessa veckor som eleverna \u00e4r hos oss arbetar vi mycket n\u00e4ra med v\u00e5rdnadshavarna och ordnar m\u00f6ten och kurser f\u00f6r att m\u00f6jligg\u00f6ra tidig integration.<\/p>\n<p>[\/vc_column_text][\/vc_column][\/vc_row][vc_row][vc_column][\/vc_column][\/vc_row]<\/p>\n<\/section>","protected":false},"excerpt":{"rendered":"<p>[vc_row full_width=&#8221;stretch_row&#8221; css=&#8221;.vc_custom_1523978835207{background-position: center !important;background-repeat: no-repeat !important;background-size: cover !important;}&#8221;][vc_column][\/vc_column][\/vc_row][vc_row][vc_column width=&#8221;5\/12&#8243;][vc_single_image image=&#8221;186&#8243; img_size=&#8221;full&#8221; alignment=&#8221;center&#8221; css_animation=&#8221;bounceInDown&#8221;][vc_row_inner][vc_column_inner][vc_separator color=&#8221;custom&#8221; border_width=&#8221;4&#8243; el_width=&#8221;50&#8243; css_animation=&#8221;bounceInLeft&#8221; accent_color=&#8221;#95c11e&#8221;][vc_column_text] hemsida [\/vc_column_text][\/vc_column_inner][\/vc_row_inner][\/vc_column][vc_column width=&#8221;7\/12&#8243;][vc_column_text] Sektionen f\u00f6r resurs och st\u00f6dverksamhet, utbildningsf\u00f6rvaltningen i Link\u00f6pings kommun arbetar bland annat med fr\u00e5gor som r\u00f6r vuxenutbildning, f\u00f6r\u00e4ldraskap och ett aktivt medborgarskap f\u00f6r inf\u00f6dda svenskar och invandrare. Sektionen tillhandah\u00e5ller kurser med ett brett [&hellip;]<\/p>\n","protected":false},"author":3,"featured_media":0,"parent":470,"menu_order":0,"comment_status":"closed","ping_status":"closed","template":"","meta":[],"yoast_head":"<!-- This site is optimized with the Yoast SEO plugin v20.1 - https:\/\/yoast.com\/wordpress\/plugins\/seo\/ -->\n<title>MOTTAGNINGSENHETEN ADJUNKTEN (SE) - LEARNING FOR LIVING TOGETHER<\/title>\n<meta name=\"robots\" content=\"index, follow, max-snippet:-1, max-image-preview:large, max-video-preview:-1\" \/>\n<link rel=\"canonical\" href=\"https:\/\/learningforlivingtogether.conform.it\/sv\/partnerskapet\/mottagningsenheten-adjunkten\/\" \/>\n<meta property=\"og:locale\" content=\"sv_SE\" \/>\n<meta property=\"og:type\" content=\"article\" \/>\n<meta property=\"og:title\" content=\"MOTTAGNINGSENHETEN ADJUNKTEN (SE) - LEARNING FOR LIVING TOGETHER\" \/>\n<meta property=\"og:description\" content=\"[vc_row full_width=&#8221;stretch_row&#8221; css=&#8221;.vc_custom_1523978835207{background-position: center !important;background-repeat: no-repeat !important;background-size: cover !important;}&#8221;][vc_column][\/vc_column][\/vc_row][vc_row][vc_column width=&#8221;5\/12&#8243;][vc_single_image image=&#8221;186&#8243; img_size=&#8221;full&#8221; alignment=&#8221;center&#8221; css_animation=&#8221;bounceInDown&#8221;][vc_row_inner][vc_column_inner][vc_separator color=&#8221;custom&#8221; border_width=&#8221;4&#8243; el_width=&#8221;50&#8243; css_animation=&#8221;bounceInLeft&#8221; accent_color=&#8221;#95c11e&#8221;][vc_column_text] hemsida [\/vc_column_text][\/vc_column_inner][\/vc_row_inner][\/vc_column][vc_column width=&#8221;7\/12&#8243;][vc_column_text] Sektionen f\u00f6r resurs och st\u00f6dverksamhet, utbildningsf\u00f6rvaltningen i Link\u00f6pings kommun arbetar bland annat med fr\u00e5gor som r\u00f6r vuxenutbildning, f\u00f6r\u00e4ldraskap och ett aktivt medborgarskap f\u00f6r inf\u00f6dda svenskar och invandrare. Sektionen tillhandah\u00e5ller kurser med ett brett [&hellip;]\" \/>\n<meta property=\"og:url\" content=\"https:\/\/learningforlivingtogether.conform.it\/sv\/partnerskapet\/mottagningsenheten-adjunkten\/\" \/>\n<meta property=\"og:site_name\" content=\"LEARNING FOR LIVING TOGETHER\" \/>\n<meta property=\"article:modified_time\" content=\"2018-09-06T15:22:53+00:00\" \/>\n<meta name=\"twitter:card\" content=\"summary_large_image\" \/>\n<meta name=\"twitter:label1\" content=\"Ber\u00e4knad l\u00e4stid\" \/>\n\t<meta name=\"twitter:data1\" content=\"2 minuter\" \/>\n<script type=\"application\/ld+json\" class=\"yoast-schema-graph\">{\"@context\":\"https:\/\/schema.org\",\"@graph\":[{\"@type\":\"WebPage\",\"@id\":\"https:\/\/learningforlivingtogether.conform.it\/sv\/partnerskapet\/mottagningsenheten-adjunkten\/\",\"url\":\"https:\/\/learningforlivingtogether.conform.it\/sv\/partnerskapet\/mottagningsenheten-adjunkten\/\",\"name\":\"MOTTAGNINGSENHETEN ADJUNKTEN (SE) - LEARNING FOR LIVING TOGETHER\",\"isPartOf\":{\"@id\":\"https:\/\/learningforlivingtogether.conform.it\/#website\"},\"datePublished\":\"2018-05-16T09:46:45+00:00\",\"dateModified\":\"2018-09-06T15:22:53+00:00\",\"breadcrumb\":{\"@id\":\"https:\/\/learningforlivingtogether.conform.it\/sv\/partnerskapet\/mottagningsenheten-adjunkten\/#breadcrumb\"},\"inLanguage\":\"sv-SE\",\"potentialAction\":[{\"@type\":\"ReadAction\",\"target\":[\"https:\/\/learningforlivingtogether.conform.it\/sv\/partnerskapet\/mottagningsenheten-adjunkten\/\"]}]},{\"@type\":\"BreadcrumbList\",\"@id\":\"https:\/\/learningforlivingtogether.conform.it\/sv\/partnerskapet\/mottagningsenheten-adjunkten\/#breadcrumb\",\"itemListElement\":[{\"@type\":\"ListItem\",\"position\":1,\"name\":\"Home\",\"item\":\"https:\/\/learningforlivingtogether.conform.it\/sv\/\"},{\"@type\":\"ListItem\",\"position\":2,\"name\":\"PARTNERSKAPET\",\"item\":\"https:\/\/learningforlivingtogether.conform.it\/sv\/partnerskapet\/\"},{\"@type\":\"ListItem\",\"position\":3,\"name\":\"MOTTAGNINGSENHETEN ADJUNKTEN (SE)\"}]},{\"@type\":\"WebSite\",\"@id\":\"https:\/\/learningforlivingtogether.conform.it\/#website\",\"url\":\"https:\/\/learningforlivingtogether.conform.it\/\",\"name\":\"LEARNING FOR LIVING TOGETHER\",\"description\":\"Erasmus+ Project\",\"potentialAction\":[{\"@type\":\"SearchAction\",\"target\":{\"@type\":\"EntryPoint\",\"urlTemplate\":\"https:\/\/learningforlivingtogether.conform.it\/?s={search_term_string}\"},\"query-input\":\"required name=search_term_string\"}],\"inLanguage\":\"sv-SE\"}]}<\/script>\n<!-- \/ Yoast SEO plugin. -->","yoast_head_json":{"title":"MOTTAGNINGSENHETEN ADJUNKTEN (SE) - LEARNING FOR LIVING TOGETHER","robots":{"index":"index","follow":"follow","max-snippet":"max-snippet:-1","max-image-preview":"max-image-preview:large","max-video-preview":"max-video-preview:-1"},"canonical":"https:\/\/learningforlivingtogether.conform.it\/sv\/partnerskapet\/mottagningsenheten-adjunkten\/","og_locale":"sv_SE","og_type":"article","og_title":"MOTTAGNINGSENHETEN ADJUNKTEN (SE) - LEARNING FOR LIVING TOGETHER","og_description":"[vc_row full_width=&#8221;stretch_row&#8221; css=&#8221;.vc_custom_1523978835207{background-position: center !important;background-repeat: no-repeat !important;background-size: cover !important;}&#8221;][vc_column][\/vc_column][\/vc_row][vc_row][vc_column width=&#8221;5\/12&#8243;][vc_single_image image=&#8221;186&#8243; img_size=&#8221;full&#8221; alignment=&#8221;center&#8221; css_animation=&#8221;bounceInDown&#8221;][vc_row_inner][vc_column_inner][vc_separator color=&#8221;custom&#8221; border_width=&#8221;4&#8243; el_width=&#8221;50&#8243; css_animation=&#8221;bounceInLeft&#8221; accent_color=&#8221;#95c11e&#8221;][vc_column_text] hemsida [\/vc_column_text][\/vc_column_inner][\/vc_row_inner][\/vc_column][vc_column width=&#8221;7\/12&#8243;][vc_column_text] Sektionen f\u00f6r resurs och st\u00f6dverksamhet, utbildningsf\u00f6rvaltningen i Link\u00f6pings kommun arbetar bland annat med fr\u00e5gor som r\u00f6r vuxenutbildning, f\u00f6r\u00e4ldraskap och ett aktivt medborgarskap f\u00f6r inf\u00f6dda svenskar och invandrare. Sektionen tillhandah\u00e5ller kurser med ett brett [&hellip;]","og_url":"https:\/\/learningforlivingtogether.conform.it\/sv\/partnerskapet\/mottagningsenheten-adjunkten\/","og_site_name":"LEARNING FOR LIVING TOGETHER","article_modified_time":"2018-09-06T15:22:53+00:00","twitter_card":"summary_large_image","twitter_misc":{"Ber\u00e4knad l\u00e4stid":"2 minuter"},"schema":{"@context":"https:\/\/schema.org","@graph":[{"@type":"WebPage","@id":"https:\/\/learningforlivingtogether.conform.it\/sv\/partnerskapet\/mottagningsenheten-adjunkten\/","url":"https:\/\/learningforlivingtogether.conform.it\/sv\/partnerskapet\/mottagningsenheten-adjunkten\/","name":"MOTTAGNINGSENHETEN ADJUNKTEN (SE) - LEARNING FOR LIVING TOGETHER","isPartOf":{"@id":"https:\/\/learningforlivingtogether.conform.it\/#website"},"datePublished":"2018-05-16T09:46:45+00:00","dateModified":"2018-09-06T15:22:53+00:00","breadcrumb":{"@id":"https:\/\/learningforlivingtogether.conform.it\/sv\/partnerskapet\/mottagningsenheten-adjunkten\/#breadcrumb"},"inLanguage":"sv-SE","potentialAction":[{"@type":"ReadAction","target":["https:\/\/learningforlivingtogether.conform.it\/sv\/partnerskapet\/mottagningsenheten-adjunkten\/"]}]},{"@type":"BreadcrumbList","@id":"https:\/\/learningforlivingtogether.conform.it\/sv\/partnerskapet\/mottagningsenheten-adjunkten\/#breadcrumb","itemListElement":[{"@type":"ListItem","position":1,"name":"Home","item":"https:\/\/learningforlivingtogether.conform.it\/sv\/"},{"@type":"ListItem","position":2,"name":"PARTNERSKAPET","item":"https:\/\/learningforlivingtogether.conform.it\/sv\/partnerskapet\/"},{"@type":"ListItem","position":3,"name":"MOTTAGNINGSENHETEN ADJUNKTEN (SE)"}]},{"@type":"WebSite","@id":"https:\/\/learningforlivingtogether.conform.it\/#website","url":"https:\/\/learningforlivingtogether.conform.it\/","name":"LEARNING FOR LIVING TOGETHER","description":"Erasmus+ Project","potentialAction":[{"@type":"SearchAction","target":{"@type":"EntryPoint","urlTemplate":"https:\/\/learningforlivingtogether.conform.it\/?s={search_term_string}"},"query-input":"required name=search_term_string"}],"inLanguage":"sv-SE"}]}},"_links":{"self":[{"href":"https:\/\/learningforlivingtogether.conform.it\/sv\/wp-json\/wp\/v2\/pages\/491"}],"collection":[{"href":"https:\/\/learningforlivingtogether.conform.it\/sv\/wp-json\/wp\/v2\/pages"}],"about":[{"href":"https:\/\/learningforlivingtogether.conform.it\/sv\/wp-json\/wp\/v2\/types\/page"}],"author":[{"embeddable":true,"href":"https:\/\/learningforlivingtogether.conform.it\/sv\/wp-json\/wp\/v2\/users\/3"}],"replies":[{"embeddable":true,"href":"https:\/\/learningforlivingtogether.conform.it\/sv\/wp-json\/wp\/v2\/comments?post=491"}],"version-history":[{"count":3,"href":"https:\/\/learningforlivingtogether.conform.it\/sv\/wp-json\/wp\/v2\/pages\/491\/revisions"}],"predecessor-version":[{"id":688,"href":"https:\/\/learningforlivingtogether.conform.it\/sv\/wp-json\/wp\/v2\/pages\/491\/revisions\/688"}],"up":[{"embeddable":true,"href":"https:\/\/learningforlivingtogether.conform.it\/sv\/wp-json\/wp\/v2\/pages\/470"}],"wp:attachment":[{"href":"https:\/\/learningforlivingtogether.conform.it\/sv\/wp-json\/wp\/v2\/media?parent=491"}],"curies":[{"name":"wp","href":"https:\/\/api.w.org\/{rel}","templated":true}]}}