{"id":495,"date":"2018-05-16T11:37:04","date_gmt":"2018-05-16T11:37:04","guid":{"rendered":"http:\/\/learningforlivingtogether.conform.it\/?page_id=495"},"modified":"2018-09-06T15:25:12","modified_gmt":"2018-09-06T15:25:12","slug":"kettle-of-fish","status":"publish","type":"page","link":"https:\/\/learningforlivingtogether.conform.it\/sv\/partnerskapet\/kettle-of-fish\/","title":{"rendered":"KETTLE OF FISH (UK)"},"content":{"rendered":"<section class=\"wpb-content-wrapper\"><p>[vc_row full_width=&#8221;stretch_row&#8221; css=&#8221;.vc_custom_1523978835207{background-position: center !important;background-repeat: no-repeat !important;background-size: cover !important;}&#8221;][vc_column][\/vc_column][\/vc_row][vc_row][vc_column width=&#8221;5\/12&#8243;][vc_single_image image=&#8221;193&#8243; img_size=&#8221;full&#8221; alignment=&#8221;center&#8221; css_animation=&#8221;bounceInDown&#8221;][vc_row_inner][vc_column_inner][vc_separator color=&#8221;custom&#8221; border_width=&#8221;4&#8243; el_width=&#8221;50&#8243; css_animation=&#8221;bounceInLeft&#8221; accent_color=&#8221;#36a9e0&#8243;][vc_column_text]<\/p>\n<h2 style=\"text-align: center;\"><span style=\"color: #999999;\"><a class=\"btn_sito\" style=\"color: #999999;\" href=\"http:\/\/kettleoffish.film\/\" target=\"_blank\" rel=\"noopener\">hemsida<\/a><\/span><\/h2>\n<p>[\/vc_column_text][\/vc_column_inner][\/vc_row_inner][\/vc_column][vc_column width=&#8221;7\/12&#8243;][vc_column_text]<\/p>\n<p style=\"text-align: justify;\">Kettle of Fish CIC \u00e4r ett lokalt oberoende film- och produktionsbolag som har vunnit priser. Det specialiserar sig p\u00e5 filmer som riktar sig mot social r\u00e4ttvisa. Kettle of Fish CIC \u00e4r b\u00e5de kreativt och socialt innovativt och som erk\u00e4nner att media \u00e4r ett kraftfullt verktyg f\u00f6r utbildning och debatt, eftertanke, handling och slutligen social f\u00f6r\u00e4ndring. Vi \u00e4r ett f\u00f6retag som riktar sig till en bred publik och som ger tittarna insikt om f\u00f6rst\u00e5else om riktiga fr\u00e5gor som p\u00e5verkar deras liv och m\u00e4nniskors liv runt omkring dem. Kettle of Fish CIC siktar mot att st\u00e4rka m\u00e4nniskor och samh\u00e4llen f\u00f6r att fokusera p\u00e5 sociala fr\u00e5gor och utbildningsfr\u00e5gor, att utmana uppfattningar, uppmuntra dem att f\u00f6rst\u00e5 social r\u00e4ttvisa och balans genom att anv\u00e4nda digitala media.<\/p>\n<p style=\"text-align: justify;\">Tillsammans aspirerar styrelsen, genom Kettle of Fish CIC, p\u00e5 att skapa och producera trov\u00e4rdiga, tankev\u00e4ckande och meningsfulla dokument\u00e4rer. De g\u00f6r detta genom att fokusera p\u00e5 att g\u00f6ra dokument\u00e4rer om socialt och samh\u00e4lleligt engagemang p\u00e5 ett seri\u00f6st s\u00e4tt om sociala fr\u00e5gor. De arbetar passionerat med media f\u00f6r att underl\u00e4tta utbildningsprocesser och medvetenhet. Genom deras arbete skapar de m\u00f6jligheter att bryta ner barri\u00e4rer och att st\u00f6dja reflektion p\u00e5 ett s\u00e4tt som k\u00e4nner av behoven och tidigare erfarenheter hos alla inblandade.<\/p>\n<p>[\/vc_column_text][\/vc_column][\/vc_row][vc_row][vc_column][\/vc_column][\/vc_row]<\/p>\n<\/section>","protected":false},"excerpt":{"rendered":"<p>[vc_row full_width=&#8221;stretch_row&#8221; css=&#8221;.vc_custom_1523978835207{background-position: center !important;background-repeat: no-repeat !important;background-size: cover !important;}&#8221;][vc_column][\/vc_column][\/vc_row][vc_row][vc_column width=&#8221;5\/12&#8243;][vc_single_image image=&#8221;193&#8243; img_size=&#8221;full&#8221; alignment=&#8221;center&#8221; css_animation=&#8221;bounceInDown&#8221;][vc_row_inner][vc_column_inner][vc_separator color=&#8221;custom&#8221; border_width=&#8221;4&#8243; el_width=&#8221;50&#8243; css_animation=&#8221;bounceInLeft&#8221; accent_color=&#8221;#36a9e0&#8243;][vc_column_text] hemsida [\/vc_column_text][\/vc_column_inner][\/vc_row_inner][\/vc_column][vc_column width=&#8221;7\/12&#8243;][vc_column_text] Kettle of Fish CIC \u00e4r ett lokalt oberoende film- och produktionsbolag som har vunnit priser. Det specialiserar sig p\u00e5 filmer som riktar sig mot social r\u00e4ttvisa. Kettle of Fish CIC \u00e4r b\u00e5de kreativt [&hellip;]<\/p>\n","protected":false},"author":3,"featured_media":0,"parent":470,"menu_order":0,"comment_status":"closed","ping_status":"closed","template":"","meta":[],"yoast_head":"<!-- This site is optimized with the Yoast SEO plugin v20.1 - https:\/\/yoast.com\/wordpress\/plugins\/seo\/ -->\n<title>KETTLE OF FISH (UK) - LEARNING FOR LIVING TOGETHER<\/title>\n<meta name=\"robots\" content=\"index, follow, max-snippet:-1, max-image-preview:large, max-video-preview:-1\" \/>\n<link rel=\"canonical\" href=\"https:\/\/learningforlivingtogether.conform.it\/sv\/partnerskapet\/kettle-of-fish\/\" \/>\n<meta property=\"og:locale\" content=\"sv_SE\" \/>\n<meta property=\"og:type\" content=\"article\" \/>\n<meta property=\"og:title\" content=\"KETTLE OF FISH (UK) - LEARNING FOR LIVING TOGETHER\" \/>\n<meta property=\"og:description\" content=\"[vc_row full_width=&#8221;stretch_row&#8221; css=&#8221;.vc_custom_1523978835207{background-position: center !important;background-repeat: no-repeat !important;background-size: cover !important;}&#8221;][vc_column][\/vc_column][\/vc_row][vc_row][vc_column width=&#8221;5\/12&#8243;][vc_single_image image=&#8221;193&#8243; img_size=&#8221;full&#8221; alignment=&#8221;center&#8221; css_animation=&#8221;bounceInDown&#8221;][vc_row_inner][vc_column_inner][vc_separator color=&#8221;custom&#8221; border_width=&#8221;4&#8243; el_width=&#8221;50&#8243; css_animation=&#8221;bounceInLeft&#8221; accent_color=&#8221;#36a9e0&#8243;][vc_column_text] hemsida [\/vc_column_text][\/vc_column_inner][\/vc_row_inner][\/vc_column][vc_column width=&#8221;7\/12&#8243;][vc_column_text] Kettle of Fish CIC \u00e4r ett lokalt oberoende film- och produktionsbolag som har vunnit priser. Det specialiserar sig p\u00e5 filmer som riktar sig mot social r\u00e4ttvisa. Kettle of Fish CIC \u00e4r b\u00e5de kreativt [&hellip;]\" \/>\n<meta property=\"og:url\" content=\"https:\/\/learningforlivingtogether.conform.it\/sv\/partnerskapet\/kettle-of-fish\/\" \/>\n<meta property=\"og:site_name\" content=\"LEARNING FOR LIVING TOGETHER\" \/>\n<meta property=\"article:modified_time\" content=\"2018-09-06T15:25:12+00:00\" \/>\n<meta name=\"twitter:card\" content=\"summary_large_image\" \/>\n<meta name=\"twitter:label1\" content=\"Ber\u00e4knad l\u00e4stid\" \/>\n\t<meta name=\"twitter:data1\" content=\"2 minuter\" \/>\n<script type=\"application\/ld+json\" class=\"yoast-schema-graph\">{\"@context\":\"https:\/\/schema.org\",\"@graph\":[{\"@type\":\"WebPage\",\"@id\":\"https:\/\/learningforlivingtogether.conform.it\/sv\/partnerskapet\/kettle-of-fish\/\",\"url\":\"https:\/\/learningforlivingtogether.conform.it\/sv\/partnerskapet\/kettle-of-fish\/\",\"name\":\"KETTLE OF FISH (UK) - LEARNING FOR LIVING TOGETHER\",\"isPartOf\":{\"@id\":\"https:\/\/learningforlivingtogether.conform.it\/#website\"},\"datePublished\":\"2018-05-16T11:37:04+00:00\",\"dateModified\":\"2018-09-06T15:25:12+00:00\",\"breadcrumb\":{\"@id\":\"https:\/\/learningforlivingtogether.conform.it\/sv\/partnerskapet\/kettle-of-fish\/#breadcrumb\"},\"inLanguage\":\"sv-SE\",\"potentialAction\":[{\"@type\":\"ReadAction\",\"target\":[\"https:\/\/learningforlivingtogether.conform.it\/sv\/partnerskapet\/kettle-of-fish\/\"]}]},{\"@type\":\"BreadcrumbList\",\"@id\":\"https:\/\/learningforlivingtogether.conform.it\/sv\/partnerskapet\/kettle-of-fish\/#breadcrumb\",\"itemListElement\":[{\"@type\":\"ListItem\",\"position\":1,\"name\":\"Home\",\"item\":\"https:\/\/learningforlivingtogether.conform.it\/sv\/\"},{\"@type\":\"ListItem\",\"position\":2,\"name\":\"PARTNERSKAPET\",\"item\":\"https:\/\/learningforlivingtogether.conform.it\/sv\/partnerskapet\/\"},{\"@type\":\"ListItem\",\"position\":3,\"name\":\"KETTLE OF FISH (UK)\"}]},{\"@type\":\"WebSite\",\"@id\":\"https:\/\/learningforlivingtogether.conform.it\/#website\",\"url\":\"https:\/\/learningforlivingtogether.conform.it\/\",\"name\":\"LEARNING FOR LIVING TOGETHER\",\"description\":\"Erasmus+ Project\",\"potentialAction\":[{\"@type\":\"SearchAction\",\"target\":{\"@type\":\"EntryPoint\",\"urlTemplate\":\"https:\/\/learningforlivingtogether.conform.it\/?s={search_term_string}\"},\"query-input\":\"required name=search_term_string\"}],\"inLanguage\":\"sv-SE\"}]}<\/script>\n<!-- \/ Yoast SEO plugin. -->","yoast_head_json":{"title":"KETTLE OF FISH (UK) - LEARNING FOR LIVING TOGETHER","robots":{"index":"index","follow":"follow","max-snippet":"max-snippet:-1","max-image-preview":"max-image-preview:large","max-video-preview":"max-video-preview:-1"},"canonical":"https:\/\/learningforlivingtogether.conform.it\/sv\/partnerskapet\/kettle-of-fish\/","og_locale":"sv_SE","og_type":"article","og_title":"KETTLE OF FISH (UK) - LEARNING FOR LIVING TOGETHER","og_description":"[vc_row full_width=&#8221;stretch_row&#8221; css=&#8221;.vc_custom_1523978835207{background-position: center !important;background-repeat: no-repeat !important;background-size: cover !important;}&#8221;][vc_column][\/vc_column][\/vc_row][vc_row][vc_column width=&#8221;5\/12&#8243;][vc_single_image image=&#8221;193&#8243; img_size=&#8221;full&#8221; alignment=&#8221;center&#8221; css_animation=&#8221;bounceInDown&#8221;][vc_row_inner][vc_column_inner][vc_separator color=&#8221;custom&#8221; border_width=&#8221;4&#8243; el_width=&#8221;50&#8243; css_animation=&#8221;bounceInLeft&#8221; accent_color=&#8221;#36a9e0&#8243;][vc_column_text] hemsida [\/vc_column_text][\/vc_column_inner][\/vc_row_inner][\/vc_column][vc_column width=&#8221;7\/12&#8243;][vc_column_text] Kettle of Fish CIC \u00e4r ett lokalt oberoende film- och produktionsbolag som har vunnit priser. Det specialiserar sig p\u00e5 filmer som riktar sig mot social r\u00e4ttvisa. Kettle of Fish CIC \u00e4r b\u00e5de kreativt [&hellip;]","og_url":"https:\/\/learningforlivingtogether.conform.it\/sv\/partnerskapet\/kettle-of-fish\/","og_site_name":"LEARNING FOR LIVING TOGETHER","article_modified_time":"2018-09-06T15:25:12+00:00","twitter_card":"summary_large_image","twitter_misc":{"Ber\u00e4knad l\u00e4stid":"2 minuter"},"schema":{"@context":"https:\/\/schema.org","@graph":[{"@type":"WebPage","@id":"https:\/\/learningforlivingtogether.conform.it\/sv\/partnerskapet\/kettle-of-fish\/","url":"https:\/\/learningforlivingtogether.conform.it\/sv\/partnerskapet\/kettle-of-fish\/","name":"KETTLE OF FISH (UK) - LEARNING FOR LIVING TOGETHER","isPartOf":{"@id":"https:\/\/learningforlivingtogether.conform.it\/#website"},"datePublished":"2018-05-16T11:37:04+00:00","dateModified":"2018-09-06T15:25:12+00:00","breadcrumb":{"@id":"https:\/\/learningforlivingtogether.conform.it\/sv\/partnerskapet\/kettle-of-fish\/#breadcrumb"},"inLanguage":"sv-SE","potentialAction":[{"@type":"ReadAction","target":["https:\/\/learningforlivingtogether.conform.it\/sv\/partnerskapet\/kettle-of-fish\/"]}]},{"@type":"BreadcrumbList","@id":"https:\/\/learningforlivingtogether.conform.it\/sv\/partnerskapet\/kettle-of-fish\/#breadcrumb","itemListElement":[{"@type":"ListItem","position":1,"name":"Home","item":"https:\/\/learningforlivingtogether.conform.it\/sv\/"},{"@type":"ListItem","position":2,"name":"PARTNERSKAPET","item":"https:\/\/learningforlivingtogether.conform.it\/sv\/partnerskapet\/"},{"@type":"ListItem","position":3,"name":"KETTLE OF FISH (UK)"}]},{"@type":"WebSite","@id":"https:\/\/learningforlivingtogether.conform.it\/#website","url":"https:\/\/learningforlivingtogether.conform.it\/","name":"LEARNING FOR LIVING TOGETHER","description":"Erasmus+ Project","potentialAction":[{"@type":"SearchAction","target":{"@type":"EntryPoint","urlTemplate":"https:\/\/learningforlivingtogether.conform.it\/?s={search_term_string}"},"query-input":"required name=search_term_string"}],"inLanguage":"sv-SE"}]}},"_links":{"self":[{"href":"https:\/\/learningforlivingtogether.conform.it\/sv\/wp-json\/wp\/v2\/pages\/495"}],"collection":[{"href":"https:\/\/learningforlivingtogether.conform.it\/sv\/wp-json\/wp\/v2\/pages"}],"about":[{"href":"https:\/\/learningforlivingtogether.conform.it\/sv\/wp-json\/wp\/v2\/types\/page"}],"author":[{"embeddable":true,"href":"https:\/\/learningforlivingtogether.conform.it\/sv\/wp-json\/wp\/v2\/users\/3"}],"replies":[{"embeddable":true,"href":"https:\/\/learningforlivingtogether.conform.it\/sv\/wp-json\/wp\/v2\/comments?post=495"}],"version-history":[{"count":3,"href":"https:\/\/learningforlivingtogether.conform.it\/sv\/wp-json\/wp\/v2\/pages\/495\/revisions"}],"predecessor-version":[{"id":690,"href":"https:\/\/learningforlivingtogether.conform.it\/sv\/wp-json\/wp\/v2\/pages\/495\/revisions\/690"}],"up":[{"embeddable":true,"href":"https:\/\/learningforlivingtogether.conform.it\/sv\/wp-json\/wp\/v2\/pages\/470"}],"wp:attachment":[{"href":"https:\/\/learningforlivingtogether.conform.it\/sv\/wp-json\/wp\/v2\/media?parent=495"}],"curies":[{"name":"wp","href":"https:\/\/api.w.org\/{rel}","templated":true}]}}