{"id":513,"date":"2018-05-17T11:20:06","date_gmt":"2018-05-17T11:20:06","guid":{"rendered":"http:\/\/learningforlivingtogether.conform.it\/?page_id=513"},"modified":"2018-09-06T15:27:19","modified_gmt":"2018-09-06T15:27:19","slug":"radosas-iniciativas-centrs","status":"publish","type":"page","link":"https:\/\/learningforlivingtogether.conform.it\/sv\/partnerskapet\/radosas-iniciativas-centrs\/","title":{"rendered":"RADOSAS INICIATIVAS CENTRS (LV)"},"content":{"rendered":"<section class=\"wpb-content-wrapper\"><p>[vc_row full_width=&#8221;stretch_row&#8221; css=&#8221;.vc_custom_1523978835207{background-position: center !important;background-repeat: no-repeat !important;background-size: cover !important;}&#8221;][vc_column][\/vc_column][\/vc_row][vc_row][vc_column width=&#8221;5\/12&#8243;][vc_single_image image=&#8221;163&#8243; img_size=&#8221;full&#8221; alignment=&#8221;center&#8221; css_animation=&#8221;bounceInDown&#8221;][vc_row_inner][vc_column_inner][vc_separator color=&#8221;custom&#8221; border_width=&#8221;4&#8243; el_width=&#8221;50&#8243; css_animation=&#8221;bounceInLeft&#8221; accent_color=&#8221;#f9b233&#8243;][vc_column_text]<\/p>\n<h2 style=\"text-align: center;\"><span style=\"color: #999999;\"><a class=\"btn_sito\" style=\"color: #999999;\" href=\"http:\/\/www.ric.org.lv\/\" target=\"_blank\" rel=\"noopener\">hemsida<\/a><\/span><\/h2>\n<p>[\/vc_column_text][\/vc_column_inner][\/vc_row_inner][\/vc_column][vc_column width=&#8221;7\/12&#8243;][vc_column_text]<\/p>\n<p style=\"text-align: justify;\">NGO &#8221;Rado\u0161\u0101s iniciat\u012bvas centrs\u201d (RIC, p\u00e5 engelska \u2013 Creative Initiative Center), p\u00e5 svenska \u2013 Kreativt Initiativcenter grundades 2007 med uppdraget att uppmuntra m\u00e4nniskor att uttrycka sin kreativitet och f\u00f6r att ge dem motivation och m\u00e5l f\u00f6r sin personliga utveckling genom att\u00a0utveckla sina kreativa sidor. RIC byggdes upp med m\u00e5len att fr\u00e4mja social integration och\u00a0personlig utveckling. RIC hj\u00e4lper ocks\u00e5 till f\u00f6r att f\u00f6rb\u00e4ttra b\u00e5de standard och livskvalitet i\u00a0n\u00e4rsamh\u00e4llet. F\u00f6r n\u00e4rvarande \u00e4r RIC en NGO en organisation som arbetar med v\u00e4lg\u00f6renhet,\u00a0utveckling av samh\u00e4llsfunktioner, socialhj\u00e4lp, utbildning och missgynnade folkgrupper. RIC\u00a0arbetar f\u00f6rebyggande med grupper med risk f\u00f6r social utsatthet inklusive olika migrantgrupper\u00a0och p\u00e5 senare \u00e5r har deras aktiviteter fokuserat p\u00e5 utbildningsinsatser f\u00f6r familjer med l\u00e5ga\u00a0inkomster, familjer i riskzonen inklusive olika migrantgrupper.<\/p>\n<p style=\"text-align: justify;\">RIC har \u00e4gnat sig \u00e5t vuxenutbildning (och utbildning av vuxenutbildare) sedan det grundades\u00a02007. RIC erbjuder flerspr\u00e5kig utbildning till m\u00e5lgruppen s\u00e5 att deltagare med olika etnisk\u00a0bakgrund involveras. Under utbildningsprocessen f\u00f6rsvinner spr\u00e5kbarri\u00e4rerna eftersom det\u00a0konstn\u00e4rliga uttrycket blir det prim\u00e4ra spr\u00e5ket i gemensamma kreativa aktiviteter. Kreativitet \u00e4r i\u00a0v\u00e5rt fall ett kraftfullt verktyg f\u00f6r framg\u00e5ngsrik integration av individer.<\/p>\n<p style=\"text-align: justify;\">Organisationen har ocks\u00e5 \u00e4gnat sig \u00e5t social inkludering och integration. Den tillhandah\u00e5ller olika\u00a0aktiviteter f\u00f6r m\u00e5nga olika grupper, familjer i riskzonen, ungdomar, funktionshindrade genom att\u00a0anamma kreativa metoder. Aktiviteterna str\u00e4var s\u00e5v\u00e4l mot att st\u00e4rka sj\u00e4lvmedvetenheten och\u00a0sj\u00e4lvtilliten hos individen som att utrusta dem med praktiska f\u00e4rdigheter som \u00f6kar deras\u00a0anst\u00e4llningsbarhet. RIC har ocks\u00e5 utbildat socialarbetare i anv\u00e4ndningen av olika terapimetoder\u00a0f\u00f6r att st\u00e4rka individer.<\/p>\n<p>[\/vc_column_text][\/vc_column][\/vc_row][vc_row][vc_column][\/vc_column][\/vc_row]<\/p>\n<\/section>","protected":false},"excerpt":{"rendered":"<p>[vc_row full_width=&#8221;stretch_row&#8221; css=&#8221;.vc_custom_1523978835207{background-position: center !important;background-repeat: no-repeat !important;background-size: cover !important;}&#8221;][vc_column][\/vc_column][\/vc_row][vc_row][vc_column width=&#8221;5\/12&#8243;][vc_single_image image=&#8221;163&#8243; img_size=&#8221;full&#8221; alignment=&#8221;center&#8221; css_animation=&#8221;bounceInDown&#8221;][vc_row_inner][vc_column_inner][vc_separator color=&#8221;custom&#8221; border_width=&#8221;4&#8243; el_width=&#8221;50&#8243; css_animation=&#8221;bounceInLeft&#8221; accent_color=&#8221;#f9b233&#8243;][vc_column_text] hemsida [\/vc_column_text][\/vc_column_inner][\/vc_row_inner][\/vc_column][vc_column width=&#8221;7\/12&#8243;][vc_column_text] NGO &#8221;Rado\u0161\u0101s iniciat\u012bvas centrs\u201d (RIC, p\u00e5 engelska \u2013 Creative Initiative Center), p\u00e5 svenska \u2013 Kreativt Initiativcenter grundades 2007 med uppdraget att uppmuntra m\u00e4nniskor att uttrycka sin kreativitet och f\u00f6r att ge dem motivation [&hellip;]<\/p>\n","protected":false},"author":3,"featured_media":0,"parent":470,"menu_order":0,"comment_status":"closed","ping_status":"closed","template":"","meta":[],"yoast_head":"<!-- This site is optimized with the Yoast SEO plugin v20.1 - https:\/\/yoast.com\/wordpress\/plugins\/seo\/ -->\n<title>RADOSAS INICIATIVAS CENTRS (LV) - LEARNING FOR LIVING TOGETHER<\/title>\n<meta name=\"robots\" content=\"index, follow, max-snippet:-1, max-image-preview:large, max-video-preview:-1\" \/>\n<link rel=\"canonical\" href=\"https:\/\/learningforlivingtogether.conform.it\/sv\/partnerskapet\/radosas-iniciativas-centrs\/\" \/>\n<meta property=\"og:locale\" content=\"sv_SE\" \/>\n<meta property=\"og:type\" content=\"article\" \/>\n<meta property=\"og:title\" content=\"RADOSAS INICIATIVAS CENTRS (LV) - LEARNING FOR LIVING TOGETHER\" \/>\n<meta property=\"og:description\" content=\"[vc_row full_width=&#8221;stretch_row&#8221; css=&#8221;.vc_custom_1523978835207{background-position: center !important;background-repeat: no-repeat !important;background-size: cover !important;}&#8221;][vc_column][\/vc_column][\/vc_row][vc_row][vc_column width=&#8221;5\/12&#8243;][vc_single_image image=&#8221;163&#8243; img_size=&#8221;full&#8221; alignment=&#8221;center&#8221; css_animation=&#8221;bounceInDown&#8221;][vc_row_inner][vc_column_inner][vc_separator color=&#8221;custom&#8221; border_width=&#8221;4&#8243; el_width=&#8221;50&#8243; css_animation=&#8221;bounceInLeft&#8221; accent_color=&#8221;#f9b233&#8243;][vc_column_text] hemsida [\/vc_column_text][\/vc_column_inner][\/vc_row_inner][\/vc_column][vc_column width=&#8221;7\/12&#8243;][vc_column_text] NGO &#8221;Rado\u0161\u0101s iniciat\u012bvas centrs\u201d (RIC, p\u00e5 engelska \u2013 Creative Initiative Center), p\u00e5 svenska \u2013 Kreativt Initiativcenter grundades 2007 med uppdraget att uppmuntra m\u00e4nniskor att uttrycka sin kreativitet och f\u00f6r att ge dem motivation [&hellip;]\" \/>\n<meta property=\"og:url\" content=\"https:\/\/learningforlivingtogether.conform.it\/sv\/partnerskapet\/radosas-iniciativas-centrs\/\" \/>\n<meta property=\"og:site_name\" content=\"LEARNING FOR LIVING TOGETHER\" \/>\n<meta property=\"article:modified_time\" content=\"2018-09-06T15:27:19+00:00\" \/>\n<meta name=\"twitter:card\" content=\"summary_large_image\" \/>\n<meta name=\"twitter:label1\" content=\"Ber\u00e4knad l\u00e4stid\" \/>\n\t<meta name=\"twitter:data1\" content=\"2 minuter\" \/>\n<script type=\"application\/ld+json\" class=\"yoast-schema-graph\">{\"@context\":\"https:\/\/schema.org\",\"@graph\":[{\"@type\":\"WebPage\",\"@id\":\"https:\/\/learningforlivingtogether.conform.it\/sv\/partnerskapet\/radosas-iniciativas-centrs\/\",\"url\":\"https:\/\/learningforlivingtogether.conform.it\/sv\/partnerskapet\/radosas-iniciativas-centrs\/\",\"name\":\"RADOSAS INICIATIVAS CENTRS (LV) - LEARNING FOR LIVING TOGETHER\",\"isPartOf\":{\"@id\":\"https:\/\/learningforlivingtogether.conform.it\/#website\"},\"datePublished\":\"2018-05-17T11:20:06+00:00\",\"dateModified\":\"2018-09-06T15:27:19+00:00\",\"breadcrumb\":{\"@id\":\"https:\/\/learningforlivingtogether.conform.it\/sv\/partnerskapet\/radosas-iniciativas-centrs\/#breadcrumb\"},\"inLanguage\":\"sv-SE\",\"potentialAction\":[{\"@type\":\"ReadAction\",\"target\":[\"https:\/\/learningforlivingtogether.conform.it\/sv\/partnerskapet\/radosas-iniciativas-centrs\/\"]}]},{\"@type\":\"BreadcrumbList\",\"@id\":\"https:\/\/learningforlivingtogether.conform.it\/sv\/partnerskapet\/radosas-iniciativas-centrs\/#breadcrumb\",\"itemListElement\":[{\"@type\":\"ListItem\",\"position\":1,\"name\":\"Home\",\"item\":\"https:\/\/learningforlivingtogether.conform.it\/sv\/\"},{\"@type\":\"ListItem\",\"position\":2,\"name\":\"PARTNERSKAPET\",\"item\":\"https:\/\/learningforlivingtogether.conform.it\/sv\/partnerskapet\/\"},{\"@type\":\"ListItem\",\"position\":3,\"name\":\"RADOSAS INICIATIVAS CENTRS (LV)\"}]},{\"@type\":\"WebSite\",\"@id\":\"https:\/\/learningforlivingtogether.conform.it\/#website\",\"url\":\"https:\/\/learningforlivingtogether.conform.it\/\",\"name\":\"LEARNING FOR LIVING TOGETHER\",\"description\":\"Erasmus+ Project\",\"potentialAction\":[{\"@type\":\"SearchAction\",\"target\":{\"@type\":\"EntryPoint\",\"urlTemplate\":\"https:\/\/learningforlivingtogether.conform.it\/?s={search_term_string}\"},\"query-input\":\"required name=search_term_string\"}],\"inLanguage\":\"sv-SE\"}]}<\/script>\n<!-- \/ Yoast SEO plugin. -->","yoast_head_json":{"title":"RADOSAS INICIATIVAS CENTRS (LV) - LEARNING FOR LIVING TOGETHER","robots":{"index":"index","follow":"follow","max-snippet":"max-snippet:-1","max-image-preview":"max-image-preview:large","max-video-preview":"max-video-preview:-1"},"canonical":"https:\/\/learningforlivingtogether.conform.it\/sv\/partnerskapet\/radosas-iniciativas-centrs\/","og_locale":"sv_SE","og_type":"article","og_title":"RADOSAS INICIATIVAS CENTRS (LV) - LEARNING FOR LIVING TOGETHER","og_description":"[vc_row full_width=&#8221;stretch_row&#8221; css=&#8221;.vc_custom_1523978835207{background-position: center !important;background-repeat: no-repeat !important;background-size: cover !important;}&#8221;][vc_column][\/vc_column][\/vc_row][vc_row][vc_column width=&#8221;5\/12&#8243;][vc_single_image image=&#8221;163&#8243; img_size=&#8221;full&#8221; alignment=&#8221;center&#8221; css_animation=&#8221;bounceInDown&#8221;][vc_row_inner][vc_column_inner][vc_separator color=&#8221;custom&#8221; border_width=&#8221;4&#8243; el_width=&#8221;50&#8243; css_animation=&#8221;bounceInLeft&#8221; accent_color=&#8221;#f9b233&#8243;][vc_column_text] hemsida [\/vc_column_text][\/vc_column_inner][\/vc_row_inner][\/vc_column][vc_column width=&#8221;7\/12&#8243;][vc_column_text] NGO &#8221;Rado\u0161\u0101s iniciat\u012bvas centrs\u201d (RIC, p\u00e5 engelska \u2013 Creative Initiative Center), p\u00e5 svenska \u2013 Kreativt Initiativcenter grundades 2007 med uppdraget att uppmuntra m\u00e4nniskor att uttrycka sin kreativitet och f\u00f6r att ge dem motivation [&hellip;]","og_url":"https:\/\/learningforlivingtogether.conform.it\/sv\/partnerskapet\/radosas-iniciativas-centrs\/","og_site_name":"LEARNING FOR LIVING TOGETHER","article_modified_time":"2018-09-06T15:27:19+00:00","twitter_card":"summary_large_image","twitter_misc":{"Ber\u00e4knad l\u00e4stid":"2 minuter"},"schema":{"@context":"https:\/\/schema.org","@graph":[{"@type":"WebPage","@id":"https:\/\/learningforlivingtogether.conform.it\/sv\/partnerskapet\/radosas-iniciativas-centrs\/","url":"https:\/\/learningforlivingtogether.conform.it\/sv\/partnerskapet\/radosas-iniciativas-centrs\/","name":"RADOSAS INICIATIVAS CENTRS (LV) - LEARNING FOR LIVING TOGETHER","isPartOf":{"@id":"https:\/\/learningforlivingtogether.conform.it\/#website"},"datePublished":"2018-05-17T11:20:06+00:00","dateModified":"2018-09-06T15:27:19+00:00","breadcrumb":{"@id":"https:\/\/learningforlivingtogether.conform.it\/sv\/partnerskapet\/radosas-iniciativas-centrs\/#breadcrumb"},"inLanguage":"sv-SE","potentialAction":[{"@type":"ReadAction","target":["https:\/\/learningforlivingtogether.conform.it\/sv\/partnerskapet\/radosas-iniciativas-centrs\/"]}]},{"@type":"BreadcrumbList","@id":"https:\/\/learningforlivingtogether.conform.it\/sv\/partnerskapet\/radosas-iniciativas-centrs\/#breadcrumb","itemListElement":[{"@type":"ListItem","position":1,"name":"Home","item":"https:\/\/learningforlivingtogether.conform.it\/sv\/"},{"@type":"ListItem","position":2,"name":"PARTNERSKAPET","item":"https:\/\/learningforlivingtogether.conform.it\/sv\/partnerskapet\/"},{"@type":"ListItem","position":3,"name":"RADOSAS INICIATIVAS CENTRS (LV)"}]},{"@type":"WebSite","@id":"https:\/\/learningforlivingtogether.conform.it\/#website","url":"https:\/\/learningforlivingtogether.conform.it\/","name":"LEARNING FOR LIVING TOGETHER","description":"Erasmus+ Project","potentialAction":[{"@type":"SearchAction","target":{"@type":"EntryPoint","urlTemplate":"https:\/\/learningforlivingtogether.conform.it\/?s={search_term_string}"},"query-input":"required name=search_term_string"}],"inLanguage":"sv-SE"}]}},"_links":{"self":[{"href":"https:\/\/learningforlivingtogether.conform.it\/sv\/wp-json\/wp\/v2\/pages\/513"}],"collection":[{"href":"https:\/\/learningforlivingtogether.conform.it\/sv\/wp-json\/wp\/v2\/pages"}],"about":[{"href":"https:\/\/learningforlivingtogether.conform.it\/sv\/wp-json\/wp\/v2\/types\/page"}],"author":[{"embeddable":true,"href":"https:\/\/learningforlivingtogether.conform.it\/sv\/wp-json\/wp\/v2\/users\/3"}],"replies":[{"embeddable":true,"href":"https:\/\/learningforlivingtogether.conform.it\/sv\/wp-json\/wp\/v2\/comments?post=513"}],"version-history":[{"count":3,"href":"https:\/\/learningforlivingtogether.conform.it\/sv\/wp-json\/wp\/v2\/pages\/513\/revisions"}],"predecessor-version":[{"id":691,"href":"https:\/\/learningforlivingtogether.conform.it\/sv\/wp-json\/wp\/v2\/pages\/513\/revisions\/691"}],"up":[{"embeddable":true,"href":"https:\/\/learningforlivingtogether.conform.it\/sv\/wp-json\/wp\/v2\/pages\/470"}],"wp:attachment":[{"href":"https:\/\/learningforlivingtogether.conform.it\/sv\/wp-json\/wp\/v2\/media?parent=513"}],"curies":[{"name":"wp","href":"https:\/\/api.w.org\/{rel}","templated":true}]}}