{"id":968,"date":"2019-05-11T19:20:09","date_gmt":"2019-05-11T19:20:09","guid":{"rendered":"https:\/\/learningforlivingtogether.conform.it\/?page_id=968"},"modified":"2019-05-11T21:25:18","modified_gmt":"2019-05-11T21:25:18","slug":"larmiljon","status":"publish","type":"page","link":"https:\/\/learningforlivingtogether.conform.it\/sv\/larmiljon\/","title":{"rendered":"L\u00c4RMILJ\u00d6N"},"content":{"rendered":"<section class=\"wpb-content-wrapper\"><p>[vc_row css=&#8221;.vc_custom_1524069925478{padding-top: 50px !important;padding-bottom: 50px !important;}&#8221;][vc_column width=&#8221;1\/2&#8243; css=&#8221;.vc_custom_1524070171728{padding-right: 80px !important;padding-left: 80px !important;}&#8221;][vc_single_image image=&#8221;469&#8243; img_size=&#8221;full&#8221; alignment=&#8221;center&#8221;][vc_separator color=&#8221;custom&#8221; align=&#8221;align_right&#8221; border_width=&#8221;4&#8243; el_width=&#8221;50&#8243; accent_color=&#8221;#402950&#8243;][\/vc_column][vc_column width=&#8221;1\/2&#8243;][vc_custom_heading text=&#8221;L\u00e4rmilj\u00f6n&#8221; use_theme_fonts=&#8221;yes&#8221;][vc_separator color=&#8221;custom&#8221; align=&#8221;align_left&#8221; border_width=&#8221;6&#8243; el_width=&#8221;50&#8243; accent_color=&#8221;#e61d72&#8243;][vc_column_text]<\/p>\n<p style=\"text-align: justify;\">L\u00e4rmilj\u00f6n placerar anv\u00e4ndaren i centrum av flera olika relationer och drar nytta av kunskap som delas interaktivt med andra. L\u00e4rmilj\u00f6n \u00e4r \u00f6ppen, flexibel och informell och best\u00e5r av fyra omr\u00e5den:<\/p>\n<ol>\n<li>Kortfilmerna<\/li>\n<li>Utbildningskurserna<\/li>\n<li>\u00d6vrigt material<\/li>\n<li>Det sociala omr\u00e5det<\/li>\n<\/ol>\n<p>[\/vc_column_text][\/vc_column][\/vc_row][vc_row][vc_column width=&#8221;1\/3&#8243;][vc_custom_heading text=&#8221;Kortfilmerna&#8221; font_container=&#8221;tag:h3|text_align:left&#8221; use_theme_fonts=&#8221;yes&#8221;][vc_separator color=&#8221;custom&#8221; align=&#8221;align_left&#8221; border_width=&#8221;6&#8243; el_width=&#8221;50&#8243; accent_color=&#8221;#e61d72&#8243;][vc_single_image image=&#8221;720&#8243; img_size=&#8221;full&#8221; alignment=&#8221;center&#8221; onclick=&#8221;custom_link&#8221; link=&#8221;https:\/\/learningforlivingtogether.conform.it\/sv\/larmiljon\/kortfilmerna\/&#8221;][\/vc_column][vc_column width=&#8221;1\/3&#8243;][vc_custom_heading text=&#8221;Utbildningskurserna&#8221; font_container=&#8221;tag:h3|text_align:left&#8221; use_theme_fonts=&#8221;yes&#8221;][vc_separator color=&#8221;custom&#8221; align=&#8221;align_left&#8221; border_width=&#8221;6&#8243; el_width=&#8221;50&#8243; accent_color=&#8221;#e61d72&#8243;][vc_single_image image=&#8221;716&#8243; img_size=&#8221;full&#8221; alignment=&#8221;center&#8221; onclick=&#8221;custom_link&#8221; link=&#8221;https:\/\/learningforlivingtogether.conform.it\/sv\/larmiljon\/utbildningskurserna&#8221;][\/vc_column][vc_column width=&#8221;1\/3&#8243;][vc_custom_heading text=&#8221;\u00d6vrigt material&#8221; font_container=&#8221;tag:h3|text_align:left&#8221; use_theme_fonts=&#8221;yes&#8221;][vc_separator color=&#8221;custom&#8221; align=&#8221;align_left&#8221; border_width=&#8221;6&#8243; el_width=&#8221;50&#8243; accent_color=&#8221;#e61d72&#8243;][vc_single_image image=&#8221;712&#8243; img_size=&#8221;full&#8221; alignment=&#8221;center&#8221; onclick=&#8221;custom_link&#8221; link=&#8221;https:\/\/learningforlivingtogether.conform.it\/sv\/larmiljon\/ovrigt-material&#8221;][\/vc_column][\/vc_row][vc_row][vc_column][vc_empty_space height=&#8221;80px&#8221;][\/vc_column][\/vc_row][vc_row full_width=&#8221;stretch_row_content&#8221; equal_height=&#8221;yes&#8221; content_placement=&#8221;middle&#8221; css=&#8221;.vc_custom_1524215969026{background-color: #eaeaea !important;background-position: center !important;background-repeat: no-repeat !important;background-size: cover !important;}&#8221;][vc_column width=&#8221;1\/2&#8243; css=&#8221;.vc_custom_1524216011503{padding-top: 80px !important;padding-bottom: 80px !important;background-image: url(http:\/\/learningforlivingtogether.conform.it\/wp-content\/uploads\/2018\/04\/bg_learning_home.jpg?id=327) !important;background-position: center !important;background-repeat: no-repeat !important;background-size: cover !important;}&#8221;][vc_single_image image=&#8221;708&#8243; img_size=&#8221;200&#215;200&#8243; alignment=&#8221;center&#8221; onclick=&#8221;custom_link&#8221; img_link_target=&#8221;_blank&#8221; link=&#8221;https:\/\/www.edmodo.com&#8221;][\/vc_column][vc_column width=&#8221;1\/2&#8243; css=&#8221;.vc_custom_1524216047481{padding-top: 80px !important;padding-right: 120px !important;padding-bottom: 80px !important;padding-left: 120px !important;}&#8221;][vc_custom_heading text=&#8221;Det sociala omr\u00e5det&#8221; use_theme_fonts=&#8221;yes&#8221;][vc_separator color=&#8221;custom&#8221; align=&#8221;align_left&#8221; border_width=&#8221;6&#8243; el_width=&#8221;50&#8243; accent_color=&#8221;#e61d72&#8243;][vc_column_text]<\/p>\n<p style=\"text-align: left; font-size: 20px; font-weight: 300;\">Det sociala omr\u00e5det Delta i det sociala omr\u00e5det f\u00f6r att dela dina kunskaper med andra anv\u00e4ndare av projektet &#8221;Learning for Living Together&#8221;<\/p>\n<p>[\/vc_column_text][\/vc_column][\/vc_row]<\/p>\n<\/section>","protected":false},"excerpt":{"rendered":"<p>[vc_row css=&#8221;.vc_custom_1524069925478{padding-top: 50px !important;padding-bottom: 50px !important;}&#8221;][vc_column width=&#8221;1\/2&#8243; css=&#8221;.vc_custom_1524070171728{padding-right: 80px !important;padding-left: 80px !important;}&#8221;][vc_single_image image=&#8221;469&#8243; img_size=&#8221;full&#8221; alignment=&#8221;center&#8221;][vc_separator color=&#8221;custom&#8221; align=&#8221;align_right&#8221; border_width=&#8221;4&#8243; el_width=&#8221;50&#8243; accent_color=&#8221;#402950&#8243;][\/vc_column][vc_column width=&#8221;1\/2&#8243;][vc_custom_heading text=&#8221;L\u00e4rmilj\u00f6n&#8221; use_theme_fonts=&#8221;yes&#8221;][vc_separator color=&#8221;custom&#8221; align=&#8221;align_left&#8221; border_width=&#8221;6&#8243; el_width=&#8221;50&#8243; accent_color=&#8221;#e61d72&#8243;][vc_column_text] L\u00e4rmilj\u00f6n placerar anv\u00e4ndaren i centrum av flera olika relationer och drar nytta av kunskap som delas interaktivt med andra. L\u00e4rmilj\u00f6n \u00e4r \u00f6ppen, flexibel och informell och best\u00e5r [&hellip;]<\/p>\n","protected":false},"author":3,"featured_media":0,"parent":0,"menu_order":0,"comment_status":"closed","ping_status":"closed","template":"","meta":[],"yoast_head":"<!-- This site is optimized with the Yoast SEO plugin v20.1 - https:\/\/yoast.com\/wordpress\/plugins\/seo\/ -->\n<title>L\u00c4RMILJ\u00d6N - LEARNING FOR LIVING TOGETHER<\/title>\n<meta name=\"robots\" content=\"index, follow, max-snippet:-1, max-image-preview:large, max-video-preview:-1\" \/>\n<link rel=\"canonical\" href=\"https:\/\/learningforlivingtogether.conform.it\/sv\/larmiljon\/\" \/>\n<meta property=\"og:locale\" content=\"sv_SE\" \/>\n<meta property=\"og:type\" content=\"article\" \/>\n<meta property=\"og:title\" content=\"L\u00c4RMILJ\u00d6N - LEARNING FOR LIVING TOGETHER\" \/>\n<meta property=\"og:description\" content=\"[vc_row css=&#8221;.vc_custom_1524069925478{padding-top: 50px !important;padding-bottom: 50px !important;}&#8221;][vc_column width=&#8221;1\/2&#8243; css=&#8221;.vc_custom_1524070171728{padding-right: 80px !important;padding-left: 80px !important;}&#8221;][vc_single_image image=&#8221;469&#8243; img_size=&#8221;full&#8221; alignment=&#8221;center&#8221;][vc_separator color=&#8221;custom&#8221; align=&#8221;align_right&#8221; border_width=&#8221;4&#8243; el_width=&#8221;50&#8243; accent_color=&#8221;#402950&#8243;][\/vc_column][vc_column width=&#8221;1\/2&#8243;][vc_custom_heading text=&#8221;L\u00e4rmilj\u00f6n&#8221; use_theme_fonts=&#8221;yes&#8221;][vc_separator color=&#8221;custom&#8221; align=&#8221;align_left&#8221; border_width=&#8221;6&#8243; el_width=&#8221;50&#8243; accent_color=&#8221;#e61d72&#8243;][vc_column_text] L\u00e4rmilj\u00f6n placerar anv\u00e4ndaren i centrum av flera olika relationer och drar nytta av kunskap som delas interaktivt med andra. L\u00e4rmilj\u00f6n \u00e4r \u00f6ppen, flexibel och informell och best\u00e5r [&hellip;]\" \/>\n<meta property=\"og:url\" content=\"https:\/\/learningforlivingtogether.conform.it\/sv\/larmiljon\/\" \/>\n<meta property=\"og:site_name\" content=\"LEARNING FOR LIVING TOGETHER\" \/>\n<meta property=\"article:modified_time\" content=\"2019-05-11T21:25:18+00:00\" \/>\n<meta name=\"twitter:card\" content=\"summary_large_image\" \/>\n<meta name=\"twitter:label1\" content=\"Ber\u00e4knad l\u00e4stid\" \/>\n\t<meta name=\"twitter:data1\" content=\"2 minuter\" \/>\n<script type=\"application\/ld+json\" class=\"yoast-schema-graph\">{\"@context\":\"https:\/\/schema.org\",\"@graph\":[{\"@type\":\"WebPage\",\"@id\":\"https:\/\/learningforlivingtogether.conform.it\/sv\/larmiljon\/\",\"url\":\"https:\/\/learningforlivingtogether.conform.it\/sv\/larmiljon\/\",\"name\":\"L\u00c4RMILJ\u00d6N - LEARNING FOR LIVING TOGETHER\",\"isPartOf\":{\"@id\":\"https:\/\/learningforlivingtogether.conform.it\/#website\"},\"datePublished\":\"2019-05-11T19:20:09+00:00\",\"dateModified\":\"2019-05-11T21:25:18+00:00\",\"breadcrumb\":{\"@id\":\"https:\/\/learningforlivingtogether.conform.it\/sv\/larmiljon\/#breadcrumb\"},\"inLanguage\":\"sv-SE\",\"potentialAction\":[{\"@type\":\"ReadAction\",\"target\":[\"https:\/\/learningforlivingtogether.conform.it\/sv\/larmiljon\/\"]}]},{\"@type\":\"BreadcrumbList\",\"@id\":\"https:\/\/learningforlivingtogether.conform.it\/sv\/larmiljon\/#breadcrumb\",\"itemListElement\":[{\"@type\":\"ListItem\",\"position\":1,\"name\":\"Home\",\"item\":\"https:\/\/learningforlivingtogether.conform.it\/sv\/\"},{\"@type\":\"ListItem\",\"position\":2,\"name\":\"L\u00c4RMILJ\u00d6N\"}]},{\"@type\":\"WebSite\",\"@id\":\"https:\/\/learningforlivingtogether.conform.it\/#website\",\"url\":\"https:\/\/learningforlivingtogether.conform.it\/\",\"name\":\"LEARNING FOR LIVING TOGETHER\",\"description\":\"Erasmus+ Project\",\"potentialAction\":[{\"@type\":\"SearchAction\",\"target\":{\"@type\":\"EntryPoint\",\"urlTemplate\":\"https:\/\/learningforlivingtogether.conform.it\/?s={search_term_string}\"},\"query-input\":\"required name=search_term_string\"}],\"inLanguage\":\"sv-SE\"}]}<\/script>\n<!-- \/ Yoast SEO plugin. -->","yoast_head_json":{"title":"L\u00c4RMILJ\u00d6N - LEARNING FOR LIVING TOGETHER","robots":{"index":"index","follow":"follow","max-snippet":"max-snippet:-1","max-image-preview":"max-image-preview:large","max-video-preview":"max-video-preview:-1"},"canonical":"https:\/\/learningforlivingtogether.conform.it\/sv\/larmiljon\/","og_locale":"sv_SE","og_type":"article","og_title":"L\u00c4RMILJ\u00d6N - LEARNING FOR LIVING TOGETHER","og_description":"[vc_row css=&#8221;.vc_custom_1524069925478{padding-top: 50px !important;padding-bottom: 50px !important;}&#8221;][vc_column width=&#8221;1\/2&#8243; css=&#8221;.vc_custom_1524070171728{padding-right: 80px !important;padding-left: 80px !important;}&#8221;][vc_single_image image=&#8221;469&#8243; img_size=&#8221;full&#8221; alignment=&#8221;center&#8221;][vc_separator color=&#8221;custom&#8221; align=&#8221;align_right&#8221; border_width=&#8221;4&#8243; el_width=&#8221;50&#8243; accent_color=&#8221;#402950&#8243;][\/vc_column][vc_column width=&#8221;1\/2&#8243;][vc_custom_heading text=&#8221;L\u00e4rmilj\u00f6n&#8221; use_theme_fonts=&#8221;yes&#8221;][vc_separator color=&#8221;custom&#8221; align=&#8221;align_left&#8221; border_width=&#8221;6&#8243; el_width=&#8221;50&#8243; accent_color=&#8221;#e61d72&#8243;][vc_column_text] L\u00e4rmilj\u00f6n placerar anv\u00e4ndaren i centrum av flera olika relationer och drar nytta av kunskap som delas interaktivt med andra. L\u00e4rmilj\u00f6n \u00e4r \u00f6ppen, flexibel och informell och best\u00e5r [&hellip;]","og_url":"https:\/\/learningforlivingtogether.conform.it\/sv\/larmiljon\/","og_site_name":"LEARNING FOR LIVING TOGETHER","article_modified_time":"2019-05-11T21:25:18+00:00","twitter_card":"summary_large_image","twitter_misc":{"Ber\u00e4knad l\u00e4stid":"2 minuter"},"schema":{"@context":"https:\/\/schema.org","@graph":[{"@type":"WebPage","@id":"https:\/\/learningforlivingtogether.conform.it\/sv\/larmiljon\/","url":"https:\/\/learningforlivingtogether.conform.it\/sv\/larmiljon\/","name":"L\u00c4RMILJ\u00d6N - LEARNING FOR LIVING TOGETHER","isPartOf":{"@id":"https:\/\/learningforlivingtogether.conform.it\/#website"},"datePublished":"2019-05-11T19:20:09+00:00","dateModified":"2019-05-11T21:25:18+00:00","breadcrumb":{"@id":"https:\/\/learningforlivingtogether.conform.it\/sv\/larmiljon\/#breadcrumb"},"inLanguage":"sv-SE","potentialAction":[{"@type":"ReadAction","target":["https:\/\/learningforlivingtogether.conform.it\/sv\/larmiljon\/"]}]},{"@type":"BreadcrumbList","@id":"https:\/\/learningforlivingtogether.conform.it\/sv\/larmiljon\/#breadcrumb","itemListElement":[{"@type":"ListItem","position":1,"name":"Home","item":"https:\/\/learningforlivingtogether.conform.it\/sv\/"},{"@type":"ListItem","position":2,"name":"L\u00c4RMILJ\u00d6N"}]},{"@type":"WebSite","@id":"https:\/\/learningforlivingtogether.conform.it\/#website","url":"https:\/\/learningforlivingtogether.conform.it\/","name":"LEARNING FOR LIVING TOGETHER","description":"Erasmus+ Project","potentialAction":[{"@type":"SearchAction","target":{"@type":"EntryPoint","urlTemplate":"https:\/\/learningforlivingtogether.conform.it\/?s={search_term_string}"},"query-input":"required name=search_term_string"}],"inLanguage":"sv-SE"}]}},"_links":{"self":[{"href":"https:\/\/learningforlivingtogether.conform.it\/sv\/wp-json\/wp\/v2\/pages\/968"}],"collection":[{"href":"https:\/\/learningforlivingtogether.conform.it\/sv\/wp-json\/wp\/v2\/pages"}],"about":[{"href":"https:\/\/learningforlivingtogether.conform.it\/sv\/wp-json\/wp\/v2\/types\/page"}],"author":[{"embeddable":true,"href":"https:\/\/learningforlivingtogether.conform.it\/sv\/wp-json\/wp\/v2\/users\/3"}],"replies":[{"embeddable":true,"href":"https:\/\/learningforlivingtogether.conform.it\/sv\/wp-json\/wp\/v2\/comments?post=968"}],"version-history":[{"count":9,"href":"https:\/\/learningforlivingtogether.conform.it\/sv\/wp-json\/wp\/v2\/pages\/968\/revisions"}],"predecessor-version":[{"id":1002,"href":"https:\/\/learningforlivingtogether.conform.it\/sv\/wp-json\/wp\/v2\/pages\/968\/revisions\/1002"}],"wp:attachment":[{"href":"https:\/\/learningforlivingtogether.conform.it\/sv\/wp-json\/wp\/v2\/media?parent=968"}],"curies":[{"name":"wp","href":"https:\/\/api.w.org\/{rel}","templated":true}]}}