{"id":998,"date":"2019-05-11T21:23:20","date_gmt":"2019-05-11T21:23:20","guid":{"rendered":"https:\/\/learningforlivingtogether.conform.it\/?page_id=998"},"modified":"2019-09-23T15:06:56","modified_gmt":"2019-09-23T15:06:56","slug":"ovrigt-material","status":"publish","type":"page","link":"https:\/\/learningforlivingtogether.conform.it\/sv\/larmiljon\/ovrigt-material\/","title":{"rendered":"\u00d6vrigt material"},"content":{"rendered":"<section class=\"wpb-content-wrapper\"><p>[vc_row css=&#8221;.vc_custom_1524069925478{padding-top: 50px !important;padding-bottom: 50px !important;}&#8221;][vc_column width=&#8221;1\/2&#8243; css=&#8221;.vc_custom_1524070171728{padding-right: 80px !important;padding-left: 80px !important;}&#8221;][vc_single_image image=&#8221;469&#8243; img_size=&#8221;full&#8221; alignment=&#8221;center&#8221;][vc_separator color=&#8221;custom&#8221; align=&#8221;align_right&#8221; border_width=&#8221;4&#8243; el_width=&#8221;50&#8243; accent_color=&#8221;#402950&#8243;][\/vc_column][vc_column width=&#8221;1\/2&#8243;][vc_custom_heading text=&#8221; \u00d6vrigt material&#8221; use_theme_fonts=&#8221;yes&#8221;][vc_separator color=&#8221;custom&#8221; align=&#8221;align_left&#8221; border_width=&#8221;4&#8243; el_width=&#8221;50&#8243; accent_color=&#8221;#e61d72&#8243;][vc_single_image image=&#8221;712&#8243; img_size=&#8221;160&#215;160&#8243;][\/vc_column][\/vc_row][vc_row full_width=&#8221;stretch_row&#8221; css=&#8221;.vc_custom_1569238471760{background-color: #eaeaea !important;}&#8221;][vc_column][vc_empty_space height=&#8221;40px&#8221;][vc_custom_heading text=&#8221;ANV\u00c4NDLIGA L\u00c4NKAR&#8221; use_theme_fonts=&#8221;yes&#8221;][vc_separator color=&#8221;custom&#8221; align=&#8221;align_left&#8221; border_width=&#8221;4&#8243; el_width=&#8221;50&#8243; accent_color=&#8221;#dd9933&#8243;][vc_empty_space height=&#8221;40px&#8221;][\/vc_column][\/vc_row][vc_row full_width=&#8221;stretch_row&#8221; css=&#8221;.vc_custom_1567684656450{background-color: #eaeaea !important;}&#8221;][vc_column width=&#8221;1\/3&#8243;][vc_column_text]<strong>Ny i Sverige<\/strong><\/p>\n<p>Information om Sverige f\u00f6r dig som \u00e4r asyls\u00f6kande[\/vc_column_text][vc_empty_space height=&#8221;40px&#8221;][vc_row_inner][vc_column_inner width=&#8221;1\/4&#8243;][vc_separator color=&#8221;custom&#8221; align=&#8221;align_left&#8221; border_width=&#8221;4&#8243; el_width=&#8221;70&#8243; accent_color=&#8221;#dd9933&#8243;][\/vc_column_inner][vc_column_inner width=&#8221;3\/4&#8243;][vc_btn title=&#8221;L\u00e4s mer&#8221; style=&#8221;custom&#8221; custom_background=&#8221;#dd9933&#8243; custom_text=&#8221;#f2f2f2&#8243; shape=&#8221;square&#8221; i_icon_fontawesome=&#8221;fa fa-sign-in&#8221; add_icon=&#8221;true&#8221; link=&#8221;url:https%3A%2F%2Fwww.informationsverige.se%2Fsv%2Fmer-om-sverige%2Flara-svenska%2F||target:%20_blank|&#8221;][\/vc_column_inner][\/vc_row_inner][\/vc_column][vc_column width=&#8221;1\/3&#8243;][vc_column_text]<strong>Ny i \u00d6sterg\u00f6tland<\/strong><\/p>\n<p>Webbplatsen ska fungera som en guide f\u00f6r dig som vill veta hur det svenska samh\u00e4llet fungerar och vart du kan v\u00e4nda dig med dina fr\u00e5gor.[\/vc_column_text][vc_row_inner][vc_column_inner width=&#8221;1\/4&#8243;][vc_separator color=&#8221;custom&#8221; align=&#8221;align_left&#8221; border_width=&#8221;4&#8243; el_width=&#8221;70&#8243; accent_color=&#8221;#dd9933&#8243;][\/vc_column_inner][vc_column_inner width=&#8221;3\/4&#8243;][vc_btn title=&#8221;L\u00e4s mer&#8221; style=&#8221;custom&#8221; custom_background=&#8221;#dd9933&#8243; custom_text=&#8221;#f2f2f2&#8243; shape=&#8221;square&#8221; i_icon_fontawesome=&#8221;fa fa-sign-in&#8221; add_icon=&#8221;true&#8221; link=&#8221;url:http%3A%2F%2Fwww.nyiostergotland.nu%2F||target:%20_blank|&#8221;][\/vc_column_inner][\/vc_row_inner][\/vc_column][vc_column width=&#8221;1\/3&#8243;][vc_column_text]<strong>Lexikon<\/strong><\/p>\n<p>H\u00e4r hittar du lexikon p\u00e5 femton minoritetsspr\u00e5k, men \u00e4ven bildmaterial och kortare videofilmer. Lexikon i bokform finns p\u00e5 f\u00f6ljande spr\u00e5k och kan best\u00e4llas[\/vc_column_text][vc_row_inner][vc_column_inner width=&#8221;1\/4&#8243;][vc_separator color=&#8221;custom&#8221; align=&#8221;align_left&#8221; border_width=&#8221;4&#8243; el_width=&#8221;70&#8243; accent_color=&#8221;#dd9933&#8243;][\/vc_column_inner][vc_column_inner width=&#8221;3\/4&#8243;][vc_btn title=&#8221;L\u00e4s mer&#8221; style=&#8221;custom&#8221; custom_background=&#8221;#dd9933&#8243; custom_text=&#8221;#f2f2f2&#8243; shape=&#8221;square&#8221; i_icon_fontawesome=&#8221;fa fa-sign-in&#8221; add_icon=&#8221;true&#8221; link=&#8221;url:http%3A%2F%2Flexin.nada.kth.se%2Flexin%2F%20||target:%20_blank|&#8221;][\/vc_column_inner][\/vc_row_inner][\/vc_column][\/vc_row][vc_row full_width=&#8221;stretch_row&#8221; css=&#8221;.vc_custom_1567684589767{background-color: #eaeaea !important;}&#8221;][vc_column][vc_empty_space height=&#8221;40px&#8221;][\/vc_column][\/vc_row][vc_row][vc_column][vc_empty_space height=&#8221;40px&#8221;][\/vc_column][\/vc_row][vc_row full_width=&#8221;stretch_row&#8221;][vc_column][vc_empty_space height=&#8221;40px&#8221;][vc_custom_heading text=&#8221;INTEGRATIONSHISTORIER&#8221; use_theme_fonts=&#8221;yes&#8221;][vc_separator color=&#8221;custom&#8221; align=&#8221;align_left&#8221; border_width=&#8221;4&#8243; el_width=&#8221;50&#8243; accent_color=&#8221;#e61d72&#8243;][vc_column_text]<\/p>\n<p>Videoupptagning av ett vittnesb\u00f6rd av en migrant som f\u00f6rklarar sin ankomst till Europa<\/p>\n<p>[\/vc_column_text][vc_empty_space height=&#8221;40px&#8221;][\/vc_column][\/vc_row][vc_row][vc_column width=&#8221;1\/2&#8243;][vc_column_text]<\/p>\n<p><strong>Clip 1 &#8211; Sverige<\/strong><\/p>\n<p style=\"text-align: justify;\">En invandrare videohistoria<\/p>\n<p>[\/vc_column_text][vc_separator color=&#8221;custom&#8221; align=&#8221;align_left&#8221; border_width=&#8221;6&#8243; el_width=&#8221;70&#8243; accent_color=&#8221;#e61d72&#8243;][vc_video link=&#8221;https:\/\/youtu.be\/ioRzeNLm2Fs&#8221; align=&#8221;center&#8221;][\/vc_column][vc_column width=&#8221;1\/2&#8243;][vc_column_text]<\/p>\n<p><strong>Clip 2 &#8211; Italien<\/strong><\/p>\n<p style=\"text-align: justify;\">En invandrare videohistoria<\/p>\n<p>[\/vc_column_text][vc_separator color=&#8221;custom&#8221; align=&#8221;align_left&#8221; border_width=&#8221;6&#8243; el_width=&#8221;70&#8243; accent_color=&#8221;#e61d72&#8243;][vc_video link=&#8221;https:\/\/youtu.be\/FMRJGTpCdHE&#8221; align=&#8221;center&#8221;][\/vc_column][\/vc_row][vc_row][vc_column][vc_empty_space height=&#8221;40px&#8221;][\/vc_column][\/vc_row][vc_row][vc_column width=&#8221;1\/2&#8243;][vc_column_text]<\/p>\n<p><strong>Clip 3 &#8211; Lettland<\/strong><\/p>\n<p style=\"text-align: justify;\">En invandrare videohistoria<\/p>\n<p>[\/vc_column_text][vc_separator color=&#8221;custom&#8221; align=&#8221;align_left&#8221; border_width=&#8221;6&#8243; el_width=&#8221;70&#8243; accent_color=&#8221;#e61d72&#8243;][vc_video link=&#8221;https:\/\/youtu.be\/V-uHF2dCFDc&#8221; align=&#8221;center&#8221;][\/vc_column][vc_column width=&#8221;1\/2&#8243;][vc_column_text]<\/p>\n<p><strong>Clip 4 &#8211; Sverige<\/strong><\/p>\n<p style=\"text-align: justify;\">En invandrare videohistoria<\/p>\n<p>[\/vc_column_text][vc_separator color=&#8221;custom&#8221; align=&#8221;align_left&#8221; border_width=&#8221;6&#8243; el_width=&#8221;70&#8243; accent_color=&#8221;#e61d72&#8243;][vc_video link=&#8221;https:\/\/youtu.be\/jcptC50jajs&#8221; align=&#8221;center&#8221;][\/vc_column][\/vc_row][vc_row][vc_column][vc_empty_space height=&#8221;40px&#8221;][\/vc_column][\/vc_row][vc_row][vc_column width=&#8221;1\/2&#8243;][vc_column_text]<\/p>\n<p><strong>Clip 5 &#8211; Italien<\/strong><\/p>\n<p style=\"text-align: justify;\">En invandrare videohistoria<\/p>\n<p>[\/vc_column_text][vc_separator color=&#8221;custom&#8221; align=&#8221;align_left&#8221; border_width=&#8221;6&#8243; el_width=&#8221;70&#8243; accent_color=&#8221;#e61d72&#8243;][vc_video link=&#8221;https:\/\/youtu.be\/BmsU0o7T6Ys&#8221; align=&#8221;center&#8221;][\/vc_column][vc_column width=&#8221;1\/2&#8243;][\/vc_column][\/vc_row][vc_row][vc_column][vc_empty_space height=&#8221;40px&#8221;][\/vc_column][\/vc_row]<\/p>\n<\/section>","protected":false},"excerpt":{"rendered":"<p>[vc_row css=&#8221;.vc_custom_1524069925478{padding-top: 50px !important;padding-bottom: 50px !important;}&#8221;][vc_column width=&#8221;1\/2&#8243; css=&#8221;.vc_custom_1524070171728{padding-right: 80px !important;padding-left: 80px !important;}&#8221;][vc_single_image image=&#8221;469&#8243; img_size=&#8221;full&#8221; alignment=&#8221;center&#8221;][vc_separator color=&#8221;custom&#8221; align=&#8221;align_right&#8221; border_width=&#8221;4&#8243; el_width=&#8221;50&#8243; accent_color=&#8221;#402950&#8243;][\/vc_column][vc_column width=&#8221;1\/2&#8243;][vc_custom_heading text=&#8221; \u00d6vrigt material&#8221; use_theme_fonts=&#8221;yes&#8221;][vc_separator color=&#8221;custom&#8221; align=&#8221;align_left&#8221; border_width=&#8221;4&#8243; el_width=&#8221;50&#8243; accent_color=&#8221;#e61d72&#8243;][vc_single_image image=&#8221;712&#8243; img_size=&#8221;160&#215;160&#8243;][\/vc_column][\/vc_row][vc_row full_width=&#8221;stretch_row&#8221; css=&#8221;.vc_custom_1569238471760{background-color: #eaeaea !important;}&#8221;][vc_column][vc_empty_space height=&#8221;40px&#8221;][vc_custom_heading text=&#8221;ANV\u00c4NDLIGA L\u00c4NKAR&#8221; use_theme_fonts=&#8221;yes&#8221;][vc_separator color=&#8221;custom&#8221; align=&#8221;align_left&#8221; border_width=&#8221;4&#8243; el_width=&#8221;50&#8243; accent_color=&#8221;#dd9933&#8243;][vc_empty_space height=&#8221;40px&#8221;][\/vc_column][\/vc_row][vc_row full_width=&#8221;stretch_row&#8221; css=&#8221;.vc_custom_1567684656450{background-color: #eaeaea !important;}&#8221;][vc_column width=&#8221;1\/3&#8243;][vc_column_text]Ny i Sverige Information om [&hellip;]<\/p>\n","protected":false},"author":3,"featured_media":0,"parent":968,"menu_order":0,"comment_status":"closed","ping_status":"closed","template":"","meta":[],"yoast_head":"<!-- This site is optimized with the Yoast SEO plugin v20.1 - https:\/\/yoast.com\/wordpress\/plugins\/seo\/ -->\n<title>\u00d6vrigt material - LEARNING FOR LIVING TOGETHER<\/title>\n<meta name=\"robots\" content=\"index, follow, max-snippet:-1, max-image-preview:large, max-video-preview:-1\" \/>\n<link rel=\"canonical\" href=\"https:\/\/learningforlivingtogether.conform.it\/sv\/larmiljon\/ovrigt-material\/\" \/>\n<meta property=\"og:locale\" content=\"sv_SE\" \/>\n<meta property=\"og:type\" content=\"article\" \/>\n<meta property=\"og:title\" content=\"\u00d6vrigt material - LEARNING FOR LIVING TOGETHER\" \/>\n<meta property=\"og:description\" content=\"[vc_row css=&#8221;.vc_custom_1524069925478{padding-top: 50px !important;padding-bottom: 50px !important;}&#8221;][vc_column width=&#8221;1\/2&#8243; css=&#8221;.vc_custom_1524070171728{padding-right: 80px !important;padding-left: 80px !important;}&#8221;][vc_single_image image=&#8221;469&#8243; img_size=&#8221;full&#8221; alignment=&#8221;center&#8221;][vc_separator color=&#8221;custom&#8221; align=&#8221;align_right&#8221; border_width=&#8221;4&#8243; el_width=&#8221;50&#8243; accent_color=&#8221;#402950&#8243;][\/vc_column][vc_column width=&#8221;1\/2&#8243;][vc_custom_heading text=&#8221; \u00d6vrigt material&#8221; use_theme_fonts=&#8221;yes&#8221;][vc_separator color=&#8221;custom&#8221; align=&#8221;align_left&#8221; border_width=&#8221;4&#8243; el_width=&#8221;50&#8243; accent_color=&#8221;#e61d72&#8243;][vc_single_image image=&#8221;712&#8243; img_size=&#8221;160&#215;160&#8243;][\/vc_column][\/vc_row][vc_row full_width=&#8221;stretch_row&#8221; css=&#8221;.vc_custom_1569238471760{background-color: #eaeaea !important;}&#8221;][vc_column][vc_empty_space height=&#8221;40px&#8221;][vc_custom_heading text=&#8221;ANV\u00c4NDLIGA L\u00c4NKAR&#8221; use_theme_fonts=&#8221;yes&#8221;][vc_separator color=&#8221;custom&#8221; align=&#8221;align_left&#8221; border_width=&#8221;4&#8243; el_width=&#8221;50&#8243; accent_color=&#8221;#dd9933&#8243;][vc_empty_space height=&#8221;40px&#8221;][\/vc_column][\/vc_row][vc_row full_width=&#8221;stretch_row&#8221; css=&#8221;.vc_custom_1567684656450{background-color: #eaeaea !important;}&#8221;][vc_column width=&#8221;1\/3&#8243;][vc_column_text]Ny i Sverige Information om [&hellip;]\" \/>\n<meta property=\"og:url\" content=\"https:\/\/learningforlivingtogether.conform.it\/sv\/larmiljon\/ovrigt-material\/\" \/>\n<meta property=\"og:site_name\" content=\"LEARNING FOR LIVING TOGETHER\" \/>\n<meta property=\"article:modified_time\" content=\"2019-09-23T15:06:56+00:00\" \/>\n<meta name=\"twitter:card\" content=\"summary_large_image\" \/>\n<meta name=\"twitter:label1\" content=\"Ber\u00e4knad l\u00e4stid\" \/>\n\t<meta name=\"twitter:data1\" content=\"4 minuter\" \/>\n<script type=\"application\/ld+json\" class=\"yoast-schema-graph\">{\"@context\":\"https:\/\/schema.org\",\"@graph\":[{\"@type\":\"WebPage\",\"@id\":\"https:\/\/learningforlivingtogether.conform.it\/sv\/larmiljon\/ovrigt-material\/\",\"url\":\"https:\/\/learningforlivingtogether.conform.it\/sv\/larmiljon\/ovrigt-material\/\",\"name\":\"\u00d6vrigt material - LEARNING FOR LIVING TOGETHER\",\"isPartOf\":{\"@id\":\"https:\/\/learningforlivingtogether.conform.it\/#website\"},\"datePublished\":\"2019-05-11T21:23:20+00:00\",\"dateModified\":\"2019-09-23T15:06:56+00:00\",\"breadcrumb\":{\"@id\":\"https:\/\/learningforlivingtogether.conform.it\/sv\/larmiljon\/ovrigt-material\/#breadcrumb\"},\"inLanguage\":\"sv-SE\",\"potentialAction\":[{\"@type\":\"ReadAction\",\"target\":[\"https:\/\/learningforlivingtogether.conform.it\/sv\/larmiljon\/ovrigt-material\/\"]}]},{\"@type\":\"BreadcrumbList\",\"@id\":\"https:\/\/learningforlivingtogether.conform.it\/sv\/larmiljon\/ovrigt-material\/#breadcrumb\",\"itemListElement\":[{\"@type\":\"ListItem\",\"position\":1,\"name\":\"Home\",\"item\":\"https:\/\/learningforlivingtogether.conform.it\/sv\/\"},{\"@type\":\"ListItem\",\"position\":2,\"name\":\"L\u00c4RMILJ\u00d6N\",\"item\":\"https:\/\/learningforlivingtogether.conform.it\/sv\/larmiljon\/\"},{\"@type\":\"ListItem\",\"position\":3,\"name\":\"\u00d6vrigt material\"}]},{\"@type\":\"WebSite\",\"@id\":\"https:\/\/learningforlivingtogether.conform.it\/#website\",\"url\":\"https:\/\/learningforlivingtogether.conform.it\/\",\"name\":\"LEARNING FOR LIVING TOGETHER\",\"description\":\"Erasmus+ Project\",\"potentialAction\":[{\"@type\":\"SearchAction\",\"target\":{\"@type\":\"EntryPoint\",\"urlTemplate\":\"https:\/\/learningforlivingtogether.conform.it\/?s={search_term_string}\"},\"query-input\":\"required name=search_term_string\"}],\"inLanguage\":\"sv-SE\"}]}<\/script>\n<!-- \/ Yoast SEO plugin. -->","yoast_head_json":{"title":"\u00d6vrigt material - LEARNING FOR LIVING TOGETHER","robots":{"index":"index","follow":"follow","max-snippet":"max-snippet:-1","max-image-preview":"max-image-preview:large","max-video-preview":"max-video-preview:-1"},"canonical":"https:\/\/learningforlivingtogether.conform.it\/sv\/larmiljon\/ovrigt-material\/","og_locale":"sv_SE","og_type":"article","og_title":"\u00d6vrigt material - LEARNING FOR LIVING TOGETHER","og_description":"[vc_row css=&#8221;.vc_custom_1524069925478{padding-top: 50px !important;padding-bottom: 50px !important;}&#8221;][vc_column width=&#8221;1\/2&#8243; css=&#8221;.vc_custom_1524070171728{padding-right: 80px !important;padding-left: 80px !important;}&#8221;][vc_single_image image=&#8221;469&#8243; img_size=&#8221;full&#8221; alignment=&#8221;center&#8221;][vc_separator color=&#8221;custom&#8221; align=&#8221;align_right&#8221; border_width=&#8221;4&#8243; el_width=&#8221;50&#8243; accent_color=&#8221;#402950&#8243;][\/vc_column][vc_column width=&#8221;1\/2&#8243;][vc_custom_heading text=&#8221; \u00d6vrigt material&#8221; use_theme_fonts=&#8221;yes&#8221;][vc_separator color=&#8221;custom&#8221; align=&#8221;align_left&#8221; border_width=&#8221;4&#8243; el_width=&#8221;50&#8243; accent_color=&#8221;#e61d72&#8243;][vc_single_image image=&#8221;712&#8243; img_size=&#8221;160&#215;160&#8243;][\/vc_column][\/vc_row][vc_row full_width=&#8221;stretch_row&#8221; css=&#8221;.vc_custom_1569238471760{background-color: #eaeaea !important;}&#8221;][vc_column][vc_empty_space height=&#8221;40px&#8221;][vc_custom_heading text=&#8221;ANV\u00c4NDLIGA L\u00c4NKAR&#8221; use_theme_fonts=&#8221;yes&#8221;][vc_separator color=&#8221;custom&#8221; align=&#8221;align_left&#8221; border_width=&#8221;4&#8243; el_width=&#8221;50&#8243; accent_color=&#8221;#dd9933&#8243;][vc_empty_space height=&#8221;40px&#8221;][\/vc_column][\/vc_row][vc_row full_width=&#8221;stretch_row&#8221; css=&#8221;.vc_custom_1567684656450{background-color: #eaeaea !important;}&#8221;][vc_column width=&#8221;1\/3&#8243;][vc_column_text]Ny i Sverige Information om [&hellip;]","og_url":"https:\/\/learningforlivingtogether.conform.it\/sv\/larmiljon\/ovrigt-material\/","og_site_name":"LEARNING FOR LIVING TOGETHER","article_modified_time":"2019-09-23T15:06:56+00:00","twitter_card":"summary_large_image","twitter_misc":{"Ber\u00e4knad l\u00e4stid":"4 minuter"},"schema":{"@context":"https:\/\/schema.org","@graph":[{"@type":"WebPage","@id":"https:\/\/learningforlivingtogether.conform.it\/sv\/larmiljon\/ovrigt-material\/","url":"https:\/\/learningforlivingtogether.conform.it\/sv\/larmiljon\/ovrigt-material\/","name":"\u00d6vrigt material - LEARNING FOR LIVING TOGETHER","isPartOf":{"@id":"https:\/\/learningforlivingtogether.conform.it\/#website"},"datePublished":"2019-05-11T21:23:20+00:00","dateModified":"2019-09-23T15:06:56+00:00","breadcrumb":{"@id":"https:\/\/learningforlivingtogether.conform.it\/sv\/larmiljon\/ovrigt-material\/#breadcrumb"},"inLanguage":"sv-SE","potentialAction":[{"@type":"ReadAction","target":["https:\/\/learningforlivingtogether.conform.it\/sv\/larmiljon\/ovrigt-material\/"]}]},{"@type":"BreadcrumbList","@id":"https:\/\/learningforlivingtogether.conform.it\/sv\/larmiljon\/ovrigt-material\/#breadcrumb","itemListElement":[{"@type":"ListItem","position":1,"name":"Home","item":"https:\/\/learningforlivingtogether.conform.it\/sv\/"},{"@type":"ListItem","position":2,"name":"L\u00c4RMILJ\u00d6N","item":"https:\/\/learningforlivingtogether.conform.it\/sv\/larmiljon\/"},{"@type":"ListItem","position":3,"name":"\u00d6vrigt material"}]},{"@type":"WebSite","@id":"https:\/\/learningforlivingtogether.conform.it\/#website","url":"https:\/\/learningforlivingtogether.conform.it\/","name":"LEARNING FOR LIVING TOGETHER","description":"Erasmus+ Project","potentialAction":[{"@type":"SearchAction","target":{"@type":"EntryPoint","urlTemplate":"https:\/\/learningforlivingtogether.conform.it\/?s={search_term_string}"},"query-input":"required name=search_term_string"}],"inLanguage":"sv-SE"}]}},"_links":{"self":[{"href":"https:\/\/learningforlivingtogether.conform.it\/sv\/wp-json\/wp\/v2\/pages\/998"}],"collection":[{"href":"https:\/\/learningforlivingtogether.conform.it\/sv\/wp-json\/wp\/v2\/pages"}],"about":[{"href":"https:\/\/learningforlivingtogether.conform.it\/sv\/wp-json\/wp\/v2\/types\/page"}],"author":[{"embeddable":true,"href":"https:\/\/learningforlivingtogether.conform.it\/sv\/wp-json\/wp\/v2\/users\/3"}],"replies":[{"embeddable":true,"href":"https:\/\/learningforlivingtogether.conform.it\/sv\/wp-json\/wp\/v2\/comments?post=998"}],"version-history":[{"count":12,"href":"https:\/\/learningforlivingtogether.conform.it\/sv\/wp-json\/wp\/v2\/pages\/998\/revisions"}],"predecessor-version":[{"id":1090,"href":"https:\/\/learningforlivingtogether.conform.it\/sv\/wp-json\/wp\/v2\/pages\/998\/revisions\/1090"}],"up":[{"embeddable":true,"href":"https:\/\/learningforlivingtogether.conform.it\/sv\/wp-json\/wp\/v2\/pages\/968"}],"wp:attachment":[{"href":"https:\/\/learningforlivingtogether.conform.it\/sv\/wp-json\/wp\/v2\/media?parent=998"}],"curies":[{"name":"wp","href":"https:\/\/api.w.org\/{rel}","templated":true}]}}